{"id":10116,"date":"2020-03-24T09:43:29","date_gmt":"2020-03-24T08:43:29","guid":{"rendered":"http:\/\/zs3.rybnik.pl\/www\/?page_id=10116"},"modified":"2024-10-03T21:28:18","modified_gmt":"2024-10-03T19:28:18","slug":"informatyka","status":"publish","type":"page","link":"https:\/\/zs3.rybnik.pl\/www\/informatyka\/","title":{"rendered":"Informatyka"},"content":{"rendered":"<p>Dzie\u0144 dobry.<\/p>\n<p>Poni\u017cej zamieszczam link do dysku zawieraj\u0105cego materia\u0142y edukacyjne z informatyki i techniki.<\/p>\n<p><a href=\"https:\/\/drive.google.com\/open?id=1mHKm0eVPZyQl4ilqEFFWtbCzyT6s8Jx9\">Materia\u0142y edukacyjne<\/a><\/p>\n<p><strong>Nauczanie zdalne!!!<\/strong><\/p>\n<p style=\"text-align: justify;\">Informuj\u0119, i\u017c w czasie nauki prowadzonej zdalnie wszystkie pliki z&nbsp;rozwi\u0105zaniami zada\u0144 prosz\u0119 przesy\u0142a\u0107 na adres&nbsp;<a href=\"mailto:informatyka_zs3@op.pl\">informatyka_zs3@op.pl<\/a><\/p>\n<p><strong>Uwaga!!!<\/strong><\/p>\n<p style=\"text-align: justify;\">W adresie pomi\u0119dzy wyrazami &#8222;informatyka&#8221;, a &#8222;zs3&#8221; jest<strong> znak<\/strong>&nbsp;<strong>podkre\u015blenia<\/strong>&nbsp;(informatyka_zs3)!!!<\/p>\n<p style=\"text-align: justify;\">W zwi\u0105zku z ogromn\u0105 ilo\u015bci\u0105 wiadomo\u015bci przesy\u0142anych na skrzynk\u0119 o wy\u017cej wymienionym adresie ustalam nast\u0119puj\u0105ce regu\u0142y dotycz\u0105ce formy tematu wiadomo\u015bci. Temat ten powinien mie\u0107 nast\u0119puj\u0105c\u0105 posta\u0107:<\/p>\n<p><strong>LO05_klasa_Imi\u0119_Nazwisko<\/strong>&nbsp;\u2013 uczniowie V LO<\/p>\n<p>np. LO05_IA_Adam_LICEALNY \u2013 Adam LICEALNY to ucze\u0144 klasy IA V LO<\/p>\n<p><strong>SP31_klasa_Imi\u0119_Nazwisko<\/strong>&nbsp;\u2013 &nbsp;uczniowie SP 31<\/p>\n<p>np. SP31_7A_Adam_PODSTAWOWY \u2013 Adam PODSTAWOWY to ucze\u0144 klasy 7A SP 31<\/p>\n<p><strong>Bardzo wa\u017cne!!!<\/strong><\/p>\n<p style=\"text-align: justify;\">Informuj\u0119, i\u017c przesy\u0142ki o tematach innych czy te\u017c niezgodnych z przedstawionymi wy\u017cej formami nie b\u0119d\u0105 sprawdzane i zostan\u0105 potraktowane jako niedostarczone.<\/p>\n<p>Marek WZI\u0118TEK<\/p>\n<p style=\"line-height: 18.0pt;\">&nbsp;<\/p>\n","protected":false},"excerpt":{"rendered":"<p>Dzie\u0144 dobry. Poni\u017cej zamieszczam link do dysku zawieraj\u0105cego materia\u0142y edukacyjne z informatyki i techniki. Materia\u0142y edukacyjne Nauczanie zdalne!!! Informuj\u0119, i\u017c w czasie nauki prowadzonej zdalnie wszystkie pliki z&nbsp;rozwi\u0105zaniami zada\u0144 prosz\u0119 przesy\u0142a\u0107 na adres&nbsp;informatyka_zs3@op.pl Uwaga!!! W adresie pomi\u0119dzy wyrazami &#8222;informatyka&#8221;, a [&hellip;]<\/p>\n","protected":false},"author":2,"featured_media":0,"parent":0,"menu_order":0,"comment_status":"closed","ping_status":"closed","template":"","meta":{"ngg_post_thumbnail":0},"_links":{"self":[{"href":"https:\/\/zs3.rybnik.pl\/www\/wp-json\/wp\/v2\/pages\/10116"}],"collection":[{"href":"https:\/\/zs3.rybnik.pl\/www\/wp-json\/wp\/v2\/pages"}],"about":[{"href":"https:\/\/zs3.rybnik.pl\/www\/wp-json\/wp\/v2\/types\/page"}],"author":[{"embeddable":true,"href":"https:\/\/zs3.rybnik.pl\/www\/wp-json\/wp\/v2\/users\/2"}],"replies":[{"embeddable":true,"href":"https:\/\/zs3.rybnik.pl\/www\/wp-json\/wp\/v2\/comments?post=10116"}],"version-history":[{"count":19,"href":"https:\/\/zs3.rybnik.pl\/www\/wp-json\/wp\/v2\/pages\/10116\/revisions"}],"predecessor-version":[{"id":17526,"href":"https:\/\/zs3.rybnik.pl\/www\/wp-json\/wp\/v2\/pages\/10116\/revisions\/17526"}],"wp:attachment":[{"href":"https:\/\/zs3.rybnik.pl\/www\/wp-json\/wp\/v2\/media?parent=10116"}],"curies":[{"name":"wp","href":"https:\/\/api.w.org\/{rel}","templated":true}]}}