{"id":11223,"date":"2021-02-02T12:25:56","date_gmt":"2021-02-02T11:25:56","guid":{"rendered":"http:\/\/zs3.rybnik.pl\/www\/?page_id=11223"},"modified":"2021-02-02T12:25:56","modified_gmt":"2021-02-02T11:25:56","slug":"regulamin-wypozyczen-ksiazek-podczas-nauczania-zdalnego","status":"publish","type":"page","link":"https:\/\/zs3.rybnik.pl\/www\/regulamin-wypozyczen-ksiazek-podczas-nauczania-zdalnego\/","title":{"rendered":"Regulamin wypo\u017cycze\u0144 ksi\u0105\u017cek podczas nauczania zdalnego"},"content":{"rendered":"<p><div class='afi-document'><div class='afi-document-icon'><a href='https:\/\/zs3.rybnik.pl\/www\/wp-content\/uploads\/2021\/02\/Regulamin-wypo\u017cycze\u0144-ksi\u0105\u017cek_Nauczanie-zdalne.pdf'><img src='https:\/\/zs3.rybnik.pl\/www\/wp-content\/plugins\/attachment-file-icons\/mime\/pdf-icon.png'\/><\/a><\/div><div class='afi-document-link'><a href=\"https:\/\/zs3.rybnik.pl\/www\/wp-content\/uploads\/2021\/02\/Regulamin-wypo\u017cycze\u0144-ksi\u0105\u017cek_Nauczanie-zdalne.pdf\" target=\"_blank\">Regulamin wypo\u017cycze\u0144 i zwrot\u00f3w ksi\u0105\u017cek podczas nauczania zdalnego<\/a><\/div><\/div><div class='afi-clear'><\/div><\/p>\n","protected":false},"excerpt":{"rendered":"<p>Regulamin wypo\u017cycze\u0144 i zwrot\u00f3w ksi\u0105\u017cek podczas nauczania zdalnego<\/p>\n","protected":false},"author":7,"featured_media":0,"parent":0,"menu_order":0,"comment_status":"closed","ping_status":"closed","template":"","meta":{"ngg_post_thumbnail":0},"_links":{"self":[{"href":"https:\/\/zs3.rybnik.pl\/www\/wp-json\/wp\/v2\/pages\/11223"}],"collection":[{"href":"https:\/\/zs3.rybnik.pl\/www\/wp-json\/wp\/v2\/pages"}],"about":[{"href":"https:\/\/zs3.rybnik.pl\/www\/wp-json\/wp\/v2\/types\/page"}],"author":[{"embeddable":true,"href":"https:\/\/zs3.rybnik.pl\/www\/wp-json\/wp\/v2\/users\/7"}],"replies":[{"embeddable":true,"href":"https:\/\/zs3.rybnik.pl\/www\/wp-json\/wp\/v2\/comments?post=11223"}],"version-history":[{"count":1,"href":"https:\/\/zs3.rybnik.pl\/www\/wp-json\/wp\/v2\/pages\/11223\/revisions"}],"predecessor-version":[{"id":11225,"href":"https:\/\/zs3.rybnik.pl\/www\/wp-json\/wp\/v2\/pages\/11223\/revisions\/11225"}],"wp:attachment":[{"href":"https:\/\/zs3.rybnik.pl\/www\/wp-json\/wp\/v2\/media?parent=11223"}],"curies":[{"name":"wp","href":"https:\/\/api.w.org\/{rel}","templated":true}]}}