{"id":11387,"date":"2021-03-23T19:36:48","date_gmt":"2021-03-23T18:36:48","guid":{"rendered":"https:\/\/zs3.rybnik.pl\/www\/?page_id=11387"},"modified":"2025-04-29T16:01:37","modified_gmt":"2025-04-29T14:01:37","slug":"sprawdziany-uzdolnien-kierunkowych","status":"publish","type":"page","link":"https:\/\/zs3.rybnik.pl\/www\/sprawdziany-uzdolnien-kierunkowych\/","title":{"rendered":"Sprawdziany uzdolnie\u0144 kierunkowych"},"content":{"rendered":"\n<p class=\"has-text-align-left\"><\/p>\n\n\n\n<p><a href=\"https:\/\/zs3.rybnik.pl\/www\/profile-klas\/\" data-type=\"URL\" data-id=\"https:\/\/zs3.rybnik.pl\/www\/profile-klas\/\">Oferta edukacyjna<\/a><\/p>\n\n\n\n<div class=\"wp-block-file\"><div class='afi-document'><div class='afi-document-icon'><a href='https:\/\/zs3.rybnik.pl\/www\/wp-content\/uploads\/2021\/04\/PZPN_-_ZESTAW_PROB_SPRAWNOSCI_FIZYCZNEJ_DO_KLAS_O_PROFILU_PILKARSKIM_szkola_podstawowa_liceum_\u2013_w_okresie_panujacych_obostrzen_sanitarnych_zwiazanych_z_COVID-19_-_zatwierdzony-11.pdf'><img src='https:\/\/zs3.rybnik.pl\/www\/wp-content\/plugins\/attachment-file-icons\/mime\/pdf-icon.png'\/><\/a><\/div><div class='afi-document-link'><a href=\"https:\/\/zs3.rybnik.pl\/www\/wp-content\/uploads\/2021\/04\/PZPN_-_ZESTAW_PROB_SPRAWNOSCI_FIZYCZNEJ_DO_KLAS_O_PROFILU_PILKARSKIM_szkola_podstawowa_liceum_\u2013_w_okresie_panujacych_obostrzen_sanitarnych_zwiazanych_z_COVID-19_-_zatwierdzony-11.pdf\" target=\"_blank\" rel=\"noreferrer noopener\">Zestaw pr\u00f3b sprawno\u015bci fizycznej do klas o profilu pi\u0142karskim<\/a><\/div><\/div><div class='afi-clear'><\/div><\/div>\n\n\n\n<div class=\"wp-block-file\"><div class='afi-document'><div class='afi-document-icon'><a href='https:\/\/zs3.rybnik.pl\/www\/wp-content\/uploads\/2022\/05\/Zakres-i-opis-Prob-Sprawnosci-Fizycznej-dla-klas-o-profilu-siatkarskim.pdf'><img src='https:\/\/zs3.rybnik.pl\/www\/wp-content\/plugins\/attachment-file-icons\/mime\/pdf-icon.png'\/><\/a><\/div><div class='afi-document-link'><a href=\"https:\/\/zs3.rybnik.pl\/www\/wp-content\/uploads\/2022\/05\/Zakres-i-opis-Prob-Sprawnosci-Fizycznej-dla-klas-o-profilu-siatkarskim.pdf\" target=\"_blank\" rel=\"noreferrer noopener\">Zakres i opis Pr\u00f3b Sprawno\u015bci Fizycznej dla klas o profilu siatkarskim<\/a><\/div><\/div><div class='afi-clear'><\/div><\/div>\n\n\n\n<div class=\"wp-block-file\"><div class='afi-document'><div class='afi-document-icon'><a href='https:\/\/zs3.rybnik.pl\/www\/wp-content\/uploads\/2025\/04\/Regulamin-prob-sprawnosci-fizycznej-dla-kandydatow-do-oddzialu-przygotowania-wojskowego.pdf'><img src='https:\/\/zs3.rybnik.pl\/www\/wp-content\/plugins\/attachment-file-icons\/mime\/pdf-icon.png'\/><\/a><\/div><div class='afi-document-link'><a href=\"https:\/\/zs3.rybnik.pl\/www\/wp-content\/uploads\/2025\/04\/Regulamin-prob-sprawnosci-fizycznej-dla-kandydatow-do-oddzialu-przygotowania-wojskowego.pdf\" target=\"_blank\" rel=\"noreferrer noopener\">Regulamin pr\u00f3b sprawnosci fizycznej dla kandydat\u00f3w do oddzia\u0142u przygotowania wojskowego<\/a><\/div><\/div><div class='afi-clear'><\/div><\/div>\n\n\n\n<div class=\"wp-block-file\"><div class='afi-document'><div class='afi-document-icon'><a href='https:\/\/zs3.rybnik.pl\/www\/wp-content\/uploads\/2025\/04\/Zgoda-na-oddzial-przygotowania-wojskowego-na-strone.pdf'><img src='https:\/\/zs3.rybnik.pl\/www\/wp-content\/plugins\/attachment-file-icons\/mime\/pdf-icon.png'\/><\/a><\/div><div class='afi-document-link'><a href=\"https:\/\/zs3.rybnik.pl\/www\/wp-content\/uploads\/2025\/04\/Zgoda-na-oddzial-przygotowania-wojskowego-na-strone.pdf\" target=\"_blank\" rel=\"noreferrer noopener\">Zgoda na ucz\u0119szczanie do oddzia\u0142u przygotowania wojskowego<\/a><\/div><\/div><div class='afi-clear'><\/div><\/div>\n\n\n\n<div class=\"wp-block-file\"><div class='afi-document'><div class='afi-document-icon'><a href='https:\/\/zs3.rybnik.pl\/www\/wp-content\/uploads\/2025\/04\/Zgoda-na-oddzial-sportowy-na-strone.pdf'><img src='https:\/\/zs3.rybnik.pl\/www\/wp-content\/plugins\/attachment-file-icons\/mime\/pdf-icon.png'\/><\/a><\/div><div class='afi-document-link'><a href=\"https:\/\/zs3.rybnik.pl\/www\/wp-content\/uploads\/2025\/04\/Zgoda-na-oddzial-sportowy-na-strone.pdf\" target=\"_blank\" rel=\"noreferrer noopener\">Zgoda na ucz\u0119szczanie do oddzia\u0142u sportowego<\/a><\/div><\/div><div class='afi-clear'><\/div><\/div>\n\n\n\n<div class=\"wp-block-file\"><div class='afi-document'><div class='afi-document-icon'><a href='https:\/\/zs3.rybnik.pl\/www\/wp-content\/uploads\/2025\/04\/Orzeczenie-lekarskie-o-braku-przeciwwskazan-zdrowotnych-do-nauki-w-oddziale-Przygotowania-Wojskowego_sportowym.pdf'><img src='https:\/\/zs3.rybnik.pl\/www\/wp-content\/plugins\/attachment-file-icons\/mime\/pdf-icon.png'\/><\/a><\/div><div class='afi-document-link'><a href=\"https:\/\/zs3.rybnik.pl\/www\/wp-content\/uploads\/2025\/04\/Orzeczenie-lekarskie-o-braku-przeciwwskazan-zdrowotnych-do-nauki-w-oddziale-Przygotowania-Wojskowego_sportowym.pdf\" target=\"_blank\" rel=\"noreferrer noopener\">Orzeczenie lekarskie o braku przeciwwskaza\u0144 zdrowotnych do nauki w oddziale Przygotowania Wojskowego\/sportowym<\/a><\/div><\/div><div class='afi-clear'><\/div><\/div>\n\n\n\n<div class=\"wp-block-file\"><div class='afi-document'><div class='afi-document-icon'><a href='https:\/\/zs3.rybnik.pl\/www\/wp-content\/uploads\/2025\/04\/zgoda-na-proby-sprawnosciowe.pdf'><img src='https:\/\/zs3.rybnik.pl\/www\/wp-content\/plugins\/attachment-file-icons\/mime\/pdf-icon.png'\/><\/a><\/div><div class='afi-document-link'><a href=\"https:\/\/zs3.rybnik.pl\/www\/wp-content\/uploads\/2025\/04\/zgoda-na-proby-sprawnosciowe.pdf\" target=\"_blank\" rel=\"noreferrer noopener\">Zgoda rodzica\/opiekuna na udzia\u0142 w pr\u00f3bie sprawno\u015bci fizycznej<\/a><\/div><\/div><div class='afi-clear'><\/div><\/div>\n","protected":false},"excerpt":{"rendered":"<p>Oferta edukacyjna<\/p>\n","protected":false},"author":2,"featured_media":0,"parent":0,"menu_order":0,"comment_status":"closed","ping_status":"closed","template":"","meta":{"ngg_post_thumbnail":0},"_links":{"self":[{"href":"https:\/\/zs3.rybnik.pl\/www\/wp-json\/wp\/v2\/pages\/11387"}],"collection":[{"href":"https:\/\/zs3.rybnik.pl\/www\/wp-json\/wp\/v2\/pages"}],"about":[{"href":"https:\/\/zs3.rybnik.pl\/www\/wp-json\/wp\/v2\/types\/page"}],"author":[{"embeddable":true,"href":"https:\/\/zs3.rybnik.pl\/www\/wp-json\/wp\/v2\/users\/2"}],"replies":[{"embeddable":true,"href":"https:\/\/zs3.rybnik.pl\/www\/wp-json\/wp\/v2\/comments?post=11387"}],"version-history":[{"count":25,"href":"https:\/\/zs3.rybnik.pl\/www\/wp-json\/wp\/v2\/pages\/11387\/revisions"}],"predecessor-version":[{"id":18726,"href":"https:\/\/zs3.rybnik.pl\/www\/wp-json\/wp\/v2\/pages\/11387\/revisions\/18726"}],"wp:attachment":[{"href":"https:\/\/zs3.rybnik.pl\/www\/wp-json\/wp\/v2\/media?parent=11387"}],"curies":[{"name":"wp","href":"https:\/\/api.w.org\/{rel}","templated":true}]}}