{"id":11475,"date":"2021-04-15T11:28:52","date_gmt":"2021-04-15T09:28:52","guid":{"rendered":"https:\/\/zs3.rybnik.pl\/www\/?page_id=11475"},"modified":"2021-04-29T14:34:14","modified_gmt":"2021-04-29T12:34:14","slug":"zespol-szkol-nr-3-w-rybniku","status":"publish","type":"page","link":"https:\/\/zs3.rybnik.pl\/www\/zespol-szkol-nr-3-w-rybniku\/","title":{"rendered":"Zesp\u00f3\u0142 Szk\u00f3\u0142 nr 3 w Rybniku"},"content":{"rendered":"<h1 id=\"a11y-deklaracja\">Deklaracja dost\u0119pno\u015bci Zespo\u0142u Szk\u00f3\u0142 nr 3 w Rybniku<\/h1>\n\n\n<p><span id=\"a11y-podmiot\">Zesp\u00f3\u0142 Szk\u00f3\u0142 nr 3 w Rybniku<\/span> zobowi\u0105zuje si\u0119 zapewni\u0107 dost\u0119pno\u015b\u0107 swojej strony internetowej zgodnie z ustaw\u0105 z dnia 4 kwietnia 2019 r. o dost\u0119pno\u015bci cyfrowej stron internetowych i aplikacji mobilnych podmiot\u00f3w publicznych. <\/p>\n\n\n\n<p>O\u015bwiadczenie w sprawie dost\u0119pno\u015bci ma zastosowanie do strony internetowej <a href=\"https:\/\/zs3.rybnik.pl\/www\/\"><span id=\"a11y-url\">https:\/\/zs3.rybnik.pl\/www\/<\/span><\/a><\/p>\n\n\n\n<p><span id=\"a11y-data-publikacja\">Data publikacji strony internetowej: 02.10.2017 roku<\/span><\/p>\n\n\n\n<p><span id=\"a11y-data-aktualizacja\">Data ostatniej aktualizacji: 12.10.2020 roku<\/span>.<\/p>\n\n\n\n<p>Strona internetowa jest <span id=\"a11y-status\">cz\u0119\u015bciowo zgodna<\/span> z ustaw\u0105 o dost\u0119pno\u015bci cyfrowej stron internetowych i aplikacji mobilnych podmiot\u00f3w publicznych z powodu niezgodno\u015bci lub wy\u0142\u0105cze\u0144 wymienionych poni\u017cej.<\/p>\n\n\n\n<ul><li>Filmy nie posiadaj\u0105 napis\u00f3w dla os\u00f3b g\u0142uchoniemych.<\/li><li>Cz\u0119\u015b\u0107 plik\u00f3w (PDF, DOC itp.) nie jest dost\u0119pnych cyfrowo.<\/li><li>Mog\u0105 si\u0119 zdarzy\u0107 sytuacje, w kt\u00f3rych linki b\u0119d\u0105 si\u0119 otwiera\u0142y w nowym oknie nie informuj\u0105c o tym u\u017cytkownika.<\/li><li>Mog\u0105 si\u0119 zdarzy\u0107 sytuacje, w kt\u00f3rych tabele i nag\u0142\u00f3wki zosta\u0142y u\u017cyte w spos\u00f3b nieprawid\u0142owy lub nie zawieraj\u0105 w\u0142a\u015bciwej struktury.<\/li><li>Cz\u0119\u015bciowo zdj\u0119cia mog\u0105 nie posiada\u0107 alternatywnych opis\u00f3w.<\/li><\/ul>\n\n\n\n<p>Wi\u0119kszo\u015b\u0107 materia\u0142\u00f3w na stronie zosta\u0142a opublikowana przed wej\u015bciem w \u017cycie ustawy o dost\u0119pno\u015bci cyfrowej. Poprawianie dost\u0119pno\u015bci strony b\u0119dzie prowadzone sukcesywnie w ramach mo\u017cliwo\u015bci finansowych podmiotu publicznego.<\/p>\n\n\n\n<p>Strona internetowa jest cz\u0119\u015bciowo zgodna z Ustaw\u0105 z dnia 4 kwietnia 2019 r. o dost\u0119pno\u015bci cyfrowej stron internetowych i aplikacji mobilnych podmiot\u00f3w publicznych.&nbsp; O\u015bwiadczenie sporz\u0105dzono dnia <span id=\"a11y-data-sporzadzenie\">12.10.2020<\/span> roku. Deklaracj\u0119 sporz\u0105dzono na podstawie samooceny przeprowadzonej przez podmiot publiczny.<\/p>\n\n\n\n<p>Na stronie internetowej mo\u017cna korzysta\u0107 ze standardowych skr\u00f3t\u00f3w klawiaturowych.<\/p>\n\n\n\n<p><span id=\"a11y-ocena\">Ocen\u0119 dost\u0119pno\u015bci cyfrowej dokonano na podstawie samooceny przeprowadzonej przez podmiot publiczny przy u\u017cyciu walidatora dost\u0119pno\u015bci stron, kt\u00f3ry dost\u0119pny jest pod adresem: https:\/\/validator.utilitia.pl. Na dzie\u0144 sporz\u0105dzenia o\u015bwiadczenia uzyskano wynik 7,5 punkt\u00f3w.<\/span><\/p>\n\n\n\n<p><strong>Informacje zwrotne i dane kontaktowe<\/strong><\/p>\n\n\n\n<p><span id=\"a11y-kontakt\">W przypadku problem\u00f3w z dost\u0119pno\u015bci\u0105 strony internetowej prosimy o kontakt. Osob\u0105 odpowiedzialn\u0105 jest <span id=\"a11y-osoba\"> Joanna Poralla-Bajor<\/span>, adres poczty elektronicznej <a id=\"a11y-email\" href=\"mailto:sekretariat@zs3.rybnik.pl\">sekretariat@zs3.rybnik.pl<\/a> Kontaktowa\u0107 mo\u017cna si\u0119 tak\u017ce dzwoni\u0105c na numer telefonu <span id=\"a11y-telefon\"> 32 42 27 081.<\/span> T\u0105 sam\u0105 drog\u0105 mo\u017cna sk\u0142ada\u0107 wnioski o udost\u0119pnienie informacji niedost\u0119pnej oraz sk\u0142ada\u0107 skargi na brak zapewnienia dost\u0119pno\u015bci.<\/span><\/p>\n\n\n\n<p><span id=\"a11y-procedura\">Ka\u017cdy ma prawo do wyst\u0105pienia z \u017c\u0105daniem zapewnienia dost\u0119pno\u015bci cyfrowej strony internetowej, aplikacji mobilnej lub jakiego\u015b ich elementu. Mo\u017cna tak\u017ce za\u017c\u0105da\u0107 udost\u0119pnienia informacji w formach alternatywnych, na przyk\u0142ad odczytanie niedost\u0119pnego cyfrowo dokumentu, opisania zawarto\u015bci filmu bez audiodeskrypcji itp. \u017b\u0105danie powinno zawiera\u0107 dane osoby zg\u0142aszaj\u0105cej \u017c\u0105danie, wskazanie, o kt\u00f3r\u0105 stron\u0119 internetow\u0105 lub aplikacj\u0119 mobiln\u0105 chodzi oraz spos\u00f3b kontaktu. Je\u017celi osoba \u017c\u0105daj\u0105ca zg\u0142asza potrzeb\u0119 otrzymania informacji w formie alternatywnej, powinna tak\u017ce okre\u015bli\u0107 form\u0119 tej informacji.<\/span><\/p>\n\n\n\n<p>Podmiot publiczny powinien zrealizowa\u0107 \u017c\u0105danie niezw\u0142ocznie i nie p\u00f3\u017aniej, ni\u017c w ci\u0105gu 7 dni. Je\u017celi dotrzymanie tego terminu nie jest mo\u017cliwe, podmiot publiczny niezw\u0142ocznie informuje o tym, kiedy realizacja \u017c\u0105dania b\u0119dzie mo\u017cliwa, przy czym termin ten nie mo\u017ce by\u0107 d\u0142u\u017cszy ni\u017c 2 miesi\u0105ce. Je\u017celi zapewnienie dost\u0119pno\u015bci nie jest mo\u017cliwe, podmiot publiczny mo\u017ce zaproponowa\u0107 alternatywny spos\u00f3b dost\u0119pu do informacji.<\/p>\n\n\n\n<p>W przypadku, gdy podmiot odm\u00f3wi realizacji \u017c\u0105dania zapewnienia dost\u0119pno\u015bci lub alternatywnego dost\u0119pu do informacji, mo\u017cna z\u0142o\u017cy\u0107 skarg\u0119 na takie dzia\u0142anie.<\/p>\n\n\n\n<p>Po wyczerpaniu wszystkich mo\u017cliwo\u015bci skarg\u0119 mo\u017cna przes\u0142a\u0107 tak\u017ce do Rzecznika Praw Obywatelskich.<\/p>\n\n\n\n<p><strong>Dost\u0119pno\u015b\u0107 architektoniczna<\/strong><\/p>\n\n\n\n<p><span id=\"a11y-architektura\">Zesp\u00f3\u0142 Szk\u00f3\u0142 nr 3 w Rybniku sk\u0142ada si\u0119 poszczeg\u00f3lnych segment\u00f3w tworz\u0105cych nieregularn\u0105 bry\u0142\u0119. Segmenty podstawowe usytuowane osi\u0105 d\u0142ug\u0105 na kierunek p\u00f3\u0142noc-po\u0142udnie. Do szko\u0142y mo\u017cna dotrze\u0107 na trzy sposoby.&nbsp; Pierwszy to prowadz\u0105cy od ul. Budowlanych do wej\u015bcia g\u0142\u00f3wnego z czterema schodami oraz podjazdem dla os\u00f3b niepe\u0142nosprawnych. &nbsp;Kolejne to wej\u015bcie \u201eboczne\u201d &nbsp;od ul. Orzepowickiej &nbsp;z sze\u015bcioma schodami i podjazdem dla os\u00f3b niepe\u0142nosprawnych. Po prawej stronie drzwi wej\u015bciowych \u201ebocznych\u201d do budynku na wysoko\u015bci 1,40 m znajduje si\u0119 oznaczony dzwonek, kt\u00f3ry przywo\u0142uje pracownika obs\u0142ugi. Niedaleko wej\u015bcia znajduj\u0105 si\u0119 &nbsp;specjalnie oznaczone dla &nbsp;os\u00f3b niepe\u0142nosprawnych dwa miejsca parkingowe.&nbsp; &nbsp;Trzecim &nbsp;sposobem dotarcia do plac\u00f3wki jest wej\u015bcie z sze\u015bcioma schodami obok wiaty rowerowej. &nbsp;W budynku nie ma windy (bariera pionowa), ale w szkole znajduje si\u0119 mobilny&nbsp; schodo\u0142az &nbsp;oraz platforma przyschodow\u0105 w auli w szklonej. Nie istnieje tak\u017ce rozk\u0142ad pomieszcze\u0144 budynku dost\u0119pny w spos\u00f3b dotykowy i g\u0142osowy, nie ma oznacze\u0144 w alfabecie Braille\u2019a oraz oznacze\u0144 kontrastowych lub w druku powi\u0119kszonym dla os\u00f3b niewidomych i s\u0142abowidz\u0105cych, ani urz\u0105dze\u0144 do obs\u0142ugi os\u00f3b s\u0142abos\u0142ysz\u0105cych. W tych przypadkach alternatyw\u0105 jest osobista pomoc pracownika obs\u0142ugi Zespo\u0142u Szk\u00f3\u0142 nr 3 w Rybniku, kt\u00f3ry znajduje si\u0119 zaraz przy wej\u015bciu g\u0142\u00f3wnym na portierni. Do budynku i wszystkich jego pomieszcze\u0144 mo\u017cna wej\u015b\u0107 z psem asystuj\u0105cym.<\/span><\/p>\n","protected":false},"excerpt":{"rendered":"<p>Deklaracja dost\u0119pno\u015bci Zespo\u0142u Szk\u00f3\u0142 nr 3 w Rybniku Zesp\u00f3\u0142 Szk\u00f3\u0142 nr 3 w Rybniku zobowi\u0105zuje si\u0119 zapewni\u0107 dost\u0119pno\u015b\u0107 swojej strony internetowej zgodnie z ustaw\u0105 z dnia 4 kwietnia 2019 r. o dost\u0119pno\u015bci cyfrowej stron internetowych i aplikacji mobilnych podmiot\u00f3w publicznych. [&hellip;]<\/p>\n","protected":false},"author":1,"featured_media":0,"parent":0,"menu_order":0,"comment_status":"closed","ping_status":"closed","template":"","meta":{"ngg_post_thumbnail":0},"_links":{"self":[{"href":"https:\/\/zs3.rybnik.pl\/www\/wp-json\/wp\/v2\/pages\/11475"}],"collection":[{"href":"https:\/\/zs3.rybnik.pl\/www\/wp-json\/wp\/v2\/pages"}],"about":[{"href":"https:\/\/zs3.rybnik.pl\/www\/wp-json\/wp\/v2\/types\/page"}],"author":[{"embeddable":true,"href":"https:\/\/zs3.rybnik.pl\/www\/wp-json\/wp\/v2\/users\/1"}],"replies":[{"embeddable":true,"href":"https:\/\/zs3.rybnik.pl\/www\/wp-json\/wp\/v2\/comments?post=11475"}],"version-history":[{"count":14,"href":"https:\/\/zs3.rybnik.pl\/www\/wp-json\/wp\/v2\/pages\/11475\/revisions"}],"predecessor-version":[{"id":11586,"href":"https:\/\/zs3.rybnik.pl\/www\/wp-json\/wp\/v2\/pages\/11475\/revisions\/11586"}],"wp:attachment":[{"href":"https:\/\/zs3.rybnik.pl\/www\/wp-json\/wp\/v2\/media?parent=11475"}],"curies":[{"name":"wp","href":"https:\/\/api.w.org\/{rel}","templated":true}]}}