{"id":13124,"date":"2022-05-18T07:26:46","date_gmt":"2022-05-18T05:26:46","guid":{"rendered":"https:\/\/zs3.rybnik.pl\/www\/?page_id=13124"},"modified":"2022-05-18T08:42:22","modified_gmt":"2022-05-18T06:42:22","slug":"karta-rowerowa","status":"publish","type":"page","link":"https:\/\/zs3.rybnik.pl\/www\/karta-rowerowa\/","title":{"rendered":"Karta rowerowa"},"content":{"rendered":"\n<p>Poni\u017cej zamieszczam materia\u0142y dotycz\u0105ce znak\u00f3w drogowych.<\/p>\n\n\n\n<div class=\"wp-block-file\"><object class=\"wp-block-file__embed\" data=\"https:\/\/zs3.rybnik.pl\/www\/wp-content\/uploads\/2022\/05\/znaki_zakazu.pdf\" type=\"application\/pdf\" style=\"width:100%;height:600px\" aria-label=\"Osadzone z znaki_zakazu.\"><\/object><div class='afi-document'><div class='afi-document-icon'><a href='https:\/\/zs3.rybnik.pl\/www\/wp-content\/uploads\/2022\/05\/znaki_zakazu.pdf'><img src='https:\/\/zs3.rybnik.pl\/www\/wp-content\/plugins\/attachment-file-icons\/mime\/pdf-icon.png'\/><\/a><\/div><div class='afi-document-link'><a href=\"https:\/\/zs3.rybnik.pl\/www\/wp-content\/uploads\/2022\/05\/znaki_zakazu.pdf\">znaki_zakazu<\/a><\/div><\/div><div class='afi-clear'><\/div><div class='afi-document'><div class='afi-document-icon'><a href='https:\/\/zs3.rybnik.pl\/www\/wp-content\/uploads\/2022\/05\/znaki_zakazu.pdf'><img src='https:\/\/zs3.rybnik.pl\/www\/wp-content\/plugins\/attachment-file-icons\/mime\/pdf-icon.png'\/><\/a><\/div><div class='afi-document-link'><a href=\"https:\/\/zs3.rybnik.pl\/www\/wp-content\/uploads\/2022\/05\/znaki_zakazu.pdf\" class=\"wp-block-file__button\" download>Pobierz<\/a><\/div><\/div><div class='afi-clear'><\/div><\/div>\n\n\n\n<div class=\"wp-block-file\"><object class=\"wp-block-file__embed\" data=\"https:\/\/zs3.rybnik.pl\/www\/wp-content\/uploads\/2022\/05\/znaki_ostrzegawcze.pdf\" type=\"application\/pdf\" style=\"width:100%;height:600px\" aria-label=\"Osadzone z znaki_ostrzegawcze.\"><\/object><div class='afi-document'><div class='afi-document-icon'><a href='https:\/\/zs3.rybnik.pl\/www\/wp-content\/uploads\/2022\/05\/znaki_ostrzegawcze.pdf'><img src='https:\/\/zs3.rybnik.pl\/www\/wp-content\/plugins\/attachment-file-icons\/mime\/pdf-icon.png'\/><\/a><\/div><div class='afi-document-link'><a href=\"https:\/\/zs3.rybnik.pl\/www\/wp-content\/uploads\/2022\/05\/znaki_ostrzegawcze.pdf\">znaki_ostrzegawcze<\/a><\/div><\/div><div class='afi-clear'><\/div><div class='afi-document'><div class='afi-document-icon'><a href='https:\/\/zs3.rybnik.pl\/www\/wp-content\/uploads\/2022\/05\/znaki_ostrzegawcze.pdf'><img src='https:\/\/zs3.rybnik.pl\/www\/wp-content\/plugins\/attachment-file-icons\/mime\/pdf-icon.png'\/><\/a><\/div><div class='afi-document-link'><a href=\"https:\/\/zs3.rybnik.pl\/www\/wp-content\/uploads\/2022\/05\/znaki_ostrzegawcze.pdf\" class=\"wp-block-file__button\" download>Pobierz<\/a><\/div><\/div><div class='afi-clear'><\/div><\/div>\n\n\n\n<div class=\"wp-block-file\"><object class=\"wp-block-file__embed\" data=\"https:\/\/zs3.rybnik.pl\/www\/wp-content\/uploads\/2022\/05\/znaki_nakazu.pdf\" type=\"application\/pdf\" style=\"width:100%;height:600px\" aria-label=\"Osadzone z znaki_nakazu.\"><\/object><div class='afi-document'><div class='afi-document-icon'><a href='https:\/\/zs3.rybnik.pl\/www\/wp-content\/uploads\/2022\/05\/znaki_nakazu.pdf'><img src='https:\/\/zs3.rybnik.pl\/www\/wp-content\/plugins\/attachment-file-icons\/mime\/pdf-icon.png'\/><\/a><\/div><div class='afi-document-link'><a href=\"https:\/\/zs3.rybnik.pl\/www\/wp-content\/uploads\/2022\/05\/znaki_nakazu.pdf\">znaki_nakazu<\/a><\/div><\/div><div class='afi-clear'><\/div><div class='afi-document'><div class='afi-document-icon'><a href='https:\/\/zs3.rybnik.pl\/www\/wp-content\/uploads\/2022\/05\/znaki_nakazu.pdf'><img src='https:\/\/zs3.rybnik.pl\/www\/wp-content\/plugins\/attachment-file-icons\/mime\/pdf-icon.png'\/><\/a><\/div><div class='afi-document-link'><a href=\"https:\/\/zs3.rybnik.pl\/www\/wp-content\/uploads\/2022\/05\/znaki_nakazu.pdf\" class=\"wp-block-file__button\" download>Pobierz<\/a><\/div><\/div><div class='afi-clear'><\/div><\/div>\n\n\n\n<div class=\"wp-block-file\"><object class=\"wp-block-file__embed\" data=\"https:\/\/zs3.rybnik.pl\/www\/wp-content\/uploads\/2022\/05\/znaki_informacyjne.pdf\" type=\"application\/pdf\" style=\"width:100%;height:600px\" aria-label=\"Osadzone z znaki_informacyjne.\"><\/object><div class='afi-document'><div class='afi-document-icon'><a href='https:\/\/zs3.rybnik.pl\/www\/wp-content\/uploads\/2022\/05\/znaki_informacyjne.pdf'><img src='https:\/\/zs3.rybnik.pl\/www\/wp-content\/plugins\/attachment-file-icons\/mime\/pdf-icon.png'\/><\/a><\/div><div class='afi-document-link'><a href=\"https:\/\/zs3.rybnik.pl\/www\/wp-content\/uploads\/2022\/05\/znaki_informacyjne.pdf\">znaki_informacyjne<\/a><\/div><\/div><div class='afi-clear'><\/div><div class='afi-document'><div class='afi-document-icon'><a href='https:\/\/zs3.rybnik.pl\/www\/wp-content\/uploads\/2022\/05\/znaki_informacyjne.pdf'><img src='https:\/\/zs3.rybnik.pl\/www\/wp-content\/plugins\/attachment-file-icons\/mime\/pdf-icon.png'\/><\/a><\/div><div class='afi-document-link'><a href=\"https:\/\/zs3.rybnik.pl\/www\/wp-content\/uploads\/2022\/05\/znaki_informacyjne.pdf\" class=\"wp-block-file__button\" download>Pobierz<\/a><\/div><\/div><div class='afi-clear'><\/div><\/div>\n\n\n\n<div class=\"wp-block-file\"><object class=\"wp-block-file__embed\" data=\"https:\/\/zs3.rybnik.pl\/www\/wp-content\/uploads\/2022\/05\/znaki_poziome_i_tabliczki.pdf\" type=\"application\/pdf\" style=\"width:100%;height:600px\" aria-label=\"Osadzone z znaki_poziome_i_tabliczki.\"><\/object><div class='afi-document'><div class='afi-document-icon'><a href='https:\/\/zs3.rybnik.pl\/www\/wp-content\/uploads\/2022\/05\/znaki_poziome_i_tabliczki.pdf'><img src='https:\/\/zs3.rybnik.pl\/www\/wp-content\/plugins\/attachment-file-icons\/mime\/pdf-icon.png'\/><\/a><\/div><div class='afi-document-link'><a href=\"https:\/\/zs3.rybnik.pl\/www\/wp-content\/uploads\/2022\/05\/znaki_poziome_i_tabliczki.pdf\">znaki_poziome_i_tabliczki<\/a><\/div><\/div><div class='afi-clear'><\/div><div class='afi-document'><div class='afi-document-icon'><a href='https:\/\/zs3.rybnik.pl\/www\/wp-content\/uploads\/2022\/05\/znaki_poziome_i_tabliczki.pdf'><img src='https:\/\/zs3.rybnik.pl\/www\/wp-content\/plugins\/attachment-file-icons\/mime\/pdf-icon.png'\/><\/a><\/div><div class='afi-document-link'><a href=\"https:\/\/zs3.rybnik.pl\/www\/wp-content\/uploads\/2022\/05\/znaki_poziome_i_tabliczki.pdf\" class=\"wp-block-file__button\" download>Pobierz<\/a><\/div><\/div><div class='afi-clear'><\/div><\/div>\n\n\n\n<p><\/p>\n","protected":false},"excerpt":{"rendered":"<p>Poni\u017cej zamieszczam materia\u0142y dotycz\u0105ce znak\u00f3w drogowych.<\/p>\n","protected":false},"author":2,"featured_media":0,"parent":0,"menu_order":0,"comment_status":"closed","ping_status":"closed","template":"","meta":{"ngg_post_thumbnail":0},"_links":{"self":[{"href":"https:\/\/zs3.rybnik.pl\/www\/wp-json\/wp\/v2\/pages\/13124"}],"collection":[{"href":"https:\/\/zs3.rybnik.pl\/www\/wp-json\/wp\/v2\/pages"}],"about":[{"href":"https:\/\/zs3.rybnik.pl\/www\/wp-json\/wp\/v2\/types\/page"}],"author":[{"embeddable":true,"href":"https:\/\/zs3.rybnik.pl\/www\/wp-json\/wp\/v2\/users\/2"}],"replies":[{"embeddable":true,"href":"https:\/\/zs3.rybnik.pl\/www\/wp-json\/wp\/v2\/comments?post=13124"}],"version-history":[{"count":9,"href":"https:\/\/zs3.rybnik.pl\/www\/wp-json\/wp\/v2\/pages\/13124\/revisions"}],"predecessor-version":[{"id":13145,"href":"https:\/\/zs3.rybnik.pl\/www\/wp-json\/wp\/v2\/pages\/13124\/revisions\/13145"}],"wp:attachment":[{"href":"https:\/\/zs3.rybnik.pl\/www\/wp-json\/wp\/v2\/media?parent=13124"}],"curies":[{"name":"wp","href":"https:\/\/api.w.org\/{rel}","templated":true}]}}