{"id":1490,"date":"2017-10-26T21:34:40","date_gmt":"2017-10-26T19:34:40","guid":{"rendered":"http:\/\/zs3.rybnik.pl\/www\/?page_id=1490"},"modified":"2020-10-14T22:37:39","modified_gmt":"2020-10-14T20:37:39","slug":"hymn-szkoly","status":"publish","type":"page","link":"https:\/\/zs3.rybnik.pl\/www\/hymn-szkoly\/","title":{"rendered":"Hymn Szko\u0142y"},"content":{"rendered":"<p><strong>s\u0142. Mirela Szutka, muz. Mariusz Wycisk<\/strong><\/p>\n<ol>\n<li style=\"text-align: left;\">Wok\u00f3\u0142 nas wiele zdarze\u0144 i rado\u015bci<br \/>\nNasza m\u0142odo\u015b\u0107 \u015bmia\u0142ych marze\u0144 niesie gar\u015b\u0107.<br \/>\nJednak tym, co wa\u017cne jest,<br \/>\nto pomoc, kt\u00f3r\u0105 mo\u017cesz nie\u015b\u0107<br \/>\ninnym ludziom, by zrozumie\u0107 \u017cycia sens.<\/li>\n<\/ol>\n<p style=\"text-align: left;\">REF:&nbsp;&nbsp;<br \/>\nTrzeba si\u0119ga\u0107 przez trudy do gwiazd,<br \/>\nTrzeba szuka\u0107 nowych \u017cycia dr\u00f3g.<br \/>\nNaszym wzorem niechaj jest,<br \/>\nten, kt\u00f3ry szed\u0142 w\u015br\u00f3d g\u00f3r,<br \/>\npe\u0142en wiary, odwagi i prawdy x2<\/p>\n<ol start=\"2\">\n<li style=\"text-align: left;\">Wiemy, czym jest kl\u0119ska bezradno\u015bci<br \/>\nZnamy sukces i pora\u017ck\u0119 zwyk\u0142ych dni.<br \/>\nJednak tym, co wa\u017cne jest,<br \/>\nto d\u0142o\u0144 , kt\u00f3r\u0105 mo\u017cesz da\u0107,<br \/>\ninnych ludzi zaprowadzi\u0107 na sam szczyt.<\/li>\n<\/ol>\n<p>&nbsp;<\/p>\n<!--[if lt IE 9]><script>document.createElement('audio');<\/script><![endif]-->\n<audio class=\"wp-audio-shortcode\" id=\"audio-1490-1\" preload=\"none\" style=\"width: 100%;\" controls=\"controls\"><source type=\"audio\/wav\" src=\"https:\/\/zs3.rybnik.pl\/www\/wp-content\/uploads\/2017\/10\/Hymn-z-ADAGIO.wav?_=1\" \/><a href=\"https:\/\/zs3.rybnik.pl\/www\/wp-content\/uploads\/2017\/10\/Hymn-z-ADAGIO.wav\">https:\/\/zs3.rybnik.pl\/www\/wp-content\/uploads\/2017\/10\/Hymn-z-ADAGIO.wav<\/a><\/audio>\n<p>&nbsp;<\/p>\n\n<div class=\"ngg-galleryoverview\" id=\"ngg-gallery-b8d98d42fdad88010d8e51b94c81e1b0-1490\">\n\n\n\t<!-- Thumbnails -->\n    \t\t\n\t<div id=\"ngg-image-2514\" class=\"ngg-gallery-thumbnail-box\" style=\"width:25%;\" >\n\t\t<div class=\"ngg-gallery-thumbnail\" >\n\t\t\t<a href=\"https:\/\/zs3.rybnik.pl\/www\/wp-content\/gallery\/adagio_hymn\/DSC_1197.JPG\"\n               title=\" \"\n               class=\"ngg-fancybox\" rel=\"b8d98d42fdad88010d8e51b94c81e1b0\" data-image-id=\"2514\" data-src=\"https:\/\/zs3.rybnik.pl\/www\/wp-content\/gallery\/adagio_hymn\/DSC_1197.JPG\" data-thumbnail=\"https:\/\/zs3.rybnik.pl\/www\/wp-content\/gallery\/adagio_hymn\/thumbs\/thumbs_DSC_1197.JPG\" data-title=\"DSC_1197\" data-description=\" \" >\n\t\t\t\t\t\t\t\t<img title=\"DSC_1197\" alt=\"DSC_1197\" src=\"https:\/\/zs3.rybnik.pl\/www\/wp-content\/gallery\/adagio_hymn\/thumbs\/thumbs_DSC_1197.JPG\" width='240' height='160' \/>\n\t\t\t\t\t\t\t<\/a>\n\t\t<\/div>\n\t<\/div>\n\n                        \n \t\t\n\t<div id=\"ngg-image-2515\" class=\"ngg-gallery-thumbnail-box\" style=\"width:25%;\" >\n\t\t<div class=\"ngg-gallery-thumbnail\" >\n\t\t\t<a href=\"https:\/\/zs3.rybnik.pl\/www\/wp-content\/gallery\/adagio_hymn\/Dzie%C5%84-Patrona.jpg\"\n               title=\" \"\n               class=\"ngg-fancybox\" rel=\"b8d98d42fdad88010d8e51b94c81e1b0\" data-image-id=\"2515\" data-src=\"https:\/\/zs3.rybnik.pl\/www\/wp-content\/gallery\/adagio_hymn\/Dzie%C5%84-Patrona.jpg\" data-thumbnail=\"https:\/\/zs3.rybnik.pl\/www\/wp-content\/gallery\/adagio_hymn\/thumbs\/thumbs_Dzie%C5%84-Patrona.jpg\" data-title=\"Dzie\u0144 Patrona\" data-description=\" \" >\n\t\t\t\t\t\t\t\t<img title=\"Dzie\u0144 Patrona\" alt=\"Dzie\u0144 Patrona\" src=\"https:\/\/zs3.rybnik.pl\/www\/wp-content\/gallery\/adagio_hymn\/thumbs\/thumbs_Dzie%C5%84-Patrona.jpg\" width='240' height='160' \/>\n\t\t\t\t\t\t\t<\/a>\n\t\t<\/div>\n\t<\/div>\n\n                        \n \t\t\n\t<div id=\"ngg-image-2516\" class=\"ngg-gallery-thumbnail-box\" style=\"width:25%;\" >\n\t\t<div class=\"ngg-gallery-thumbnail\" >\n\t\t\t<a href=\"https:\/\/zs3.rybnik.pl\/www\/wp-content\/gallery\/adagio_hymn\/IMG_5813.JPG\"\n               title=\" \"\n               class=\"ngg-fancybox\" rel=\"b8d98d42fdad88010d8e51b94c81e1b0\" data-image-id=\"2516\" data-src=\"https:\/\/zs3.rybnik.pl\/www\/wp-content\/gallery\/adagio_hymn\/IMG_5813.JPG\" data-thumbnail=\"https:\/\/zs3.rybnik.pl\/www\/wp-content\/gallery\/adagio_hymn\/thumbs\/thumbs_IMG_5813.JPG\" data-title=\"IMG_5813\" data-description=\" \" >\n\t\t\t\t\t\t\t\t<img title=\"IMG_5813\" alt=\"IMG_5813\" src=\"https:\/\/zs3.rybnik.pl\/www\/wp-content\/gallery\/adagio_hymn\/thumbs\/thumbs_IMG_5813.JPG\" width='240' height='160' \/>\n\t\t\t\t\t\t\t<\/a>\n\t\t<\/div>\n\t<\/div>\n\n                        \n \t\t\n\t<div id=\"ngg-image-2517\" class=\"ngg-gallery-thumbnail-box\" style=\"width:25%;\" >\n\t\t<div class=\"ngg-gallery-thumbnail\" >\n\t\t\t<a href=\"https:\/\/zs3.rybnik.pl\/www\/wp-content\/gallery\/adagio_hymn\/IMG_5919.JPG\"\n               title=\" \"\n               class=\"ngg-fancybox\" rel=\"b8d98d42fdad88010d8e51b94c81e1b0\" data-image-id=\"2517\" data-src=\"https:\/\/zs3.rybnik.pl\/www\/wp-content\/gallery\/adagio_hymn\/IMG_5919.JPG\" data-thumbnail=\"https:\/\/zs3.rybnik.pl\/www\/wp-content\/gallery\/adagio_hymn\/thumbs\/thumbs_IMG_5919.JPG\" data-title=\"IMG_5919\" data-description=\" \" >\n\t\t\t\t\t\t\t\t<img title=\"IMG_5919\" alt=\"IMG_5919\" src=\"https:\/\/zs3.rybnik.pl\/www\/wp-content\/gallery\/adagio_hymn\/thumbs\/thumbs_IMG_5919.JPG\" width='240' height='160' \/>\n\t\t\t\t\t\t\t<\/a>\n\t\t<\/div>\n\t<\/div>\n\n                            <br style=\"clear: both\" \/>\n                \n \t \t\n\t<!-- Pagination -->\n \t<div class='ngg-clear'><\/div> \t\n<\/div>\n\n\n<p>&nbsp;<\/p>\n<p>&nbsp;<\/p>\n<p>&nbsp;<\/p>\n","protected":false},"excerpt":{"rendered":"<p>s\u0142. Mirela Szutka, muz. Mariusz Wycisk Wok\u00f3\u0142 nas wiele zdarze\u0144 i rado\u015bci Nasza m\u0142odo\u015b\u0107 \u015bmia\u0142ych marze\u0144 niesie gar\u015b\u0107. Jednak tym, co wa\u017cne jest, to pomoc, kt\u00f3r\u0105 mo\u017cesz nie\u015b\u0107 innym ludziom, by zrozumie\u0107 \u017cycia sens. REF:&nbsp;&nbsp; Trzeba si\u0119ga\u0107 przez trudy do [&hellip;]<\/p>\n","protected":false},"author":1,"featured_media":0,"parent":0,"menu_order":0,"comment_status":"closed","ping_status":"closed","template":"","meta":{"ngg_post_thumbnail":0},"_links":{"self":[{"href":"https:\/\/zs3.rybnik.pl\/www\/wp-json\/wp\/v2\/pages\/1490"}],"collection":[{"href":"https:\/\/zs3.rybnik.pl\/www\/wp-json\/wp\/v2\/pages"}],"about":[{"href":"https:\/\/zs3.rybnik.pl\/www\/wp-json\/wp\/v2\/types\/page"}],"author":[{"embeddable":true,"href":"https:\/\/zs3.rybnik.pl\/www\/wp-json\/wp\/v2\/users\/1"}],"replies":[{"embeddable":true,"href":"https:\/\/zs3.rybnik.pl\/www\/wp-json\/wp\/v2\/comments?post=1490"}],"version-history":[{"count":4,"href":"https:\/\/zs3.rybnik.pl\/www\/wp-json\/wp\/v2\/pages\/1490\/revisions"}],"predecessor-version":[{"id":10855,"href":"https:\/\/zs3.rybnik.pl\/www\/wp-json\/wp\/v2\/pages\/1490\/revisions\/10855"}],"wp:attachment":[{"href":"https:\/\/zs3.rybnik.pl\/www\/wp-json\/wp\/v2\/media?parent=1490"}],"curies":[{"name":"wp","href":"https:\/\/api.w.org\/{rel}","templated":true}]}}