{"id":18405,"date":"2025-03-26T18:38:27","date_gmt":"2025-03-26T17:38:27","guid":{"rendered":"https:\/\/zs3.rybnik.pl\/www\/?page_id=18405"},"modified":"2025-08-20T09:28:51","modified_gmt":"2025-08-20T07:28:51","slug":"liceum-dla-doroslych","status":"publish","type":"page","link":"https:\/\/zs3.rybnik.pl\/www\/liceum-dla-doroslych\/","title":{"rendered":"Liceum Og\u00f3lnokszta\u0142c\u0105ce dla Doros\u0142ych nr 3"},"content":{"rendered":"\n<p><strong>Liceum Og\u00f3lnokszta\u0142c\u0105ce dla Doros\u0142ych nr 3 w Rybniku \u2013 nowa szansa na edukacj\u0119!<\/strong> <br><br>Niezale\u017cnie od wieku, nauka jest zawsze mo\u017cliwa, a nadrabianie zaleg\u0142o\u015bci edukacyjnych mo\u017ce by\u0107 satysfakcjonuj\u0105ce. Liceum Og\u00f3lnokszta\u0142c\u0105ce dla Doros\u0142ych nr 3 w Rybniku to idealne rozwi\u0105zanie dla os\u00f3b, kt\u00f3re chc\u0105 zdoby\u0107 wykszta\u0142cenie \u015brednie i otworzy\u0107 sobie drzwi do dalszej edukacji \u2013 w szkole policealnej lub na studiach wy\u017cszych. <br><br>Oferta skierowana jest do os\u00f3b pe\u0142noletnich oraz tych, kt\u00f3re uko\u0144cz\u0105 18 lat w roku rozpocz\u0119cia nauki. Wymagane jest \u015bwiadectwo uko\u0144czenia o\u015bmioletniej szko\u0142y podstawowej lub gimnazjum. Pe\u0142ny cykl kszta\u0142cenia trwa cztery lata (osiem semestr\u00f3w), a zaj\u0119cia odbywaj\u0105 si\u0119 w trybie zaocznym \u2013 co dwa tygodnie w pi\u0105tki popo\u0142udniu oraz soboty. <br>W uzasadnionych przypadkach lekcje mog\u0105 odbywa\u0107 si\u0119 co tydzie\u0144. Program obejmuje przedmioty og\u00f3lnokszta\u0142c\u0105ce zar\u00f3wno na poziomie podstawowym, jak i rozszerzonym (j\u0119zyk polski, j\u0119zyk angielski). Ka\u017cdy semestr ko\u0144czy si\u0119 egzaminami, kt\u00f3re potwierdzaj\u0105 zdobyt\u0105 wiedz\u0119. <br><br>Aby rozpocz\u0105\u0107 nauk\u0119 nale\u017cy pobra\u0107 i uzupe\u0142ni\u0107 wniosek rekrutacyjny dost\u0119pny poni\u017cej oraz dostarczy\u0107 wraz z wymaganymi dokumentami do sekretariatu szko\u0142y.<\/p>\n\n\n\n<div class=\"wp-block-file\"><div class='afi-document'><div class='afi-document-icon'><a href='https:\/\/zs3.rybnik.pl\/www\/wp-content\/uploads\/2025\/04\/REGULAMIN-REKRUTACJI-DO-LICEUM-DLA-DOROSLYCH.pdf'><img src='https:\/\/zs3.rybnik.pl\/www\/wp-content\/plugins\/attachment-file-icons\/mime\/pdf-icon.png'\/><\/a><\/div><div class='afi-document-link'><a href=\"https:\/\/zs3.rybnik.pl\/www\/wp-content\/uploads\/2025\/04\/REGULAMIN-REKRUTACJI-DO-LICEUM-DLA-DOROSLYCH.pdf\" target=\"_blank\" rel=\"noreferrer noopener\">REGULAMIN REKRUTACJI DO LICEUM DLA DOROS\u0141YCH<\/a><\/div><\/div><div class='afi-clear'><\/div><\/div>\n\n\n\n<div class=\"wp-block-file\"><div class='afi-document'><div class='afi-document-icon'><a href='https:\/\/zs3.rybnik.pl\/www\/wp-content\/uploads\/2025\/03\/Wniosek-o-przyjecie.pdf'><img src='https:\/\/zs3.rybnik.pl\/www\/wp-content\/plugins\/attachment-file-icons\/mime\/pdf-icon.png'\/><\/a><\/div><div class='afi-document-link'><a href=\"https:\/\/zs3.rybnik.pl\/www\/wp-content\/uploads\/2025\/03\/Wniosek-o-przyjecie.pdf\" target=\"_blank\" rel=\"noreferrer noopener\"><br>Wniosek o przyjecie<\/a><\/div><\/div><div class='afi-clear'><\/div><\/div>\n\n\n\n<div class=\"wp-block-file\"><div class='afi-document'><div class='afi-document-icon'><a href='https:\/\/zs3.rybnik.pl\/www\/wp-content\/uploads\/2025\/03\/Terminy-postepowania-rekrutacyjnego.pdf'><img src='https:\/\/zs3.rybnik.pl\/www\/wp-content\/plugins\/attachment-file-icons\/mime\/pdf-icon.png'\/><\/a><\/div><div class='afi-document-link'><a href=\"https:\/\/zs3.rybnik.pl\/www\/wp-content\/uploads\/2025\/03\/Terminy-postepowania-rekrutacyjnego.pdf\" target=\"_blank\" rel=\"noreferrer noopener\">Terminy postepowania rekrutacyjnego<\/a><\/div><\/div><div class='afi-clear'><\/div><\/div>\n\n\n\n<div class=\"wp-block-file\"><div class='afi-document'><div class='afi-document-icon'><a href='https:\/\/zs3.rybnik.pl\/www\/wp-content\/uploads\/2025\/08\/Informacje-ogolne.pdf'><img src='https:\/\/zs3.rybnik.pl\/www\/wp-content\/plugins\/attachment-file-icons\/mime\/pdf-icon.png'\/><\/a><\/div><div class='afi-document-link'><a href=\"https:\/\/zs3.rybnik.pl\/www\/wp-content\/uploads\/2025\/08\/Informacje-ogolne.pdf\" target=\"_blank\" rel=\"noreferrer noopener\">Informacje og\u00f3lne<\/a><\/div><\/div><div class='afi-clear'><\/div><\/div>\n","protected":false},"excerpt":{"rendered":"<p>Liceum Og\u00f3lnokszta\u0142c\u0105ce dla Doros\u0142ych nr 3 w Rybniku \u2013 nowa szansa na edukacj\u0119! Niezale\u017cnie od wieku, nauka jest zawsze mo\u017cliwa, a nadrabianie zaleg\u0142o\u015bci edukacyjnych mo\u017ce by\u0107 satysfakcjonuj\u0105ce. Liceum Og\u00f3lnokszta\u0142c\u0105ce dla Doros\u0142ych nr 3 w Rybniku to idealne rozwi\u0105zanie dla os\u00f3b, [&hellip;]<\/p>\n","protected":false},"author":7,"featured_media":0,"parent":0,"menu_order":0,"comment_status":"closed","ping_status":"closed","template":"","meta":{"ngg_post_thumbnail":0},"_links":{"self":[{"href":"https:\/\/zs3.rybnik.pl\/www\/wp-json\/wp\/v2\/pages\/18405"}],"collection":[{"href":"https:\/\/zs3.rybnik.pl\/www\/wp-json\/wp\/v2\/pages"}],"about":[{"href":"https:\/\/zs3.rybnik.pl\/www\/wp-json\/wp\/v2\/types\/page"}],"author":[{"embeddable":true,"href":"https:\/\/zs3.rybnik.pl\/www\/wp-json\/wp\/v2\/users\/7"}],"replies":[{"embeddable":true,"href":"https:\/\/zs3.rybnik.pl\/www\/wp-json\/wp\/v2\/comments?post=18405"}],"version-history":[{"count":10,"href":"https:\/\/zs3.rybnik.pl\/www\/wp-json\/wp\/v2\/pages\/18405\/revisions"}],"predecessor-version":[{"id":19022,"href":"https:\/\/zs3.rybnik.pl\/www\/wp-json\/wp\/v2\/pages\/18405\/revisions\/19022"}],"wp:attachment":[{"href":"https:\/\/zs3.rybnik.pl\/www\/wp-json\/wp\/v2\/media?parent=18405"}],"curies":[{"name":"wp","href":"https:\/\/api.w.org\/{rel}","templated":true}]}}