{"id":1862,"date":"2018-01-24T16:45:33","date_gmt":"2018-01-24T15:45:33","guid":{"rendered":"http:\/\/zs3.rybnik.pl\/www\/?page_id=1862"},"modified":"2018-01-24T17:00:26","modified_gmt":"2018-01-24T16:00:26","slug":"galeria-20172018","status":"publish","type":"page","link":"https:\/\/zs3.rybnik.pl\/www\/galeria-20172018\/","title":{"rendered":"2017\/2018"},"content":{"rendered":"<div class=\"ngg-albumoverview\">\n            <div class=\"ngg-album-compact\">\n            <div class=\"ngg-album-compactbox\">\n                <div class=\"ngg-album-link\">\n                                        <a title='Erasmus - przygotowanie kulturowe'\n                       href='https:\/\/zs3.rybnik.pl\/www\/galeria-20172018\/nggallery\/20172018\/Erazmus_2018_01'>\n                        <img class=\"Thumb\"\n                             alt=\"Erasmus - przygotowanie kulturowe\"\n                             src=\"https:\/\/zs3.rybnik.pl\/www\/wp-content\/gallery\/erazmus_2018_01\/cache\/ER_001.jpg-nggid03388-ngg0dyn-91x68-00f0w010c011r110f110r010t010.jpg\"\/>\n                    <\/a>\n                                    <\/div>\n            <\/div>\n                        <h4>\n                <a class='ngg-album-desc' title='Erasmus - przygotowanie kulturowe'\n                       href='https:\/\/zs3.rybnik.pl\/www\/galeria-20172018\/nggallery\/20172018\/Erazmus_2018_01'style=\"max-width: 111px\">Erasmus - przygotowanie kulturowe<\/a>\n            <\/h4>\n            <p class=\"ngg-album-gallery-image-counter\">\n                                    <strong>6<\/strong>&nbsp;Zdj\u0119\u0107                            <\/p>\n        <\/div>\n            <div class=\"ngg-album-compact\">\n            <div class=\"ngg-album-compactbox\">\n                <div class=\"ngg-album-link\">\n                                        <a title='Erasmus - wideokonferencja'\n                       href='https:\/\/zs3.rybnik.pl\/www\/galeria-20172018\/nggallery\/20172018\/Erasmus_2018_02'>\n                        <img class=\"Thumb\"\n                             alt=\"Erasmus - wideokonferencja\"\n                             src=\"https:\/\/zs3.rybnik.pl\/www\/wp-content\/gallery\/erasmus_2018_02\/cache\/IMG_0037.JPG-nggid03393-ngg0dyn-91x68-00f0w010c011r110f110r010t010.JPG\"\/>\n                    <\/a>\n                                    <\/div>\n            <\/div>\n                        <h4>\n                <a class='ngg-album-desc' title='Erasmus - wideokonferencja'\n                       href='https:\/\/zs3.rybnik.pl\/www\/galeria-20172018\/nggallery\/20172018\/Erasmus_2018_02'style=\"max-width: 111px\">Erasmus - wideokonferencja<\/a>\n            <\/h4>\n            <p class=\"ngg-album-gallery-image-counter\">\n                                    <strong>4<\/strong>&nbsp;Zdj\u0119\u0107                            <\/p>\n        <\/div>\n            <div class=\"ngg-album-compact\">\n            <div class=\"ngg-album-compactbox\">\n                <div class=\"ngg-album-link\">\n                                        <a title='Dzie\u0144 J\u0119zyk\u00f3w Obcych 2017'\n                       href='https:\/\/zs3.rybnik.pl\/www\/galeria-20172018\/nggallery\/20172018\/Dzie\u0144-J\u0119zyk\u00f3w-Obcych-2017'>\n                        <img class=\"Thumb\"\n                             alt=\"Dzie\u0144 J\u0119zyk\u00f3w Obcych 2017\"\n                             src=\"https:\/\/zs3.rybnik.pl\/www\/wp-content\/gallery\/dzien-jezykow-obcych-2017\/cache\/IMG_5937.JPG-nggid03401-ngg0dyn-91x68-00f0w010c011r110f110r010t010.JPG\"\/>\n                    <\/a>\n                                    <\/div>\n            <\/div>\n                        <h4>\n                <a class='ngg-album-desc' title='Dzie\u0144 J\u0119zyk\u00f3w Obcych 2017'\n                       href='https:\/\/zs3.rybnik.pl\/www\/galeria-20172018\/nggallery\/20172018\/Dzie\u0144-J\u0119zyk\u00f3w-Obcych-2017'style=\"max-width: 111px\">Dzie\u0144 J\u0119zyk\u00f3w Obcych 2017<\/a>\n            <\/h4>\n            <p class=\"ngg-album-gallery-image-counter\">\n                                    <strong>4<\/strong>&nbsp;Zdj\u0119\u0107                            <\/p>\n        <\/div>\n            <div class=\"ngg-album-compact\">\n            <div class=\"ngg-album-compactbox\">\n                <div class=\"ngg-album-link\">\n                                        <a title='Walka na jezyki'\n                       href='https:\/\/zs3.rybnik.pl\/www\/galeria-20172018\/nggallery\/20172018\/Walka-na-jezyki'>\n                        <img class=\"Thumb\"\n                             alt=\"Walka na jezyki\"\n                             src=\"https:\/\/zs3.rybnik.pl\/www\/wp-content\/gallery\/walka-na-jezyki\/cache\/DSC_1335.JPG-nggid03405-ngg0dyn-91x68-00f0w010c011r110f110r010t010.JPG\"\/>\n                    <\/a>\n                                    <\/div>\n            <\/div>\n                        <h4>\n                <a class='ngg-album-desc' title='Walka na jezyki'\n                       href='https:\/\/zs3.rybnik.pl\/www\/galeria-20172018\/nggallery\/20172018\/Walka-na-jezyki'style=\"max-width: 111px\">Walka na jezyki<\/a>\n            <\/h4>\n            <p class=\"ngg-album-gallery-image-counter\">\n                                    <strong>3<\/strong>&nbsp;Zdj\u0119\u0107                            <\/p>\n        <\/div>\n            <div class=\"ngg-album-compact\">\n            <div class=\"ngg-album-compactbox\">\n                <div class=\"ngg-album-link\">\n                                        <a title='\u015awi\u0119to pieczonego ziemniaka'\n                       href='https:\/\/zs3.rybnik.pl\/www\/galeria-20172018\/nggallery\/20172018\/\u015awi\u0119to-pieczonego-ziemniaka'>\n                        <img class=\"Thumb\"\n                             alt=\"\u015awi\u0119to pieczonego ziemniaka\"\n                             src=\"https:\/\/zs3.rybnik.pl\/www\/wp-content\/gallery\/swieto-pieczonego-ziemniaka\/cache\/ogn1.jpg-nggid03397-ngg0dyn-91x68-00f0w010c011r110f110r010t010.jpg\"\/>\n                    <\/a>\n                                    <\/div>\n            <\/div>\n                        <h4>\n                <a class='ngg-album-desc' title='\u015awi\u0119to pieczonego ziemniaka'\n                       href='https:\/\/zs3.rybnik.pl\/www\/galeria-20172018\/nggallery\/20172018\/\u015awi\u0119to-pieczonego-ziemniaka'style=\"max-width: 111px\">\u015awi\u0119to pieczonego ziemniaka<\/a>\n            <\/h4>\n            <p class=\"ngg-album-gallery-image-counter\">\n                                    <strong>4<\/strong>&nbsp;Zdj\u0119\u0107                            <\/p>\n        <\/div>\n            <div class=\"ngg-album-compact\">\n            <div class=\"ngg-album-compactbox\">\n                <div class=\"ngg-album-link\">\n                                        <a title='Laboratorium 2017'\n                       href='https:\/\/zs3.rybnik.pl\/www\/galeria-20172018\/nggallery\/20172018\/Laboratorium-2017-3'>\n                        <img class=\"Thumb\"\n                             alt=\"Laboratorium 2017\"\n                             src=\"https:\/\/zs3.rybnik.pl\/www\/wp-content\/gallery\/laboratorium-2017-3\/cache\/lab_2017_01.jpg-nggid03435-ngg0dyn-91x68-00f0w010c011r110f110r010t010.jpg\"\/>\n                    <\/a>\n                                    <\/div>\n            <\/div>\n                        <h4>\n                <a class='ngg-album-desc' title='Laboratorium 2017'\n                       href='https:\/\/zs3.rybnik.pl\/www\/galeria-20172018\/nggallery\/20172018\/Laboratorium-2017-3'style=\"max-width: 111px\">Laboratorium 2017<\/a>\n            <\/h4>\n            <p class=\"ngg-album-gallery-image-counter\">\n                                    <strong>8<\/strong>&nbsp;Zdj\u0119\u0107                            <\/p>\n        <\/div>\n            <div class=\"ngg-album-compact\">\n            <div class=\"ngg-album-compactbox\">\n                <div class=\"ngg-album-link\">\n                                        <a title='Osiecka'\n                       href='https:\/\/zs3.rybnik.pl\/www\/galeria-20172018\/nggallery\/20172018\/Osiecka'>\n                        <img class=\"Thumb\"\n                             alt=\"Osiecka\"\n                             src=\"https:\/\/zs3.rybnik.pl\/www\/wp-content\/gallery\/osiecka\/cache\/osiecka.jpg-nggid03408-ngg0dyn-91x68-00f0w010c011r110f110r010t010.jpg\"\/>\n                    <\/a>\n                                    <\/div>\n            <\/div>\n                        <h4>\n                <a class='ngg-album-desc' title='Osiecka'\n                       href='https:\/\/zs3.rybnik.pl\/www\/galeria-20172018\/nggallery\/20172018\/Osiecka'style=\"max-width: 111px\">Osiecka<\/a>\n            <\/h4>\n            <p class=\"ngg-album-gallery-image-counter\">\n                                    <strong>1<\/strong>&nbsp;Zdj\u0119\u0107                            <\/p>\n        <\/div>\n            <div class=\"ngg-album-compact\">\n            <div class=\"ngg-album-compactbox\">\n                <div class=\"ngg-album-link\">\n                                        <a title='Wycieczka klasy IIB'\n                       href='https:\/\/zs3.rybnik.pl\/www\/galeria-20172018\/nggallery\/20172018\/Wycieczka-klasy-IIB-3'>\n                        <img class=\"Thumb\"\n                             alt=\"Wycieczka klasy IIB\"\n                             src=\"https:\/\/zs3.rybnik.pl\/www\/wp-content\/gallery\/wycieczka-klasy-iib-3\/cache\/DSC_0704.JPG-nggid03447-ngg0dyn-91x68-00f0w010c011r110f110r010t010.JPG\"\/>\n                    <\/a>\n                                    <\/div>\n            <\/div>\n                        <h4>\n                <a class='ngg-album-desc' title='Wycieczka klasy IIB'\n                       href='https:\/\/zs3.rybnik.pl\/www\/galeria-20172018\/nggallery\/20172018\/Wycieczka-klasy-IIB-3'style=\"max-width: 111px\">Wycieczka klasy IIB<\/a>\n            <\/h4>\n            <p class=\"ngg-album-gallery-image-counter\">\n                                    <strong>8<\/strong>&nbsp;Zdj\u0119\u0107                            <\/p>\n        <\/div>\n            <div class=\"ngg-album-compact\">\n            <div class=\"ngg-album-compactbox\">\n                <div class=\"ngg-album-link\">\n                                        <a title='Studni\u00f3wka 2018'\n                       href='https:\/\/zs3.rybnik.pl\/www\/galeria-20172018\/nggallery\/20172018\/studniowka_2018'>\n                        <img class=\"Thumb\"\n                             alt=\"Studni\u00f3wka 2018\"\n                             src=\"https:\/\/zs3.rybnik.pl\/www\/wp-content\/gallery\/studniowka_2018\/cache\/studn18_001.jpg-nggid03361-ngg0dyn-91x68-00f0w010c011r110f110r010t010.jpg\"\/>\n                    <\/a>\n                                    <\/div>\n            <\/div>\n                        <h4>\n                <a class='ngg-album-desc' title='Studni\u00f3wka 2018'\n                       href='https:\/\/zs3.rybnik.pl\/www\/galeria-20172018\/nggallery\/20172018\/studniowka_2018'style=\"max-width: 111px\">Studni\u00f3wka 2018<\/a>\n            <\/h4>\n            <p class=\"ngg-album-gallery-image-counter\">\n                                    <strong>25<\/strong>&nbsp;Zdj\u0119\u0107                            <\/p>\n        <\/div>\n            <div class=\"ngg-album-compact\">\n            <div class=\"ngg-album-compactbox\">\n                <div class=\"ngg-album-link\">\n                                        <a title='Erasmus- wizyta w Hiszpanii'\n                       href='https:\/\/zs3.rybnik.pl\/www\/galeria-20172018\/nggallery\/20172018\/Erasmus--wizyta-w-Hiszpanii'>\n                        <img class=\"Thumb\"\n                             alt=\"Erasmus- wizyta w Hiszpanii\"\n                             src=\"https:\/\/zs3.rybnik.pl\/www\/wp-content\/gallery\/erasmus-wizyta-w-hiszpanii\/cache\/1.JPG-nggid03555-ngg0dyn-91x68-00f0w010c011r110f110r010t010.JPG\"\/>\n                    <\/a>\n                                    <\/div>\n            <\/div>\n                        <h4>\n                <a class='ngg-album-desc' title='Erasmus- wizyta w Hiszpanii'\n                       href='https:\/\/zs3.rybnik.pl\/www\/galeria-20172018\/nggallery\/20172018\/Erasmus--wizyta-w-Hiszpanii'style=\"max-width: 111px\">Erasmus- wizyta w Hiszpanii<\/a>\n            <\/h4>\n            <p class=\"ngg-album-gallery-image-counter\">\n                                    <strong>34<\/strong>&nbsp;Zdj\u0119\u0107                            <\/p>\n        <\/div>\n            <div class=\"ngg-album-compact\">\n            <div class=\"ngg-album-compactbox\">\n                <div class=\"ngg-album-link\">\n                                        <a title='Dzie\u0144 Promocji zdrowia 2018'\n                       href='https:\/\/zs3.rybnik.pl\/www\/galeria-20172018\/nggallery\/20172018\/Dzie\u0144-Promocji-zdrowia-2018-1'>\n                        <img class=\"Thumb\"\n                             alt=\"Dzie\u0144 Promocji zdrowia 2018\"\n                             src=\"https:\/\/zs3.rybnik.pl\/www\/wp-content\/gallery\/dzien-promocji-zdrowia-2018-1\/cache\/1.jpg-nggid03771-ngg0dyn-91x68-00f0w010c011r110f110r010t010.jpg\"\/>\n                    <\/a>\n                                    <\/div>\n            <\/div>\n                        <h4>\n                <a class='ngg-album-desc' title='Dzie\u0144 Promocji zdrowia 2018'\n                       href='https:\/\/zs3.rybnik.pl\/www\/galeria-20172018\/nggallery\/20172018\/Dzie\u0144-Promocji-zdrowia-2018-1'style=\"max-width: 111px\">Dzie\u0144 Promocji zdrowia 2018<\/a>\n            <\/h4>\n            <p class=\"ngg-album-gallery-image-counter\">\n                                    <strong>56<\/strong>&nbsp;Zdj\u0119\u0107                            <\/p>\n        <\/div>\n            <div class=\"ngg-album-compact\">\n            <div class=\"ngg-album-compactbox\">\n                <div class=\"ngg-album-link\">\n                                        <a title='Erasmus-wizyta w Polsce'\n                       href='https:\/\/zs3.rybnik.pl\/www\/galeria-20172018\/nggallery\/20172018\/Erasmus-Go\u015bcie-z-Hiszpanii2'>\n                        <img class=\"Thumb\"\n                             alt=\"Erasmus-wizyta w Polsce\"\n                             src=\"https:\/\/zs3.rybnik.pl\/www\/wp-content\/gallery\/erasmus-goscie-z-hiszpanii2\/cache\/DSC00697.JPG-nggid03747-ngg0dyn-91x68-00f0w010c011r110f110r010t010.JPG\"\/>\n                    <\/a>\n                                    <\/div>\n            <\/div>\n                        <h4>\n                <a class='ngg-album-desc' title='Erasmus-wizyta w Polsce'\n                       href='https:\/\/zs3.rybnik.pl\/www\/galeria-20172018\/nggallery\/20172018\/Erasmus-Go\u015bcie-z-Hiszpanii2'style=\"max-width: 111px\">Erasmus-wizyta w Polsce<\/a>\n            <\/h4>\n            <p class=\"ngg-album-gallery-image-counter\">\n                                    <strong>24<\/strong>&nbsp;Zdj\u0119\u0107                            <\/p>\n        <\/div>\n            <div class=\"ngg-album-compact\">\n            <div class=\"ngg-album-compactbox\">\n                <div class=\"ngg-album-link\">\n                                        <a title='II_Dzie\u0144_Otwarty_SP31'\n                       href='https:\/\/zs3.rybnik.pl\/www\/galeria-20172018\/nggallery\/20172018\/II_Dzie\u0144_Otwarty_SP31'>\n                        <img class=\"Thumb\"\n                             alt=\"II_Dzie\u0144_Otwarty_SP31\"\n                             src=\"https:\/\/zs3.rybnik.pl\/www\/wp-content\/gallery\/ii_dzien_otwarty_sp31\/cache\/1.jpg-nggid03834-ngg0dyn-91x68-00f0w010c011r110f110r010t010.jpg\"\/>\n                    <\/a>\n                                    <\/div>\n            <\/div>\n                        <h4>\n                <a class='ngg-album-desc' title='II_Dzie\u0144_Otwarty_SP31'\n                       href='https:\/\/zs3.rybnik.pl\/www\/galeria-20172018\/nggallery\/20172018\/II_Dzie\u0144_Otwarty_SP31'style=\"max-width: 111px\">II_Dzie\u0144_Otwarty_SP31<\/a>\n            <\/h4>\n            <p class=\"ngg-album-gallery-image-counter\">\n                                    <strong>55<\/strong>&nbsp;Zdj\u0119\u0107                            <\/p>\n        <\/div>\n            <div class=\"ngg-album-compact\">\n            <div class=\"ngg-album-compactbox\">\n                <div class=\"ngg-album-link\">\n                                        <a title='\u0141\u0105czy nas pami\u0119\u0107_2018'\n                       href='https:\/\/zs3.rybnik.pl\/www\/galeria-20172018\/nggallery\/20172018\/laczy-nas-pamiec_2018'>\n                        <img class=\"Thumb\"\n                             alt=\"\u0141\u0105czy nas pami\u0119\u0107_2018\"\n                             src=\"https:\/\/zs3.rybnik.pl\/www\/wp-content\/gallery\/laczy-nas-pamiec_2018_1\/cache\/Zonkile_01.jpg-nggid03898-ngg0dyn-91x68-00f0w010c011r110f110r010t010.jpg\"\/>\n                    <\/a>\n                                    <\/div>\n            <\/div>\n                        <h4>\n                <a class='ngg-album-desc' title='\u0141\u0105czy nas pami\u0119\u0107_2018'\n                       href='https:\/\/zs3.rybnik.pl\/www\/galeria-20172018\/nggallery\/20172018\/laczy-nas-pamiec_2018'style=\"max-width: 111px\">\u0141\u0105czy nas pami\u0119\u0107_2018<\/a>\n            <\/h4>\n            <p class=\"ngg-album-gallery-image-counter\">\n                                    <strong>6<\/strong>&nbsp;Zdj\u0119\u0107                            <\/p>\n        <\/div>\n            <div class=\"ngg-album-compact\">\n            <div class=\"ngg-album-compactbox\">\n                <div class=\"ngg-album-link\">\n                                        <a title='Erasmus_Dzie\u0144_wody_2018'\n                       href='https:\/\/zs3.rybnik.pl\/www\/galeria-20172018\/nggallery\/20172018\/Erasmus_Dzie\u0144_wody_2018'>\n                        <img class=\"Thumb\"\n                             alt=\"Erasmus_Dzie\u0144_wody_2018\"\n                             src=\"https:\/\/zs3.rybnik.pl\/www\/wp-content\/gallery\/erasmus_dzien_wody_2018\/cache\/1.jpg-nggid03903-ngg0dyn-91x68-00f0w010c011r110f110r010t010.jpg\"\/>\n                    <\/a>\n                                    <\/div>\n            <\/div>\n                        <h4>\n                <a class='ngg-album-desc' title='Erasmus_Dzie\u0144_wody_2018'\n                       href='https:\/\/zs3.rybnik.pl\/www\/galeria-20172018\/nggallery\/20172018\/Erasmus_Dzie\u0144_wody_2018'style=\"max-width: 111px\">Erasmus_Dzie\u0144_wody_2018<\/a>\n            <\/h4>\n            <p class=\"ngg-album-gallery-image-counter\">\n                                    <strong>22<\/strong>&nbsp;Zdj\u0119\u0107                            <\/p>\n        <\/div>\n            <div class=\"ngg-album-compact\">\n            <div class=\"ngg-album-compactbox\">\n                <div class=\"ngg-album-link\">\n                                        <a title='Moja_Niepodlegla_2018'\n                       href='https:\/\/zs3.rybnik.pl\/www\/galeria-20172018\/nggallery\/20172018\/Moja_Niepodlegla_2018'>\n                        <img class=\"Thumb\"\n                             alt=\"Moja_Niepodlegla_2018\"\n                             src=\"https:\/\/zs3.rybnik.pl\/www\/wp-content\/gallery\/moja_niepodlegla_2018\/cache\/M_Niepodlegla_04.jpg-nggid03929-ngg0dyn-91x68-00f0w010c011r110f110r010t010.jpg\"\/>\n                    <\/a>\n                                    <\/div>\n            <\/div>\n                        <h4>\n                <a class='ngg-album-desc' title='Moja_Niepodlegla_2018'\n                       href='https:\/\/zs3.rybnik.pl\/www\/galeria-20172018\/nggallery\/20172018\/Moja_Niepodlegla_2018'style=\"max-width: 111px\">Moja_Niepodlegla_2018<\/a>\n            <\/h4>\n            <p class=\"ngg-album-gallery-image-counter\">\n                                    <strong>4<\/strong>&nbsp;Zdj\u0119\u0107                            <\/p>\n        <\/div>\n            <div class=\"ngg-album-compact\">\n            <div class=\"ngg-album-compactbox\">\n                <div class=\"ngg-album-link\">\n                                        <a title='Erasmus-warsztaty chemiczne'\n                       href='https:\/\/zs3.rybnik.pl\/www\/galeria-20172018\/nggallery\/20172018\/Erasmus-warsztaty-chemiczne'>\n                        <img class=\"Thumb\"\n                             alt=\"Erasmus-warsztaty chemiczne\"\n                             src=\"https:\/\/zs3.rybnik.pl\/www\/wp-content\/gallery\/erasmus-warsztaty-chemiczne\/cache\/1.jpg-nggid03943-ngg0dyn-91x68-00f0w010c011r110f110r010t010.jpg\"\/>\n                    <\/a>\n                                    <\/div>\n            <\/div>\n                        <h4>\n                <a class='ngg-album-desc' title='Erasmus-warsztaty chemiczne'\n                       href='https:\/\/zs3.rybnik.pl\/www\/galeria-20172018\/nggallery\/20172018\/Erasmus-warsztaty-chemiczne'style=\"max-width: 111px\">Erasmus-warsztaty chemiczne<\/a>\n            <\/h4>\n            <p class=\"ngg-album-gallery-image-counter\">\n                                    <strong>26<\/strong>&nbsp;Zdj\u0119\u0107                            <\/p>\n        <\/div>\n            <div class=\"ngg-album-compact\">\n            <div class=\"ngg-album-compactbox\">\n                <div class=\"ngg-album-link\">\n                                        <a title='Erasmus-wideokonferencja2'\n                       href='https:\/\/zs3.rybnik.pl\/www\/galeria-20172018\/nggallery\/20172018\/Erasmus-wideokonferencja2'>\n                        <img class=\"Thumb\"\n                             alt=\"Erasmus-wideokonferencja2\"\n                             src=\"https:\/\/zs3.rybnik.pl\/www\/wp-content\/gallery\/erasmus-wideokonferencja2\/cache\/1.jpg-nggid03973-ngg0dyn-91x68-00f0w010c011r110f110r010t010.jpg\"\/>\n                    <\/a>\n                                    <\/div>\n            <\/div>\n                        <h4>\n                <a class='ngg-album-desc' title='Erasmus-wideokonferencja2'\n                       href='https:\/\/zs3.rybnik.pl\/www\/galeria-20172018\/nggallery\/20172018\/Erasmus-wideokonferencja2'style=\"max-width: 111px\">Erasmus-wideokonferencja2<\/a>\n            <\/h4>\n            <p class=\"ngg-album-gallery-image-counter\">\n                                    <strong>17<\/strong>&nbsp;Zdj\u0119\u0107                            <\/p>\n        <\/div>\n            <div class=\"ngg-album-compact\">\n            <div class=\"ngg-album-compactbox\">\n                <div class=\"ngg-album-link\">\n                                        <a title='Festiwal_projekt\u00f3w08.06.2018'\n                       href='https:\/\/zs3.rybnik.pl\/www\/galeria-20172018\/nggallery\/20172018\/Festiwal_projekt\u00f3w08.06.2018'>\n                        <img class=\"Thumb\"\n                             alt=\"Festiwal_projekt\u00f3w08.06.2018\"\n                             src=\"https:\/\/zs3.rybnik.pl\/www\/wp-content\/gallery\/festiwal_projektow08-06-2018\/cache\/2a1.jpg-nggid041003-ngg0dyn-91x68-00f0w010c011r110f110r010t010.jpg\"\/>\n                    <\/a>\n                                    <\/div>\n            <\/div>\n                        <h4>\n                <a class='ngg-album-desc' title='Festiwal_projekt\u00f3w08.06.2018'\n                       href='https:\/\/zs3.rybnik.pl\/www\/galeria-20172018\/nggallery\/20172018\/Festiwal_projekt\u00f3w08.06.2018'style=\"max-width: 111px\">Festiwal_projekt\u00f3w08.06.2018<\/a>\n            <\/h4>\n            <p class=\"ngg-album-gallery-image-counter\">\n                                    <strong>58<\/strong>&nbsp;Zdj\u0119\u0107                            <\/p>\n        <\/div>\n            <div class=\"ngg-album-compact\">\n            <div class=\"ngg-album-compactbox\">\n                <div class=\"ngg-album-link\">\n                                        <a title='Zako\u0144czenie_roku_2018'\n                       href='https:\/\/zs3.rybnik.pl\/www\/galeria-20172018\/nggallery\/20172018\/Zako\u0144czenie_roku_2018'>\n                        <img class=\"Thumb\"\n                             alt=\"Zako\u0144czenie_roku_2018\"\n                             src=\"https:\/\/zs3.rybnik.pl\/www\/wp-content\/gallery\/zakonczenie_roku_2018\/cache\/1.jpg-nggid041082-ngg0dyn-91x68-00f0w010c011r110f110r010t010.jpg\"\/>\n                    <\/a>\n                                    <\/div>\n            <\/div>\n                        <h4>\n                <a class='ngg-album-desc' title='Zako\u0144czenie_roku_2018'\n                       href='https:\/\/zs3.rybnik.pl\/www\/galeria-20172018\/nggallery\/20172018\/Zako\u0144czenie_roku_2018'style=\"max-width: 111px\">Zako\u0144czenie_roku_2018<\/a>\n            <\/h4>\n            <p class=\"ngg-album-gallery-image-counter\">\n                                    <strong>18<\/strong>&nbsp;Zdj\u0119\u0107                            <\/p>\n        <\/div>\n        <br class=\"ngg-clear\"\/>\n    <div class='ngg-clear'><\/div><\/div>\n\n","protected":false},"excerpt":{"rendered":"","protected":false},"author":2,"featured_media":0,"parent":0,"menu_order":0,"comment_status":"closed","ping_status":"closed","template":"","meta":{"ngg_post_thumbnail":0},"_links":{"self":[{"href":"https:\/\/zs3.rybnik.pl\/www\/wp-json\/wp\/v2\/pages\/1862"}],"collection":[{"href":"https:\/\/zs3.rybnik.pl\/www\/wp-json\/wp\/v2\/pages"}],"about":[{"href":"https:\/\/zs3.rybnik.pl\/www\/wp-json\/wp\/v2\/types\/page"}],"author":[{"embeddable":true,"href":"https:\/\/zs3.rybnik.pl\/www\/wp-json\/wp\/v2\/users\/2"}],"replies":[{"embeddable":true,"href":"https:\/\/zs3.rybnik.pl\/www\/wp-json\/wp\/v2\/comments?post=1862"}],"version-history":[{"count":2,"href":"https:\/\/zs3.rybnik.pl\/www\/wp-json\/wp\/v2\/pages\/1862\/revisions"}],"predecessor-version":[{"id":1880,"href":"https:\/\/zs3.rybnik.pl\/www\/wp-json\/wp\/v2\/pages\/1862\/revisions\/1880"}],"wp:attachment":[{"href":"https:\/\/zs3.rybnik.pl\/www\/wp-json\/wp\/v2\/media?parent=1862"}],"curies":[{"name":"wp","href":"https:\/\/api.w.org\/{rel}","templated":true}]}}