{"id":19028,"date":"2025-08-20T12:14:05","date_gmt":"2025-08-20T10:14:05","guid":{"rendered":"https:\/\/zs3.rybnik.pl\/www\/?page_id=19028"},"modified":"2025-08-20T12:14:05","modified_gmt":"2025-08-20T10:14:05","slug":"scwew","status":"publish","type":"page","link":"https:\/\/zs3.rybnik.pl\/www\/scwew\/","title":{"rendered":"SCWEW"},"content":{"rendered":"\n<p><br><\/p>\n\n\n\n<div class=\"wp-block-media-text alignwide is-stacked-on-mobile\" style=\"grid-template-columns:30% auto\"><figure class=\"wp-block-media-text__media\"><img loading=\"lazy\" width=\"248\" height=\"289\" src=\"https:\/\/zs3.rybnik.pl\/www\/wp-content\/uploads\/2025\/08\/cropped-logo_SCWEW-2.png\" alt=\"\" class=\"wp-image-19030 size-full\" srcset=\"https:\/\/zs3.rybnik.pl\/www\/wp-content\/uploads\/2025\/08\/cropped-logo_SCWEW-2.png 248w, https:\/\/zs3.rybnik.pl\/www\/wp-content\/uploads\/2025\/08\/cropped-logo_SCWEW-2-136x159.png 136w\" sizes=\"(max-width: 248px) 100vw, 248px\" \/><\/figure><div class=\"wp-block-media-text__content\">\n<p class=\"has-medium-font-size\"><a rel=\"noreferrer noopener\" href=\"https:\/\/scwew.zs6rybnik.pl\/\" target=\"_blank\">Specjalistyczne Centrum<\/a><strong><a href=\"https:\/\/scwew.zs6rybnik.pl\/\" target=\"_blank\" rel=\"noreferrer noopener\"> <\/a><\/strong><a rel=\"noreferrer noopener\" href=\"https:\/\/scwew.zs6rybnik.pl\/\" target=\"_blank\">Wspieraj\u0105ce Edukacj\u0119 W\u0142\u0105czaj\u0105c\u0105<\/a><\/p>\n<\/div><\/div>\n\n\n\n<p><br><br><a href=\"https:\/\/www.rybnik.eu\/dla-mieszkancow\/aktualnosci\/aktualnosc\/specjalistyczne-centrum-wspierajace-edukacje-wlaczajaca\" target=\"_blank\" rel=\"noreferrer noopener\">O projekcie<\/a><br><br><\/p>\n\n\n\n<div class=\"wp-block-image\"><figure class=\"aligncenter size-full\"><img loading=\"lazy\" width=\"278\" height=\"499\" src=\"https:\/\/zs3.rybnik.pl\/www\/wp-content\/uploads\/2025\/08\/contain-500-500-max-fers-pion-2-1.webp\" alt=\"\" class=\"wp-image-19049\" srcset=\"https:\/\/zs3.rybnik.pl\/www\/wp-content\/uploads\/2025\/08\/contain-500-500-max-fers-pion-2-1.webp 278w, https:\/\/zs3.rybnik.pl\/www\/wp-content\/uploads\/2025\/08\/contain-500-500-max-fers-pion-2-1-167x300.webp 167w, https:\/\/zs3.rybnik.pl\/www\/wp-content\/uploads\/2025\/08\/contain-500-500-max-fers-pion-2-1-89x159.webp 89w\" sizes=\"(max-width: 278px) 100vw, 278px\" \/><\/figure><\/div>\n","protected":false},"excerpt":{"rendered":"<p>Specjalistyczne Centrum Wspieraj\u0105ce Edukacj\u0119 W\u0142\u0105czaj\u0105c\u0105 O projekcie<\/p>\n","protected":false},"author":7,"featured_media":0,"parent":0,"menu_order":0,"comment_status":"closed","ping_status":"closed","template":"","meta":{"ngg_post_thumbnail":0},"_links":{"self":[{"href":"https:\/\/zs3.rybnik.pl\/www\/wp-json\/wp\/v2\/pages\/19028"}],"collection":[{"href":"https:\/\/zs3.rybnik.pl\/www\/wp-json\/wp\/v2\/pages"}],"about":[{"href":"https:\/\/zs3.rybnik.pl\/www\/wp-json\/wp\/v2\/types\/page"}],"author":[{"embeddable":true,"href":"https:\/\/zs3.rybnik.pl\/www\/wp-json\/wp\/v2\/users\/7"}],"replies":[{"embeddable":true,"href":"https:\/\/zs3.rybnik.pl\/www\/wp-json\/wp\/v2\/comments?post=19028"}],"version-history":[{"count":18,"href":"https:\/\/zs3.rybnik.pl\/www\/wp-json\/wp\/v2\/pages\/19028\/revisions"}],"predecessor-version":[{"id":19050,"href":"https:\/\/zs3.rybnik.pl\/www\/wp-json\/wp\/v2\/pages\/19028\/revisions\/19050"}],"wp:attachment":[{"href":"https:\/\/zs3.rybnik.pl\/www\/wp-json\/wp\/v2\/media?parent=19028"}],"curies":[{"name":"wp","href":"https:\/\/api.w.org\/{rel}","templated":true}]}}