{"id":19086,"date":"2025-08-28T12:02:53","date_gmt":"2025-08-28T10:02:53","guid":{"rendered":"https:\/\/zs3.rybnik.pl\/www\/?page_id=19086"},"modified":"2025-09-14T22:16:06","modified_gmt":"2025-09-14T20:16:06","slug":"pedagog-specjalny","status":"publish","type":"page","link":"https:\/\/zs3.rybnik.pl\/www\/pedagog-specjalny\/","title":{"rendered":"Pedagog specjalny"},"content":{"rendered":"\n<p>PRZED WIZYT\u0104 RODZIC\u00d3W\/OPIEKUN\u00d3W PRAWNYCH U PEDAGOGA SPECJALNEGO PROSIMY O WCZE\u015aNIEJSZY KONTAKT TELEFONICZNY W CELU UZGODNIENIA TERMINU SPOTKANIA.<br><br><\/p>\n\n\n\n<p><strong>mgr Monika Przybylska<\/strong> &#8211; absolwentka Uniwersytetu Pedagogicznego <br>w Krakowie uko\u0144czy\u0142a studia na kierunku Pedagogika Specjalna <br>w specjalno\u015bci Oligofrenopedgogika. Uzyska\u0142a dodatkowe kwalifikacje na studiach magisterskich z Wczesnego Wspomagania Rozwoju Dziecka.<br>Posiada do\u015bwiadczenie w pracy jako Pedagog Specjalny z Uczniami <br>ze Specjalnymi Potrzebami Edukacyjnymi. <br><br>Pedagog specjalny jest po to, by wspiera\u0107 i pomaga\u0107. Nie ocenia, nie krytykuje \u2013 szuka rozwi\u0105za\u0144 i wsp\u00f3lnie z Wami pracuje nad tym, aby szko\u0142a by\u0142a miejscem przyjaznym dla ka\u017cdego ucznia. <br><br>Zapraszamy do kontaktu!<\/p>\n","protected":false},"excerpt":{"rendered":"<p>PRZED WIZYT\u0104 RODZIC\u00d3W\/OPIEKUN\u00d3W PRAWNYCH U PEDAGOGA SPECJALNEGO PROSIMY O WCZE\u015aNIEJSZY KONTAKT TELEFONICZNY W CELU UZGODNIENIA TERMINU SPOTKANIA. mgr Monika Przybylska &#8211; absolwentka Uniwersytetu Pedagogicznego w Krakowie uko\u0144czy\u0142a studia na kierunku Pedagogika Specjalna w specjalno\u015bci Oligofrenopedgogika. Uzyska\u0142a dodatkowe kwalifikacje na studiach [&hellip;]<\/p>\n","protected":false},"author":7,"featured_media":0,"parent":0,"menu_order":0,"comment_status":"closed","ping_status":"closed","template":"","meta":{"ngg_post_thumbnail":0},"_links":{"self":[{"href":"https:\/\/zs3.rybnik.pl\/www\/wp-json\/wp\/v2\/pages\/19086"}],"collection":[{"href":"https:\/\/zs3.rybnik.pl\/www\/wp-json\/wp\/v2\/pages"}],"about":[{"href":"https:\/\/zs3.rybnik.pl\/www\/wp-json\/wp\/v2\/types\/page"}],"author":[{"embeddable":true,"href":"https:\/\/zs3.rybnik.pl\/www\/wp-json\/wp\/v2\/users\/7"}],"replies":[{"embeddable":true,"href":"https:\/\/zs3.rybnik.pl\/www\/wp-json\/wp\/v2\/comments?post=19086"}],"version-history":[{"count":2,"href":"https:\/\/zs3.rybnik.pl\/www\/wp-json\/wp\/v2\/pages\/19086\/revisions"}],"predecessor-version":[{"id":19292,"href":"https:\/\/zs3.rybnik.pl\/www\/wp-json\/wp\/v2\/pages\/19086\/revisions\/19292"}],"wp:attachment":[{"href":"https:\/\/zs3.rybnik.pl\/www\/wp-json\/wp\/v2\/media?parent=19086"}],"curies":[{"name":"wp","href":"https:\/\/api.w.org\/{rel}","templated":true}]}}