{"id":19088,"date":"2025-08-28T12:03:06","date_gmt":"2025-08-28T10:03:06","guid":{"rendered":"https:\/\/zs3.rybnik.pl\/www\/?page_id=19088"},"modified":"2025-09-14T22:08:48","modified_gmt":"2025-09-14T20:08:48","slug":"psycholog-szkolny","status":"publish","type":"page","link":"https:\/\/zs3.rybnik.pl\/www\/psycholog-szkolny\/","title":{"rendered":"Psycholog szkolny"},"content":{"rendered":"\n<div class=\"wp-block-image\"><figure class=\"aligncenter size-full is-resized\"><img loading=\"lazy\" src=\"https:\/\/zs3.rybnik.pl\/www\/wp-content\/uploads\/2025\/09\/k_n.jpg\" alt=\"\" class=\"wp-image-19288\" width=\"511\" height=\"450\" srcset=\"https:\/\/zs3.rybnik.pl\/www\/wp-content\/uploads\/2025\/09\/k_n.jpg 568w, https:\/\/zs3.rybnik.pl\/www\/wp-content\/uploads\/2025\/09\/k_n-300x265.jpg 300w, https:\/\/zs3.rybnik.pl\/www\/wp-content\/uploads\/2025\/09\/k_n-159x140.jpg 159w\" sizes=\"(max-width: 511px) 100vw, 511px\" \/><\/figure><\/div>\n\n\n\n<p>PRZED WIZYT\u0104 RODZIC\u00d3W\/OPIEKUN\u00d3W PRAWNYCH U PSYCHOLOGA SZKOLNEGO PROSIMY O WCZE\u015aNIEJSZY KONTAKT TELEFONICZNY W CELU UZGODNIENIA TERMINU SPOTKANIA.<br><br><\/p>\n\n\n\n<p><strong>mgr Katarzyna Niekowal<\/strong> \u2013 absolwentka Uniwersytetu \u015al\u0105skiego <br>w Katowicach na kierunku psychologia. Uzyska\u0142a dodatkowe kwalifikacja na studiach podyplomowych dla bieg\u0142ych z zakresu psychologii, a tak\u017ce uko\u0144czy\u0142a <strong>Szko\u0142\u0119 Psychoterapeut\u00f3w Gestalt.<\/strong><\/p>\n\n\n\n<p>Posiada ponad 15-letnie do\u015bwiadczenie zawodowe, w zakresie psychologii klinicznej, s\u0105dowej, rozwojowej. Specjalizuj\u0119 si\u0119 w diagnozie i terapii dzieci <br>i m\u0142odzie\u017cy oraz ich rodzin. W swoim dorobku ma r\u00f3wnie\u017c wieloletni\u0105 praktyk\u0119 w zakresie pracy terapeutycznej z dzie\u0107mi i ich rodzinami oraz wieloletnie do\u015bwiadczenie w prowadzeniu terapii dzieci i m\u0142odzie\u017cy <br>z ca\u0142o\u015bciowymi zaburzeniami rozwoju, tj. autyzmem.<\/p>\n","protected":false},"excerpt":{"rendered":"<p>PRZED WIZYT\u0104 RODZIC\u00d3W\/OPIEKUN\u00d3W PRAWNYCH U PSYCHOLOGA SZKOLNEGO PROSIMY O WCZE\u015aNIEJSZY KONTAKT TELEFONICZNY W CELU UZGODNIENIA TERMINU SPOTKANIA. mgr Katarzyna Niekowal \u2013 absolwentka Uniwersytetu \u015al\u0105skiego w Katowicach na kierunku psychologia. Uzyska\u0142a dodatkowe kwalifikacja na studiach podyplomowych dla bieg\u0142ych z zakresu psychologii, [&hellip;]<\/p>\n","protected":false},"author":7,"featured_media":0,"parent":0,"menu_order":0,"comment_status":"closed","ping_status":"closed","template":"","meta":{"ngg_post_thumbnail":0},"_links":{"self":[{"href":"https:\/\/zs3.rybnik.pl\/www\/wp-json\/wp\/v2\/pages\/19088"}],"collection":[{"href":"https:\/\/zs3.rybnik.pl\/www\/wp-json\/wp\/v2\/pages"}],"about":[{"href":"https:\/\/zs3.rybnik.pl\/www\/wp-json\/wp\/v2\/types\/page"}],"author":[{"embeddable":true,"href":"https:\/\/zs3.rybnik.pl\/www\/wp-json\/wp\/v2\/users\/7"}],"replies":[{"embeddable":true,"href":"https:\/\/zs3.rybnik.pl\/www\/wp-json\/wp\/v2\/comments?post=19088"}],"version-history":[{"count":2,"href":"https:\/\/zs3.rybnik.pl\/www\/wp-json\/wp\/v2\/pages\/19088\/revisions"}],"predecessor-version":[{"id":19290,"href":"https:\/\/zs3.rybnik.pl\/www\/wp-json\/wp\/v2\/pages\/19088\/revisions\/19290"}],"wp:attachment":[{"href":"https:\/\/zs3.rybnik.pl\/www\/wp-json\/wp\/v2\/media?parent=19088"}],"curies":[{"name":"wp","href":"https:\/\/api.w.org\/{rel}","templated":true}]}}