{"id":19152,"date":"2025-09-01T08:19:04","date_gmt":"2025-09-01T06:19:04","guid":{"rendered":"https:\/\/zs3.rybnik.pl\/www\/?page_id=19152"},"modified":"2026-04-21T20:27:30","modified_gmt":"2026-04-21T18:27:30","slug":"dorosli","status":"publish","type":"page","link":"https:\/\/zs3.rybnik.pl\/www\/dorosli\/","title":{"rendered":"Liceum Dla Doros\u0142ych"},"content":{"rendered":"\n<div class=\"wp-block-file\"><div class='afi-document'><div class='afi-document-icon'><a href='https:\/\/zs3.rybnik.pl\/www\/wp-content\/uploads\/2026\/04\/Plan-zajec-w-dniach-24.04-i-25.04.pdf'><img src='https:\/\/zs3.rybnik.pl\/www\/wp-content\/plugins\/attachment-file-icons\/mime\/pdf-icon.png'\/><\/a><\/div><div class='afi-document-link'><a href=\"https:\/\/zs3.rybnik.pl\/www\/wp-content\/uploads\/2026\/04\/Plan-zajec-w-dniach-24.04-i-25.04.pdf\" target=\"_blank\" rel=\"noreferrer noopener\">Plan zaj\u0119\u0107 w dniach 24.04 i 25.04<\/a><\/div><\/div><div class='afi-clear'><\/div><\/div>\n\n\n\n<div class=\"wp-block-file\"><div class='afi-document'><div class='afi-document-icon'><a href='https:\/\/zs3.rybnik.pl\/www\/wp-content\/uploads\/2025\/09\/HArmonogram-zjazdow.pdf'><img src='https:\/\/zs3.rybnik.pl\/www\/wp-content\/plugins\/attachment-file-icons\/mime\/pdf-icon.png'\/><\/a><\/div><div class='afi-document-link'><a href=\"https:\/\/zs3.rybnik.pl\/www\/wp-content\/uploads\/2025\/09\/HArmonogram-zjazdow.pdf\" target=\"_blank\" rel=\"noreferrer noopener\">Harmonogram zjazd\u00f3w<\/a><\/div><\/div><div class='afi-clear'><\/div><\/div>\n\n\n\n<div class=\"wp-block-file\"><div class='afi-document'><div class='afi-document-icon'><a href='https:\/\/zs3.rybnik.pl\/www\/wp-content\/uploads\/2026\/02\/SHES3.pdf'><img src='https:\/\/zs3.rybnik.pl\/www\/wp-content\/plugins\/attachment-file-icons\/mime\/pdf-icon.png'\/><\/a><\/div><div class='afi-document-link'><a href=\"https:\/\/zs3.rybnik.pl\/www\/wp-content\/uploads\/2026\/02\/SHES3.pdf\" target=\"_blank\" rel=\"noreferrer noopener\">SZKOLNY HARMONOGRAM EGZAMIN\u00d3W SEMESTRALNYCH &#8211; SEMESTR II 2025\/2026<\/a><\/div><\/div><div class='afi-clear'><\/div><\/div>\n\n\n\n<div class=\"wp-block-file\"><div class='afi-document'><div class='afi-document-icon'><a href='https:\/\/zs3.rybnik.pl\/www\/wp-content\/uploads\/2025\/09\/GODZINOWY-ROZKLAD-ZAJEC-LEKCYJNYCH-W-LICEUM-DLA-DOROSLYCH.pdf'><img src='https:\/\/zs3.rybnik.pl\/www\/wp-content\/plugins\/attachment-file-icons\/mime\/pdf-icon.png'\/><\/a><\/div><div class='afi-document-link'><a href=\"https:\/\/zs3.rybnik.pl\/www\/wp-content\/uploads\/2025\/09\/GODZINOWY-ROZKLAD-ZAJEC-LEKCYJNYCH-W-LICEUM-DLA-DOROSLYCH.pdf\" target=\"_blank\" rel=\"noreferrer noopener\">GODZINOWY ROZK\u0141AD ZAJ\u0118\u0106 LEKCYJNYCH W LICEUM DLA DOROS\u0141YCH<\/a><\/div><\/div><div class='afi-clear'><\/div><\/div>\n\n\n\n<div class=\"wp-block-file\"><div class='afi-document'><div class='afi-document-icon'><a href='https:\/\/zs3.rybnik.pl\/www\/wp-content\/uploads\/2025\/09\/Lista-podrecznikow-_-Liceum-dla-doroslych-_-rok-szkolny-2025_2026.pdf'><img src='https:\/\/zs3.rybnik.pl\/www\/wp-content\/plugins\/attachment-file-icons\/mime\/pdf-icon.png'\/><\/a><\/div><div class='afi-document-link'><a href=\"https:\/\/zs3.rybnik.pl\/www\/wp-content\/uploads\/2025\/09\/Lista-podrecznikow-_-Liceum-dla-doroslych-_-rok-szkolny-2025_2026.pdf\" target=\"_blank\" rel=\"noreferrer noopener\">Lista podr\u0119cznik\u00f3w w roku szkolnym 2025\/2026<\/a><\/div><\/div><div class='afi-clear'><\/div><\/div>\n\n\n\n<div class=\"wp-block-file\"><div class='afi-document'><div class='afi-document-icon'><a href='https:\/\/zs3.rybnik.pl\/www\/wp-content\/uploads\/2025\/09\/SZKOLNY-ZESTAW-PROGRAMOW-NAUCZANIA.pdf'><img src='https:\/\/zs3.rybnik.pl\/www\/wp-content\/plugins\/attachment-file-icons\/mime\/pdf-icon.png'\/><\/a><\/div><div class='afi-document-link'><a href=\"https:\/\/zs3.rybnik.pl\/www\/wp-content\/uploads\/2025\/09\/SZKOLNY-ZESTAW-PROGRAMOW-NAUCZANIA.pdf\" target=\"_blank\" rel=\"noreferrer noopener\">SZKOLNY ZESTAW PROGRAM\u00d3W NAUCZANIA<\/a><\/div><\/div><div class='afi-clear'><\/div><\/div>\n\n\n\n<div class=\"wp-block-file\"><div class='afi-document'><div class='afi-document-icon'><a href='https:\/\/zs3.rybnik.pl\/www\/wp-content\/uploads\/2025\/09\/WNIOSEK-O-WYDANIE-ZASWIADCZENIA-LOD.pdf'><img src='https:\/\/zs3.rybnik.pl\/www\/wp-content\/plugins\/attachment-file-icons\/mime\/pdf-icon.png'\/><\/a><\/div><div class='afi-document-link'><a href=\"https:\/\/zs3.rybnik.pl\/www\/wp-content\/uploads\/2025\/09\/WNIOSEK-O-WYDANIE-ZASWIADCZENIA-LOD.pdf\" target=\"_blank\" rel=\"noreferrer noopener\">Wniosek o wydanie za\u015bwiadczenia<\/a><\/div><\/div><div class='afi-clear'><\/div><\/div>\n","protected":false},"excerpt":{"rendered":"","protected":false},"author":1,"featured_media":0,"parent":0,"menu_order":0,"comment_status":"closed","ping_status":"closed","template":"","meta":{"ngg_post_thumbnail":0},"_links":{"self":[{"href":"https:\/\/zs3.rybnik.pl\/www\/wp-json\/wp\/v2\/pages\/19152"}],"collection":[{"href":"https:\/\/zs3.rybnik.pl\/www\/wp-json\/wp\/v2\/pages"}],"about":[{"href":"https:\/\/zs3.rybnik.pl\/www\/wp-json\/wp\/v2\/types\/page"}],"author":[{"embeddable":true,"href":"https:\/\/zs3.rybnik.pl\/www\/wp-json\/wp\/v2\/users\/1"}],"replies":[{"embeddable":true,"href":"https:\/\/zs3.rybnik.pl\/www\/wp-json\/wp\/v2\/comments?post=19152"}],"version-history":[{"count":28,"href":"https:\/\/zs3.rybnik.pl\/www\/wp-json\/wp\/v2\/pages\/19152\/revisions"}],"predecessor-version":[{"id":20027,"href":"https:\/\/zs3.rybnik.pl\/www\/wp-json\/wp\/v2\/pages\/19152\/revisions\/20027"}],"wp:attachment":[{"href":"https:\/\/zs3.rybnik.pl\/www\/wp-json\/wp\/v2\/media?parent=19152"}],"curies":[{"name":"wp","href":"https:\/\/api.w.org\/{rel}","templated":true}]}}