{"id":19255,"date":"2025-09-09T22:28:44","date_gmt":"2025-09-09T20:28:44","guid":{"rendered":"https:\/\/zs3.rybnik.pl\/www\/?page_id=19255"},"modified":"2025-09-09T22:40:17","modified_gmt":"2025-09-09T20:40:17","slug":"konkursy-2","status":"publish","type":"page","link":"https:\/\/zs3.rybnik.pl\/www\/konkursy-2\/","title":{"rendered":"Konkursy"},"content":{"rendered":"\n<div class=\"wp-block-file\"><div class='afi-document'><div class='afi-document-icon'><a href='https:\/\/zs3.rybnik.pl\/www\/wp-content\/uploads\/2025\/09\/regulamin-wkp-1.pdf'><img src='https:\/\/zs3.rybnik.pl\/www\/wp-content\/plugins\/attachment-file-icons\/mime\/pdf-icon.png'\/><\/a><\/div><div class='afi-document-link'><a href=\"https:\/\/zs3.rybnik.pl\/www\/wp-content\/uploads\/2025\/09\/regulamin-wkp-1.pdf\" target=\"_blank\" rel=\"noreferrer noopener\">Regulamin wojew\u00f3dzkich konkurs\u00f3w przedmiotowych dla uczni\u00f3w szk\u00f3\u0142 ponadpodstawowych wojew\u00f3dztwa \u015bl\u0105skiego w roku szkolnym 2025\/2026<\/a><\/div><\/div><div class='afi-clear'><\/div><\/div>\n\n\n\n<div class=\"wp-block-file\"><div class='afi-document'><div class='afi-document-icon'><a href='https:\/\/zs3.rybnik.pl\/www\/wp-content\/uploads\/2025\/09\/informacje-dot.-organizacji-wkp-2025_2026.pdf'><img src='https:\/\/zs3.rybnik.pl\/www\/wp-content\/plugins\/attachment-file-icons\/mime\/pdf-icon.png'\/><\/a><\/div><div class='afi-document-link'><a href=\"https:\/\/zs3.rybnik.pl\/www\/wp-content\/uploads\/2025\/09\/informacje-dot.-organizacji-wkp-2025_2026.pdf\" target=\"_blank\" rel=\"noreferrer noopener\">Informacje dotycz\u0105ce organizacji wojew\u00f3dzkich konkurs\u00f3w przedmiotowych dla uczni\u00f3w szk\u00f3\u0142 podstawowych w roku szkolnym 2025\/2026<\/a><\/div><\/div><div class='afi-clear'><\/div><\/div>\n\n\n\n<p>Pierwszy stopie\u0144 Wojew\u00f3dzkich Konkurs\u00f3w Przedmiotowych dla uczni\u00f3w szk\u00f3\u0142 podstawowych zostanie przeprowadzony <br>w nast\u0119puj\u0105cych terminach: <\/p>\n\n\n\n<ul><li>J\u0119zyk niemiecki &#8211; 30 wrze\u015bnia 2025r.<\/li><li>J\u0119zyk polski &#8211; 2 pa\u017adziernika 2025r.<\/li><li>Matematyka &#8211; 3 pa\u017adziernika 2025r.<\/li><li>J\u0119zyk angielski &#8211; 6 pa\u017adziernika 2025r.<\/li><li>Historia &#8211; 7 pa\u017adziernika 2025r.<\/li><li>Geografia &#8211; 9 pa\u017adziernika 2025r.<\/li><li>Biologia &#8211; 10 pa\u017adziernika 2025r.<\/li><li>Chemia &#8211; 15 pa\u017adziernika 2025r.<\/li><li>Fizyka &#8211; 16 pa\u017adziernika 2025r.<\/li><li>Informatyka &#8211; 17 pa\u017adziernika 2025 r.<\/li><\/ul>\n\n\n\n<p>Zakres wiedzy i umiej\u0119tno\u015bci oraz wykaz literatury WKP etap szkolny:<\/p>\n\n\n\n<div class=\"wp-block-file\"><div class='afi-document'><div class='afi-document-icon'><a href='https:\/\/zs3.rybnik.pl\/www\/wp-content\/uploads\/2025\/09\/Etap-I-matematyka.pdf'><img src='https:\/\/zs3.rybnik.pl\/www\/wp-content\/plugins\/attachment-file-icons\/mime\/pdf-icon.png'\/><\/a><\/div><div class='afi-document-link'><a href=\"https:\/\/zs3.rybnik.pl\/www\/wp-content\/uploads\/2025\/09\/Etap-I-matematyka.pdf\" target=\"_blank\" rel=\"noreferrer noopener\">Etap I &#8211; matematyka<\/a><\/div><\/div><div class='afi-clear'><\/div><\/div>\n\n\n\n<div class=\"wp-block-file\"><div class='afi-document'><div class='afi-document-icon'><a href='https:\/\/zs3.rybnik.pl\/www\/wp-content\/uploads\/2025\/09\/Etap-I-j.polski.pdf'><img src='https:\/\/zs3.rybnik.pl\/www\/wp-content\/plugins\/attachment-file-icons\/mime\/pdf-icon.png'\/><\/a><\/div><div class='afi-document-link'><a href=\"https:\/\/zs3.rybnik.pl\/www\/wp-content\/uploads\/2025\/09\/Etap-I-j.polski.pdf\" target=\"_blank\" rel=\"noreferrer noopener\">Etap I &#8211; j. polski<\/a><\/div><\/div><div class='afi-clear'><\/div><\/div>\n\n\n\n<div class=\"wp-block-file\"><div class='afi-document'><div class='afi-document-icon'><a href='https:\/\/zs3.rybnik.pl\/www\/wp-content\/uploads\/2025\/09\/Etap-I-j.angielski.pdf'><img src='https:\/\/zs3.rybnik.pl\/www\/wp-content\/plugins\/attachment-file-icons\/mime\/pdf-icon.png'\/><\/a><\/div><div class='afi-document-link'><a href=\"https:\/\/zs3.rybnik.pl\/www\/wp-content\/uploads\/2025\/09\/Etap-I-j.angielski.pdf\" target=\"_blank\" rel=\"noreferrer noopener\">Etap I &#8211; j. angielski<\/a><\/div><\/div><div class='afi-clear'><\/div><\/div>\n\n\n\n<div class=\"wp-block-file\"><div class='afi-document'><div class='afi-document-icon'><a href='https:\/\/zs3.rybnik.pl\/www\/wp-content\/uploads\/2025\/09\/Etap-I-j.-niemiecki.pdf'><img src='https:\/\/zs3.rybnik.pl\/www\/wp-content\/plugins\/attachment-file-icons\/mime\/pdf-icon.png'\/><\/a><\/div><div class='afi-document-link'><a href=\"https:\/\/zs3.rybnik.pl\/www\/wp-content\/uploads\/2025\/09\/Etap-I-j.-niemiecki.pdf\" target=\"_blank\" rel=\"noreferrer noopener\">Etap I &#8211; j. niemiecki<\/a><\/div><\/div><div class='afi-clear'><\/div><\/div>\n\n\n\n<div class=\"wp-block-file\"><div class='afi-document'><div class='afi-document-icon'><a href='https:\/\/zs3.rybnik.pl\/www\/wp-content\/uploads\/2025\/09\/Etap-I-informatyka.pdf'><img src='https:\/\/zs3.rybnik.pl\/www\/wp-content\/plugins\/attachment-file-icons\/mime\/pdf-icon.png'\/><\/a><\/div><div class='afi-document-link'><a href=\"https:\/\/zs3.rybnik.pl\/www\/wp-content\/uploads\/2025\/09\/Etap-I-informatyka.pdf\" target=\"_blank\" rel=\"noreferrer noopener\">Etap I &#8211; informatyka<\/a><\/div><\/div><div class='afi-clear'><\/div><\/div>\n\n\n\n<div class=\"wp-block-file\"><div class='afi-document'><div class='afi-document-icon'><a href='https:\/\/zs3.rybnik.pl\/www\/wp-content\/uploads\/2025\/09\/Etap-I-historia.pdf'><img src='https:\/\/zs3.rybnik.pl\/www\/wp-content\/plugins\/attachment-file-icons\/mime\/pdf-icon.png'\/><\/a><\/div><div class='afi-document-link'><a href=\"https:\/\/zs3.rybnik.pl\/www\/wp-content\/uploads\/2025\/09\/Etap-I-historia.pdf\" target=\"_blank\" rel=\"noreferrer noopener\">Etap I &#8211; historia<\/a><\/div><\/div><div class='afi-clear'><\/div><\/div>\n\n\n\n<div class=\"wp-block-file\"><div class='afi-document'><div class='afi-document-icon'><a href='https:\/\/zs3.rybnik.pl\/www\/wp-content\/uploads\/2025\/09\/Etap-I-geografia.pdf'><img src='https:\/\/zs3.rybnik.pl\/www\/wp-content\/plugins\/attachment-file-icons\/mime\/pdf-icon.png'\/><\/a><\/div><div class='afi-document-link'><a href=\"https:\/\/zs3.rybnik.pl\/www\/wp-content\/uploads\/2025\/09\/Etap-I-geografia.pdf\" target=\"_blank\" rel=\"noreferrer noopener\">Etap I &#8211; geografia<\/a><\/div><\/div><div class='afi-clear'><\/div><\/div>\n\n\n\n<div class=\"wp-block-file\"><div class='afi-document'><div class='afi-document-icon'><a href='https:\/\/zs3.rybnik.pl\/www\/wp-content\/uploads\/2025\/09\/Etap-I-fizyka.pdf'><img src='https:\/\/zs3.rybnik.pl\/www\/wp-content\/plugins\/attachment-file-icons\/mime\/pdf-icon.png'\/><\/a><\/div><div class='afi-document-link'><a href=\"https:\/\/zs3.rybnik.pl\/www\/wp-content\/uploads\/2025\/09\/Etap-I-fizyka.pdf\" target=\"_blank\" rel=\"noreferrer noopener\">Etap I &#8211; fizyka<\/a><\/div><\/div><div class='afi-clear'><\/div><\/div>\n\n\n\n<div class=\"wp-block-file\"><div class='afi-document'><div class='afi-document-icon'><a href='https:\/\/zs3.rybnik.pl\/www\/wp-content\/uploads\/2025\/09\/Etap-I-chemia.pdf'><img src='https:\/\/zs3.rybnik.pl\/www\/wp-content\/plugins\/attachment-file-icons\/mime\/pdf-icon.png'\/><\/a><\/div><div class='afi-document-link'><a href=\"https:\/\/zs3.rybnik.pl\/www\/wp-content\/uploads\/2025\/09\/Etap-I-chemia.pdf\" target=\"_blank\" rel=\"noreferrer noopener\">Etap I &#8211; chemia<\/a><\/div><\/div><div class='afi-clear'><\/div><\/div>\n\n\n\n<div class=\"wp-block-file\"><div class='afi-document'><div class='afi-document-icon'><a href='https:\/\/zs3.rybnik.pl\/www\/wp-content\/uploads\/2025\/09\/Etap-1-biologia-1.pdf'><img src='https:\/\/zs3.rybnik.pl\/www\/wp-content\/plugins\/attachment-file-icons\/mime\/pdf-icon.png'\/><\/a><\/div><div class='afi-document-link'><a href=\"https:\/\/zs3.rybnik.pl\/www\/wp-content\/uploads\/2025\/09\/Etap-1-biologia-1.pdf\" target=\"_blank\" rel=\"noreferrer noopener\">Etap I &#8211; biologia<\/a><\/div><\/div><div class='afi-clear'><\/div><\/div>\n\n\n\n<p><\/p>\n","protected":false},"excerpt":{"rendered":"<p>Pierwszy stopie\u0144 Wojew\u00f3dzkich Konkurs\u00f3w Przedmiotowych dla uczni\u00f3w szk\u00f3\u0142 podstawowych zostanie przeprowadzony w nast\u0119puj\u0105cych terminach: J\u0119zyk niemiecki &#8211; 30 wrze\u015bnia 2025r. J\u0119zyk polski &#8211; 2 pa\u017adziernika 2025r. Matematyka &#8211; 3 pa\u017adziernika 2025r. J\u0119zyk angielski &#8211; 6 pa\u017adziernika 2025r. Historia &#8211; 7 [&hellip;]<\/p>\n","protected":false},"author":7,"featured_media":0,"parent":0,"menu_order":0,"comment_status":"closed","ping_status":"closed","template":"","meta":{"ngg_post_thumbnail":0},"_links":{"self":[{"href":"https:\/\/zs3.rybnik.pl\/www\/wp-json\/wp\/v2\/pages\/19255"}],"collection":[{"href":"https:\/\/zs3.rybnik.pl\/www\/wp-json\/wp\/v2\/pages"}],"about":[{"href":"https:\/\/zs3.rybnik.pl\/www\/wp-json\/wp\/v2\/types\/page"}],"author":[{"embeddable":true,"href":"https:\/\/zs3.rybnik.pl\/www\/wp-json\/wp\/v2\/users\/7"}],"replies":[{"embeddable":true,"href":"https:\/\/zs3.rybnik.pl\/www\/wp-json\/wp\/v2\/comments?post=19255"}],"version-history":[{"count":4,"href":"https:\/\/zs3.rybnik.pl\/www\/wp-json\/wp\/v2\/pages\/19255\/revisions"}],"predecessor-version":[{"id":19277,"href":"https:\/\/zs3.rybnik.pl\/www\/wp-json\/wp\/v2\/pages\/19255\/revisions\/19277"}],"wp:attachment":[{"href":"https:\/\/zs3.rybnik.pl\/www\/wp-json\/wp\/v2\/media?parent=19255"}],"curies":[{"name":"wp","href":"https:\/\/api.w.org\/{rel}","templated":true}]}}