{"id":2747,"date":"2018-02-20T14:14:51","date_gmt":"2018-02-20T13:14:51","guid":{"rendered":"http:\/\/zs3.rybnik.pl\/www\/?page_id=2747"},"modified":"2023-01-24T23:37:35","modified_gmt":"2023-01-24T22:37:35","slug":"o-szkole","status":"publish","type":"page","link":"https:\/\/zs3.rybnik.pl\/www\/o-szkole\/","title":{"rendered":"O szkole"},"content":{"rendered":"<p style=\"text-align: justify;\"><strong>Szko\u0142a Podstawowa Mistrzostwa Sportowego nr 31<\/strong> w Rybniku to szko\u0142a dbaj\u0105ca o wizerunek uczni\u00f3w w \u015brodowisku lokalnym. Cechuje nas wysoka jako\u015b\u0107 nauczania, wychowania i kontakt\u00f3w ze \u015brodowiskiem.&nbsp; Jeste\u015bmy szko\u0142\u0105 daj\u0105c\u0105 wiele mo\u017cliwo\u015bci i szans\u0119 na <strong>dobry start w przysz\u0142o\u015b\u0107<\/strong>.&nbsp; Jako plac\u00f3wka o\u015bwiatowa dbamy o jako\u015b\u0107 naszej pracy, podnosz\u0105c jej wydajno\u015b\u0107 i dyscyplin\u0119, dbaj\u0105c o to,aby ucze\u0144 znalaz\u0142 w niej spos\u00f3b na w\u0142asne zainteresowania. Dogodna lokalizacja naszej szko\u0142y daje szeroki wachlarz mo\u017cliwo\u015bci dotarcia do niej \u015brodkami komunikacji miejskiej.<\/p>\n<p style=\"text-align: justify;\">W naszej szkole uczy <strong>specjalistyczna i wykszta\u0142cona kadra pedagogiczna<\/strong>, kt\u00f3rej postawa, podej\u015bcie do ucznia i rodzic\u00f3w, wiedza i umiej\u0119tno\u015b\u0107 jej przekazania, decyduje w znacznej mierze o dobrym wizerunku w \u015brodowisku lokalnym.<\/p>\n<p style=\"text-align: justify;\">Obecnie Szko\u0142\u0119 Podstawow\u0105 tworz\u0105:<\/p>\n<ul>\n<li style=\"text-align: justify;\">trzy klasy interdyscyplinarne (kl. 1, 2 i 3)<\/li>\n<li style=\"text-align: justify;\">dwie klasy mistrzostwa sportowego (kl. 4 i 5)<\/li>\n<\/ul>\n<p style=\"text-align: justify;\">Ka\u017cd\u0105 klas\u0119 tworz\u0105 zawodnicy graj\u0105cy w klubie <strong>RKP ROW SP Rybnik<\/strong> oraz zawodniczki graj\u0105ce w <strong>KS ROW Rybnik<\/strong>. Metodyka zaj\u0119\u0107 jest kompatybilna z systemem szkolenia w obu klubach.<\/p>\n<p style=\"text-align: justify;\"><strong>Plan zaj\u0119\u0107 uczni\u00f3w ucz\u0119szczaj\u0105cych do naszej szko\u0142y uwzgl\u0119dnia trening sportowy. <\/strong>Tym samym dzieci godz\u0105 trening sportowy z nauk\u0105 i rozwijaniem innych umiej\u0119tno\u015bci lub zainteresowa\u0144. Uczniowie uzyskuj\u0105 w ten spos\u00f3b pe\u0142en <strong>pakiet mo\u017cliwo\u015bci rozwoju sportowego<\/strong>. Szko\u0142a przywi\u0105zuje nale\u017cyt\u0105 uwag\u0119 do nauki szkolnej, aby rozw\u00f3j umiej\u0119tno\u015bci pi\u0142karskich nie przekre\u015bli\u0142 sukces\u00f3w edukacyjnych.<\/p>\n<p style=\"text-align: justify;\">Zaj\u0119cia odbywaj\u0105 si\u0119 na boisku Zespo\u0142u Szk\u00f3\u0142 nr 3 oraz na obiektach sportowych RKP ROW Rybnik. Poza zaj\u0119ciami treningowymi w pi\u0142k\u0119 no\u017cn\u0105 realizujemy r\u00f3wnie\u017c inne zaj\u0119cia sportowe wynikaj\u0105ce z podstawy programowej &#8211; uczniowie maj\u0105 mo\u017cliwo\u015b\u0107 korzystania z dw\u00f3ch wielofunkcyjnych sal gimnastycznych, salki do \u0107wicze\u0144 korekcyjnych, si\u0142owni, sali do ping ponga i auli, w kt\u00f3rej rozmieszczone s\u0105 maty do sport\u00f3w walki. Uczniowie korzystaj\u0105 z <strong>zaplecza do odnowy biologicznej<\/strong> i <strong>analizy badawczo-naukowej<\/strong>. Dodatkowo uczniowie naszej szko\u0142y ucz\u0119szczaj\u0105 na zaj\u0119cia z p\u0142ywania (basen przy Elektrowni Rybnik).<\/p>\n<p style=\"text-align: justify;\">Stawiaj\u0105c na wszechstronny rozw\u00f3j sportowy naszych wychowank\u00f3w, co najmniej raz w tygodniu trenujemy <strong>sztuki walki<\/strong> z wykwalifikowanymi i utytu\u0142owanymi instruktorami. Prowadzimy tak\u017ce zaj\u0119cia <strong>rytmikii<\/strong>, podczas kt\u00f3rych uczestnicy podnosz\u0105 nie tylko swoje kompetencje ruchowe, ale ucz\u0105 si\u0119 r\u00f3wnie\u017c samodyscypliny, prze\u0142amuj\u0105 swoje s\u0142abo\u015bci i ograniczenia, kszta\u0142tuj\u0105 charakter. Ponadto prowadzimy warsztaty z zakresu treningu motorycznego, od\u017cywiania i suplementacji w sporcie.<\/p>\n<p style=\"text-align: justify;\">Nasi uczniowie uczestnicz\u0105 w wielu wydarzeniach sportowych. Bierzemy udzia\u0142 w cyklicznie organizowanych zawodach szkolnych i mi\u0119dzyszkolnych, zar\u00f3wno tych po\u015bwi\u0119conych pi\u0142ce no\u017cnej, jak i innym dyscyplinom sportowym.<\/p>\n<p style=\"text-align: justify;\">Wa\u017cn\u0105 cech\u0105 wyr\u00f3\u017cniaj\u0105c\u0105 nas na tle innych pobliskich plac\u00f3wek o\u015bwiatowych jest dostosowany do ka\u017cdej kategorii wiekowej szczeg\u00f3\u0142owy program szkolenia pi\u0142karskiego. Realizacja programu obejmuje mi\u0119dzy innymi kontrolne testy sprawno\u015bciowe, gdzie rodzice po konsultacji z trenerem otrzymuj\u0105 informacj\u0119 zwrotn\u0105 na temat osi\u0105gni\u0119\u0107 i progresji sportowej dziecka.<\/p>\n<p style=\"text-align: justify;\">W trakcie trwania nauki szkolnej w Szkole Podstawowej nasi uczniowie dwa razy&nbsp; w roku wyje\u017cd\u017caj\u0105 na tygodniowe obozy sportowe. Ob\u00f3z letni organizowany jest przewa\u017cnie w drugim miesi\u0105cu wakacji ( sierpie\u0144). Ob\u00f3z zimowy organizowany jest w trakcie trwania roku szkolnego poza feriami zimowymi.<\/p>\n<p style=\"text-align: justify;\">Nasza szko\u0142a posiada przystosowan\u0105 sto\u0142\u00f3wk\u0119, gdzie dzieci mog\u0105 zje\u015b\u0107 smaczny, ciep\u0142y i pe\u0142nowarto\u015bciowy posi\u0142ek. Godziny posi\u0142k\u00f3w dostosowane s\u0105 do zaj\u0119\u0107 treningowych naszych uczni\u00f3w tak, aby ka\u017cdy m\u00f3g\u0142 zje\u015b\u0107 obiad bez po\u015bpiechu. Dla klas sportowych zorganizowana jest oddzielna i specjalna przerwa obiadowa.<\/p>\n<p style=\"text-align: justify;\">Informacje na temat rekrutacji do naszej szko\u0142y, rodzice mog\u0105 znale\u017a\u0107 w odpowiednich zak\u0142adkach na naszej stronie internetowej. Dyrekcja z odpowiednim wyprzedzeniem organizuje spotkania z rodzicami ch\u0119tnych uczni\u00f3w o kt\u00f3rych informuje na stronie internetowej. Kandydat, aby dosta\u0107 si\u0119 do klasy sportowej musi posiada\u0107 aktualne badania lekarskie potwierdzaj\u0105ce zdolno\u015b\u0107 do udzia\u0142u w klasie sportowej a nast\u0119pnie musi przej\u015b\u0107 odpowiednie testy sprawno\u015bci fizycznej oceniaj\u0105ce poziom potencja\u0142u sportowego. Po uzyskaniu pozytywnego wyniku test\u00f3w fizycznych osoba zapisywana jest na list\u0119 uczni\u00f3w.<\/p>\n<p style=\"text-align: justify;\">Zach\u0119camy wszystkich do skorzystania z oferty naszej szko\u0142y. Gwarantujemy profesjonalne podej\u015bcie do ka\u017cdego ucznia.<\/p>\n","protected":false},"excerpt":{"rendered":"<p>Szko\u0142a Podstawowa Mistrzostwa Sportowego nr 31 w Rybniku to szko\u0142a dbaj\u0105ca o wizerunek uczni\u00f3w w \u015brodowisku lokalnym. Cechuje nas wysoka jako\u015b\u0107 nauczania, wychowania i kontakt\u00f3w ze \u015brodowiskiem.&nbsp; Jeste\u015bmy szko\u0142\u0105 daj\u0105c\u0105 wiele mo\u017cliwo\u015bci i szans\u0119 na dobry start w przysz\u0142o\u015b\u0107.&nbsp; Jako [&hellip;]<\/p>\n","protected":false},"author":2,"featured_media":0,"parent":0,"menu_order":0,"comment_status":"closed","ping_status":"closed","template":"","meta":{"ngg_post_thumbnail":0},"_links":{"self":[{"href":"https:\/\/zs3.rybnik.pl\/www\/wp-json\/wp\/v2\/pages\/2747"}],"collection":[{"href":"https:\/\/zs3.rybnik.pl\/www\/wp-json\/wp\/v2\/pages"}],"about":[{"href":"https:\/\/zs3.rybnik.pl\/www\/wp-json\/wp\/v2\/types\/page"}],"author":[{"embeddable":true,"href":"https:\/\/zs3.rybnik.pl\/www\/wp-json\/wp\/v2\/users\/2"}],"replies":[{"embeddable":true,"href":"https:\/\/zs3.rybnik.pl\/www\/wp-json\/wp\/v2\/comments?post=2747"}],"version-history":[{"count":5,"href":"https:\/\/zs3.rybnik.pl\/www\/wp-json\/wp\/v2\/pages\/2747\/revisions"}],"predecessor-version":[{"id":13937,"href":"https:\/\/zs3.rybnik.pl\/www\/wp-json\/wp\/v2\/pages\/2747\/revisions\/13937"}],"wp:attachment":[{"href":"https:\/\/zs3.rybnik.pl\/www\/wp-json\/wp\/v2\/media?parent=2747"}],"curies":[{"name":"wp","href":"https:\/\/api.w.org\/{rel}","templated":true}]}}