{"id":3259,"date":"2018-04-09T13:33:51","date_gmt":"2018-04-09T11:33:51","guid":{"rendered":"http:\/\/zs3.rybnik.pl\/www\/?page_id=3259"},"modified":"2021-10-23T08:15:57","modified_gmt":"2021-10-23T06:15:57","slug":"zajecia-dodatkowe","status":"publish","type":"page","link":"https:\/\/zs3.rybnik.pl\/www\/zajecia-dodatkowe\/","title":{"rendered":"Zaj\u0119cia dodatkowe"},"content":{"rendered":"<p><div class='afi-document'><div class='afi-document-icon'><a href='https:\/\/zs3.rybnik.pl\/www\/wp-content\/uploads\/2021\/10\/Zajecia-wspomagajace-dla-uczniow-ZS3-na-strone_od25.10-1.pdf'><img src='https:\/\/zs3.rybnik.pl\/www\/wp-content\/plugins\/attachment-file-icons\/mime\/pdf-icon.png'\/><\/a><\/div><div class='afi-document-link'><a href=\"https:\/\/zs3.rybnik.pl\/www\/wp-content\/uploads\/2021\/10\/Zajecia-wspomagajace-dla-uczniow-ZS3-na-strone_od25.10-1.pdf\" target=\"_blank\" rel=\"noopener\">Wykaz zaj\u0119\u0107 wspomagaj\u0105cych w roku szkolnym 2021\/2022<\/a><\/div><\/div><div class='afi-clear'><\/div><\/p>\n<p><div class='afi-document'><div class='afi-document-icon'><a href='https:\/\/zs3.rybnik.pl\/www\/wp-content\/uploads\/2018\/04\/Konsultacje-o\u015bwiadczenie-dla-rodzic\u00f3w.pdf'><img src='https:\/\/zs3.rybnik.pl\/www\/wp-content\/plugins\/attachment-file-icons\/mime\/pdf-icon.png'\/><\/a><\/div><div class='afi-document-link'><a href=\"https:\/\/zs3.rybnik.pl\/www\/wp-content\/uploads\/2018\/04\/Konsultacje-o\u015bwiadczenie-dla-rodzic\u00f3w.pdf\" target=\"_blank\" rel=\"noopener\">Konsultacje &#8211; o\u015bwiadczenie dla rodzic\u00f3w<\/a><\/div><\/div><div class='afi-clear'><\/div><\/p>\n","protected":false},"excerpt":{"rendered":"<p>Wykaz zaj\u0119\u0107 wspomagaj\u0105cych w roku szkolnym 2021\/2022 Konsultacje &#8211; o\u015bwiadczenie dla rodzic\u00f3w<\/p>\n","protected":false},"author":7,"featured_media":0,"parent":0,"menu_order":0,"comment_status":"closed","ping_status":"closed","template":"","meta":{"ngg_post_thumbnail":0},"_links":{"self":[{"href":"https:\/\/zs3.rybnik.pl\/www\/wp-json\/wp\/v2\/pages\/3259"}],"collection":[{"href":"https:\/\/zs3.rybnik.pl\/www\/wp-json\/wp\/v2\/pages"}],"about":[{"href":"https:\/\/zs3.rybnik.pl\/www\/wp-json\/wp\/v2\/types\/page"}],"author":[{"embeddable":true,"href":"https:\/\/zs3.rybnik.pl\/www\/wp-json\/wp\/v2\/users\/7"}],"replies":[{"embeddable":true,"href":"https:\/\/zs3.rybnik.pl\/www\/wp-json\/wp\/v2\/comments?post=3259"}],"version-history":[{"count":15,"href":"https:\/\/zs3.rybnik.pl\/www\/wp-json\/wp\/v2\/pages\/3259\/revisions"}],"predecessor-version":[{"id":12296,"href":"https:\/\/zs3.rybnik.pl\/www\/wp-json\/wp\/v2\/pages\/3259\/revisions\/12296"}],"wp:attachment":[{"href":"https:\/\/zs3.rybnik.pl\/www\/wp-json\/wp\/v2\/media?parent=3259"}],"curies":[{"name":"wp","href":"https:\/\/api.w.org\/{rel}","templated":true}]}}