{"id":33,"date":"2016-06-12T10:50:20","date_gmt":"2016-06-12T08:50:20","guid":{"rendered":"http:\/\/zs3.rybnik.pl\/www\/?page_id=33"},"modified":"2025-04-22T20:03:47","modified_gmt":"2025-04-22T18:03:47","slug":"rekutacja-vlo","status":"publish","type":"page","link":"https:\/\/zs3.rybnik.pl\/www\/rekutacja-vlo\/","title":{"rendered":"VLO &#8211; Rekrutacja"},"content":{"rendered":"\n<p>Aby uzyska\u0107 szczeg\u00f3\u0142owe informacje dotycz\u0105ce rekrutacji do V LO nale\u017cy wybra\u0107:<\/p>\n\n\n\n<figure class=\"wp-block-image size-full is-resized\"><img loading=\"lazy\" src=\"https:\/\/zs3.rybnik.pl\/www\/wp-content\/uploads\/2025\/04\/Rekrutacja_2025_strona.jpg\" alt=\"\" class=\"wp-image-18668\" width=\"597\" height=\"410\" srcset=\"https:\/\/zs3.rybnik.pl\/www\/wp-content\/uploads\/2025\/04\/Rekrutacja_2025_strona.jpg 881w, https:\/\/zs3.rybnik.pl\/www\/wp-content\/uploads\/2025\/04\/Rekrutacja_2025_strona-300x207.jpg 300w, https:\/\/zs3.rybnik.pl\/www\/wp-content\/uploads\/2025\/04\/Rekrutacja_2025_strona-768x529.jpg 768w, https:\/\/zs3.rybnik.pl\/www\/wp-content\/uploads\/2025\/04\/Rekrutacja_2025_strona-159x110.jpg 159w\" sizes=\"(max-width: 597px) 100vw, 597px\" \/><\/figure>\n","protected":false},"excerpt":{"rendered":"<p>Aby uzyska\u0107 szczeg\u00f3\u0142owe informacje dotycz\u0105ce rekrutacji do V LO nale\u017cy wybra\u0107:<\/p>\n","protected":false},"author":1,"featured_media":0,"parent":0,"menu_order":0,"comment_status":"closed","ping_status":"closed","template":"","meta":{"ngg_post_thumbnail":0},"_links":{"self":[{"href":"https:\/\/zs3.rybnik.pl\/www\/wp-json\/wp\/v2\/pages\/33"}],"collection":[{"href":"https:\/\/zs3.rybnik.pl\/www\/wp-json\/wp\/v2\/pages"}],"about":[{"href":"https:\/\/zs3.rybnik.pl\/www\/wp-json\/wp\/v2\/types\/page"}],"author":[{"embeddable":true,"href":"https:\/\/zs3.rybnik.pl\/www\/wp-json\/wp\/v2\/users\/1"}],"replies":[{"embeddable":true,"href":"https:\/\/zs3.rybnik.pl\/www\/wp-json\/wp\/v2\/comments?post=33"}],"version-history":[{"count":19,"href":"https:\/\/zs3.rybnik.pl\/www\/wp-json\/wp\/v2\/pages\/33\/revisions"}],"predecessor-version":[{"id":18671,"href":"https:\/\/zs3.rybnik.pl\/www\/wp-json\/wp\/v2\/pages\/33\/revisions\/18671"}],"wp:attachment":[{"href":"https:\/\/zs3.rybnik.pl\/www\/wp-json\/wp\/v2\/media?parent=33"}],"curies":[{"name":"wp","href":"https:\/\/api.w.org\/{rel}","templated":true}]}}