{"id":3906,"date":"2018-05-17T21:08:15","date_gmt":"2018-05-17T19:08:15","guid":{"rendered":"http:\/\/zs3.rybnik.pl\/www\/?page_id=3906"},"modified":"2026-04-22T21:36:38","modified_gmt":"2026-04-22T19:36:38","slug":"rekrutacja-do-klas-iv-viii-sp","status":"publish","type":"page","link":"https:\/\/zs3.rybnik.pl\/www\/rekrutacja-do-klas-iv-viii-sp\/","title":{"rendered":"Rekrutacja do klas IV &#8211; VIII"},"content":{"rendered":"\n<div class=\"wp-block-image\"><figure class=\"aligncenter size-large is-resized\"><img loading=\"lazy\" src=\"https:\/\/zs3.rybnik.pl\/www\/wp-content\/uploads\/2026\/04\/Kopia-\u2013-PLAKAT-4-724x1024.jpg\" alt=\"\" class=\"wp-image-19978\" width=\"438\" height=\"619\" srcset=\"https:\/\/zs3.rybnik.pl\/www\/wp-content\/uploads\/2026\/04\/Kopia-\u2013-PLAKAT-4-724x1024.jpg 724w, https:\/\/zs3.rybnik.pl\/www\/wp-content\/uploads\/2026\/04\/Kopia-\u2013-PLAKAT-4-212x300.jpg 212w, https:\/\/zs3.rybnik.pl\/www\/wp-content\/uploads\/2026\/04\/Kopia-\u2013-PLAKAT-4-768x1086.jpg 768w, https:\/\/zs3.rybnik.pl\/www\/wp-content\/uploads\/2026\/04\/Kopia-\u2013-PLAKAT-4-1086x1536.jpg 1086w, https:\/\/zs3.rybnik.pl\/www\/wp-content\/uploads\/2026\/04\/Kopia-\u2013-PLAKAT-4-1448x2048.jpg 1448w, https:\/\/zs3.rybnik.pl\/www\/wp-content\/uploads\/2026\/04\/Kopia-\u2013-PLAKAT-4-112x159.jpg 112w, https:\/\/zs3.rybnik.pl\/www\/wp-content\/uploads\/2026\/04\/Kopia-\u2013-PLAKAT-4-scaled.jpg 1810w\" sizes=\"(max-width: 438px) 100vw, 438px\" \/><\/figure><\/div>\n\n\n\n<div class=\"wp-block-image\"><figure class=\"aligncenter size-large is-resized\"><img loading=\"lazy\" src=\"https:\/\/zs3.rybnik.pl\/www\/wp-content\/uploads\/2026\/03\/plakat-uks-nabor-popr-724x1024.png\" alt=\"\" class=\"wp-image-19914\" width=\"424\" height=\"600\" srcset=\"https:\/\/zs3.rybnik.pl\/www\/wp-content\/uploads\/2026\/03\/plakat-uks-nabor-popr-724x1024.png 724w, https:\/\/zs3.rybnik.pl\/www\/wp-content\/uploads\/2026\/03\/plakat-uks-nabor-popr-212x300.png 212w, https:\/\/zs3.rybnik.pl\/www\/wp-content\/uploads\/2026\/03\/plakat-uks-nabor-popr-768x1086.png 768w, https:\/\/zs3.rybnik.pl\/www\/wp-content\/uploads\/2026\/03\/plakat-uks-nabor-popr-1086x1536.png 1086w, https:\/\/zs3.rybnik.pl\/www\/wp-content\/uploads\/2026\/03\/plakat-uks-nabor-popr-112x159.png 112w, https:\/\/zs3.rybnik.pl\/www\/wp-content\/uploads\/2026\/03\/plakat-uks-nabor-popr.png 1414w\" sizes=\"(max-width: 424px) 100vw, 424px\" \/><\/figure><\/div>\n\n\n\n<div class=\"wp-block-image\"><figure class=\"aligncenter size-large is-resized\"><img loading=\"lazy\" src=\"https:\/\/zs3.rybnik.pl\/www\/wp-content\/uploads\/2026\/04\/harmonogram-czynnosci-na-strone_dwa-banery-724x1024.jpg\" alt=\"\" class=\"wp-image-20028\" width=\"542\" height=\"766\" srcset=\"https:\/\/zs3.rybnik.pl\/www\/wp-content\/uploads\/2026\/04\/harmonogram-czynnosci-na-strone_dwa-banery-724x1024.jpg 724w, https:\/\/zs3.rybnik.pl\/www\/wp-content\/uploads\/2026\/04\/harmonogram-czynnosci-na-strone_dwa-banery-212x300.jpg 212w, https:\/\/zs3.rybnik.pl\/www\/wp-content\/uploads\/2026\/04\/harmonogram-czynnosci-na-strone_dwa-banery-768x1086.jpg 768w, https:\/\/zs3.rybnik.pl\/www\/wp-content\/uploads\/2026\/04\/harmonogram-czynnosci-na-strone_dwa-banery-1086x1536.jpg 1086w, https:\/\/zs3.rybnik.pl\/www\/wp-content\/uploads\/2026\/04\/harmonogram-czynnosci-na-strone_dwa-banery-1448x2048.jpg 1448w, https:\/\/zs3.rybnik.pl\/www\/wp-content\/uploads\/2026\/04\/harmonogram-czynnosci-na-strone_dwa-banery-112x159.jpg 112w, https:\/\/zs3.rybnik.pl\/www\/wp-content\/uploads\/2026\/04\/harmonogram-czynnosci-na-strone_dwa-banery-scaled.jpg 1810w\" sizes=\"(max-width: 542px) 100vw, 542px\" \/><\/figure><\/div>\n\n\n\n<div class=\"wp-block-file\"><div class='afi-document'><div class='afi-document-icon'><a href='https:\/\/zs3.rybnik.pl\/www\/wp-content\/uploads\/2026\/04\/wniosek-o-przyjecie-dziecka-do-szkoly-podstawowej-kl.-IV-VIII_pilka_nozna_lekkoatletyka.pdf'><img src='https:\/\/zs3.rybnik.pl\/www\/wp-content\/plugins\/attachment-file-icons\/mime\/pdf-icon.png'\/><\/a><\/div><div class='afi-document-link'><a href=\"https:\/\/zs3.rybnik.pl\/www\/wp-content\/uploads\/2026\/04\/wniosek-o-przyjecie-dziecka-do-szkoly-podstawowej-kl.-IV-VIII_pilka_nozna_lekkoatletyka.pdf\" target=\"_blank\" rel=\"noreferrer noopener\">Wniosek o przyj\u0119cie dziecka do SP31<\/a><\/div><\/div><div class='afi-clear'><\/div><\/div>\n\n\n\n<div class=\"wp-block-file\"><div class='afi-document'><div class='afi-document-icon'><a href='https:\/\/zs3.rybnik.pl\/www\/wp-content\/uploads\/2026\/04\/TERMINY-PROB-SPRAWNOSCI-FIZYCZNEJ.pdf'><img src='https:\/\/zs3.rybnik.pl\/www\/wp-content\/plugins\/attachment-file-icons\/mime\/pdf-icon.png'\/><\/a><\/div><div class='afi-document-link'><a href=\"https:\/\/zs3.rybnik.pl\/www\/wp-content\/uploads\/2026\/04\/TERMINY-PROB-SPRAWNOSCI-FIZYCZNEJ.pdf\" target=\"_blank\" rel=\"noreferrer noopener\">TERMINY PR\u00d3B SPRAWNO\u015aCI FIZYCZNEJ<\/a><\/div><\/div><div class='afi-clear'><\/div><\/div>\n\n\n\n<p><div class='afi-document'><div class='afi-document-icon'><a href='https:\/\/zs3.rybnik.pl\/www\/wp-content\/uploads\/2021\/04\/ZGODA-RODZICOW-NA-UDZIAL-W-TESTACH-SPRAWNOSCI-FIZYCZNEJ.pdf'><img src='https:\/\/zs3.rybnik.pl\/www\/wp-content\/plugins\/attachment-file-icons\/mime\/pdf-icon.png'\/><\/a><\/div><div class='afi-document-link'><a rel=\"noopener\" href=\"https:\/\/zs3.rybnik.pl\/www\/wp-content\/uploads\/2021\/04\/ZGODA-RODZICOW-NA-UDZIAL-W-TESTACH-SPRAWNOSCI-FIZYCZNEJ.pdf\" target=\"_blank\">ZGODA RODZIC\u00d3W NA UDZIA\u0141 W TESTACH SPRAWNO\u015aCI FIZYCZNEJ<\/a><\/div><\/div><div class='afi-clear'><\/div><\/p>\n\n\n\n<p class=\"has-text-align-left\"><div class='afi-document'><div class='afi-document-icon'><a href='https:\/\/zs3.rybnik.pl\/www\/wp-content\/uploads\/2018\/05\/1327-Testy-Sprawno\u015bci-Pi\u0142karskiej-PZPN-luty-2016.pdf'><img src='https:\/\/zs3.rybnik.pl\/www\/wp-content\/plugins\/attachment-file-icons\/mime\/pdf-icon.png'\/><\/a><\/div><div class='afi-document-link'><a href=\"https:\/\/zs3.rybnik.pl\/www\/wp-content\/uploads\/2018\/05\/1327-Testy-Sprawno\u015bci-Pi\u0142karskiej-PZPN-luty-2016.pdf\" target=\"_blank\" rel=\"noopener\">PZPN Zestaw pr\u00f3b sprawno\u015bci fizycznej do klas o profilu pi\u0142karskim<\/a><\/div><\/div><div class='afi-clear'><\/div><\/p>\n\n\n\n<div class=\"wp-block-file\"><div class='afi-document'><div class='afi-document-icon'><a href='https:\/\/zs3.rybnik.pl\/www\/wp-content\/uploads\/2023\/04\/zestaw-prob-sprawnosci-fizycznej-do-klasy-4-pilka-siatkowa.pdf'><img src='https:\/\/zs3.rybnik.pl\/www\/wp-content\/plugins\/attachment-file-icons\/mime\/pdf-icon.png'\/><\/a><\/div><div class='afi-document-link'><a href=\"https:\/\/zs3.rybnik.pl\/www\/wp-content\/uploads\/2023\/04\/zestaw-prob-sprawnosci-fizycznej-do-klasy-4-pilka-siatkowa.pdf\" target=\"_blank\" rel=\"noreferrer noopener\">Zestaw pr\u00f3b sprawno\u015bci fizycznej do klasy IV (pi\u0142ka siatkowa)<\/a><\/div><\/div><div class='afi-clear'><\/div><\/div>\n","protected":false},"excerpt":{"rendered":"<p>ZGODA RODZIC\u00d3W NA UDZIA\u0141 W TESTACH SPRAWNO\u015aCI FIZYCZNEJ PZPN Zestaw pr\u00f3b sprawno\u015bci fizycznej do klas o profilu pi\u0142karskim<\/p>\n","protected":false},"author":7,"featured_media":0,"parent":0,"menu_order":0,"comment_status":"closed","ping_status":"closed","template":"","meta":{"ngg_post_thumbnail":0},"_links":{"self":[{"href":"https:\/\/zs3.rybnik.pl\/www\/wp-json\/wp\/v2\/pages\/3906"}],"collection":[{"href":"https:\/\/zs3.rybnik.pl\/www\/wp-json\/wp\/v2\/pages"}],"about":[{"href":"https:\/\/zs3.rybnik.pl\/www\/wp-json\/wp\/v2\/types\/page"}],"author":[{"embeddable":true,"href":"https:\/\/zs3.rybnik.pl\/www\/wp-json\/wp\/v2\/users\/7"}],"replies":[{"embeddable":true,"href":"https:\/\/zs3.rybnik.pl\/www\/wp-json\/wp\/v2\/comments?post=3906"}],"version-history":[{"count":60,"href":"https:\/\/zs3.rybnik.pl\/www\/wp-json\/wp\/v2\/pages\/3906\/revisions"}],"predecessor-version":[{"id":20034,"href":"https:\/\/zs3.rybnik.pl\/www\/wp-json\/wp\/v2\/pages\/3906\/revisions\/20034"}],"wp:attachment":[{"href":"https:\/\/zs3.rybnik.pl\/www\/wp-json\/wp\/v2\/media?parent=3906"}],"curies":[{"name":"wp","href":"https:\/\/api.w.org\/{rel}","templated":true}]}}