{"id":4791,"date":"2018-10-05T20:52:39","date_gmt":"2018-10-05T18:52:39","guid":{"rendered":"http:\/\/zs3.rybnik.pl\/www\/?page_id=4791"},"modified":"2018-10-05T21:13:17","modified_gmt":"2018-10-05T19:13:17","slug":"20182019-2","status":"publish","type":"page","link":"https:\/\/zs3.rybnik.pl\/www\/20182019-2\/","title":{"rendered":"2018\/2019"},"content":{"rendered":"<div class=\"ngg-albumoverview\">\n            <div class=\"ngg-album-compact\">\n            <div class=\"ngg-album-compactbox\">\n                <div class=\"ngg-album-link\">\n                                        <a title='Poronin-wycieczka klas I LO'\n                       href='https:\/\/zs3.rybnik.pl\/www\/20182019-2\/nggallery\/2018_2019\/Poronin_wycieczka09_2018'>\n                        <img class=\"Thumb\"\n                             alt=\"Poronin-wycieczka klas I LO\"\n                             src=\"https:\/\/zs3.rybnik.pl\/www\/wp-content\/gallery\/poronin_wycieczka09_2018\/cache\/DSC_1823.JPG-nggid041124-ngg0dyn-91x68-00f0w010c011r110f110r010t010.JPG\"\/>\n                    <\/a>\n                                    <\/div>\n            <\/div>\n                        <h4>\n                <a class='ngg-album-desc' title='Poronin-wycieczka klas I LO'\n                       href='https:\/\/zs3.rybnik.pl\/www\/20182019-2\/nggallery\/2018_2019\/Poronin_wycieczka09_2018'style=\"max-width: 111px\">Poronin-wycieczka klas I LO<\/a>\n            <\/h4>\n            <p class=\"ngg-album-gallery-image-counter\">\n                                    <strong>23<\/strong>&nbsp;Zdj\u0119\u0107                            <\/p>\n        <\/div>\n            <div class=\"ngg-album-compact\">\n            <div class=\"ngg-album-compactbox\">\n                <div class=\"ngg-album-link\">\n                                        <a title='Wizyta w Hiszpanii2'\n                       href='https:\/\/zs3.rybnik.pl\/www\/20182019-2\/nggallery\/2018_2019\/Wizyta-w-Hiszpanii2'>\n                        <img class=\"Thumb\"\n                             alt=\"Wizyta w Hiszpanii2\"\n                             src=\"https:\/\/zs3.rybnik.pl\/www\/wp-content\/gallery\/wizyta-w-hiszpanii2\/cache\/1.jpg-nggid041170-ngg0dyn-91x68-00f0w010c011r110f110r010t010.jpg\"\/>\n                    <\/a>\n                                    <\/div>\n            <\/div>\n                        <h4>\n                <a class='ngg-album-desc' title='Wizyta w Hiszpanii2'\n                       href='https:\/\/zs3.rybnik.pl\/www\/20182019-2\/nggallery\/2018_2019\/Wizyta-w-Hiszpanii2'style=\"max-width: 111px\">Wizyta w Hiszpanii2<\/a>\n            <\/h4>\n            <p class=\"ngg-album-gallery-image-counter\">\n                                    <strong>30<\/strong>&nbsp;Zdj\u0119\u0107                            <\/p>\n        <\/div>\n            <div class=\"ngg-album-compact\">\n            <div class=\"ngg-album-compactbox\">\n                <div class=\"ngg-album-link\">\n                                        <a title='Pasowanie_kl1_2018_2019'\n                       href='https:\/\/zs3.rybnik.pl\/www\/20182019-2\/nggallery\/2018_2019\/Pasowanie_kl1_2018_2019'>\n                        <img class=\"Thumb\"\n                             alt=\"Pasowanie_kl1_2018_2019\"\n                             src=\"https:\/\/zs3.rybnik.pl\/www\/wp-content\/gallery\/pasowanie_kl1_2018_2019\/cache\/1.jpg-nggid041200-ngg0dyn-91x68-00f0w010c011r110f110r010t010.jpg\"\/>\n                    <\/a>\n                                    <\/div>\n            <\/div>\n                        <h4>\n                <a class='ngg-album-desc' title='Pasowanie_kl1_2018_2019'\n                       href='https:\/\/zs3.rybnik.pl\/www\/20182019-2\/nggallery\/2018_2019\/Pasowanie_kl1_2018_2019'style=\"max-width: 111px\">Pasowanie_kl1_2018_2019<\/a>\n            <\/h4>\n            <p class=\"ngg-album-gallery-image-counter\">\n                                    <strong>31<\/strong>&nbsp;Zdj\u0119\u0107                            <\/p>\n        <\/div>\n            <div class=\"ngg-album-compact\">\n            <div class=\"ngg-album-compactbox\">\n                <div class=\"ngg-album-link\">\n                                        <a title='Warsztaty&quot;Polska od morza do Tatr&quot;'\n                       href='https:\/\/zs3.rybnik.pl\/www\/20182019-2\/nggallery\/2018_2019\/WarsztatyPolska-od-morza-do-Tatr'>\n                        <img class=\"Thumb\"\n                             alt=\"Warsztaty&quot;Polska od morza do Tatr&quot;\"\n                             src=\"https:\/\/zs3.rybnik.pl\/www\/wp-content\/gallery\/warsztatypolska-od-morza-do-tatr\/cache\/11.jpg-nggid041343-ngg0dyn-91x68-00f0w010c011r110f110r010t010.jpg\"\/>\n                    <\/a>\n                                    <\/div>\n            <\/div>\n                        <h4>\n                <a class='ngg-album-desc' title='Warsztaty&quot;Polska od morza do Tatr&quot;'\n                       href='https:\/\/zs3.rybnik.pl\/www\/20182019-2\/nggallery\/2018_2019\/WarsztatyPolska-od-morza-do-Tatr'style=\"max-width: 111px\">Warsztaty\"Polska od morza do Tatr\"<\/a>\n            <\/h4>\n            <p class=\"ngg-album-gallery-image-counter\">\n                                    <strong>34<\/strong>&nbsp;Zdj\u0119\u0107                            <\/p>\n        <\/div>\n            <div class=\"ngg-album-compact\">\n            <div class=\"ngg-album-compactbox\">\n                <div class=\"ngg-album-link\">\n                                        <a title='Erasmus_warsztaty_kulinarne'\n                       href='https:\/\/zs3.rybnik.pl\/www\/20182019-2\/nggallery\/2018_2019\/Erasmus_warsztaty_kulinarne'>\n                        <img class=\"Thumb\"\n                             alt=\"Erasmus_warsztaty_kulinarne\"\n                             src=\"https:\/\/zs3.rybnik.pl\/www\/wp-content\/gallery\/erasmus_warsztaty_kulinarne\/cache\/1.jpg-nggid041433-ngg0dyn-91x68-00f0w010c011r110f110r010t010.jpg\"\/>\n                    <\/a>\n                                    <\/div>\n            <\/div>\n                        <h4>\n                <a class='ngg-album-desc' title='Erasmus_warsztaty_kulinarne'\n                       href='https:\/\/zs3.rybnik.pl\/www\/20182019-2\/nggallery\/2018_2019\/Erasmus_warsztaty_kulinarne'style=\"max-width: 111px\">Erasmus_warsztaty_kulinarne<\/a>\n            <\/h4>\n            <p class=\"ngg-album-gallery-image-counter\">\n                                    <strong>24<\/strong>&nbsp;Zdj\u0119\u0107                            <\/p>\n        <\/div>\n            <div class=\"ngg-album-compact\">\n            <div class=\"ngg-album-compactbox\">\n                <div class=\"ngg-album-link\">\n                                        <a title='Festiwal_Nauki_Katowice2019'\n                       href='https:\/\/zs3.rybnik.pl\/www\/20182019-2\/nggallery\/2018_2019\/Festiwal_Nauki_Katowice2019'>\n                        <img class=\"Thumb\"\n                             alt=\"Festiwal_Nauki_Katowice2019\"\n                             src=\"https:\/\/zs3.rybnik.pl\/www\/wp-content\/gallery\/festiwal_nauki_katowice2019\/cache\/1.jpg-nggid041495-ngg0dyn-91x68-00f0w010c011r110f110r010t010.jpg\"\/>\n                    <\/a>\n                                    <\/div>\n            <\/div>\n                        <h4>\n                <a class='ngg-album-desc' title='Festiwal_Nauki_Katowice2019'\n                       href='https:\/\/zs3.rybnik.pl\/www\/20182019-2\/nggallery\/2018_2019\/Festiwal_Nauki_Katowice2019'style=\"max-width: 111px\">Festiwal_Nauki_Katowice2019<\/a>\n            <\/h4>\n            <p class=\"ngg-album-gallery-image-counter\">\n                                    <strong>67<\/strong>&nbsp;Zdj\u0119\u0107                            <\/p>\n        <\/div>\n            <div class=\"ngg-album-compact\">\n            <div class=\"ngg-album-compactbox\">\n                <div class=\"ngg-album-link\">\n                                        <a title='Drama_fun_and_games'\n                       href='https:\/\/zs3.rybnik.pl\/www\/20182019-2\/nggallery\/2018_2019\/drama-fun-and-games'>\n                        <img class=\"Thumb\"\n                             alt=\"Drama_fun_and_games\"\n                             src=\"https:\/\/zs3.rybnik.pl\/www\/wp-content\/gallery\/drama-fun-and-games\/cache\/NBG_20.JPG-nggid041609-ngg0dyn-91x68-00f0w010c011r110f110r010t010.JPG\"\/>\n                    <\/a>\n                                    <\/div>\n            <\/div>\n                        <h4>\n                <a class='ngg-album-desc' title='Drama_fun_and_games'\n                       href='https:\/\/zs3.rybnik.pl\/www\/20182019-2\/nggallery\/2018_2019\/drama-fun-and-games'style=\"max-width: 111px\">Drama_fun_and_games<\/a>\n            <\/h4>\n            <p class=\"ngg-album-gallery-image-counter\">\n                                    <strong>20<\/strong>&nbsp;Zdj\u0119\u0107                            <\/p>\n        <\/div>\n            <div class=\"ngg-album-compact\">\n            <div class=\"ngg-album-compactbox\">\n                <div class=\"ngg-album-link\">\n                                        <a title='\u015aledzikowe_party2019'\n                       href='https:\/\/zs3.rybnik.pl\/www\/20182019-2\/nggallery\/2018_2019\/\u015bledzikowe_party2019'>\n                        <img class=\"Thumb\"\n                             alt=\"\u015aledzikowe_party2019\"\n                             src=\"https:\/\/zs3.rybnik.pl\/www\/wp-content\/gallery\/sledzikowe_party2019\/cache\/1.jpg-nggid041652-ngg0dyn-91x68-00f0w010c011r110f110r010t010.jpg\"\/>\n                    <\/a>\n                                    <\/div>\n            <\/div>\n                        <h4>\n                <a class='ngg-album-desc' title='\u015aledzikowe_party2019'\n                       href='https:\/\/zs3.rybnik.pl\/www\/20182019-2\/nggallery\/2018_2019\/\u015bledzikowe_party2019'style=\"max-width: 111px\">\u015aledzikowe_party2019<\/a>\n            <\/h4>\n            <p class=\"ngg-album-gallery-image-counter\">\n                                    <strong>21<\/strong>&nbsp;Zdj\u0119\u0107                            <\/p>\n        <\/div>\n            <div class=\"ngg-album-compact\">\n            <div class=\"ngg-album-compactbox\">\n                <div class=\"ngg-album-link\">\n                                        <a title='Plebiscyt_Sportowiec_Roku_2018AK'\n                       href='https:\/\/zs3.rybnik.pl\/www\/20182019-2\/nggallery\/2018_2019\/Amanda_Karasek'>\n                        <img class=\"Thumb\"\n                             alt=\"Plebiscyt_Sportowiec_Roku_2018AK\"\n                             src=\"https:\/\/zs3.rybnik.pl\/www\/wp-content\/gallery\/amanda_karasek\/cache\/1-1.jpg-nggid041677-ngg0dyn-91x68-00f0w010c011r110f110r010t010.jpg\"\/>\n                    <\/a>\n                                    <\/div>\n            <\/div>\n                        <h4>\n                <a class='ngg-album-desc' title='Plebiscyt_Sportowiec_Roku_2018AK'\n                       href='https:\/\/zs3.rybnik.pl\/www\/20182019-2\/nggallery\/2018_2019\/Amanda_Karasek'style=\"max-width: 111px\">Plebiscyt_Sportowiec_Roku_2018AK<\/a>\n            <\/h4>\n            <p class=\"ngg-album-gallery-image-counter\">\n                                    <strong>18<\/strong>&nbsp;Zdj\u0119\u0107                            <\/p>\n        <\/div>\n            <div class=\"ngg-album-compact\">\n            <div class=\"ngg-album-compactbox\">\n                <div class=\"ngg-album-link\">\n                                        <a title='Dzie\u0144_\u0141amig\u0142owek'\n                       href='https:\/\/zs3.rybnik.pl\/www\/20182019-2\/nggallery\/2018_2019\/Dzie\u0144_\u0141amig\u0142owek'>\n                        <img class=\"Thumb\"\n                             alt=\"Dzie\u0144_\u0141amig\u0142owek\"\n                             src=\"https:\/\/zs3.rybnik.pl\/www\/wp-content\/gallery\/dzien_lamiglowek\/cache\/1.jpg-nggid041703-ngg0dyn-91x68-00f0w010c011r110f110r010t010.jpg\"\/>\n                    <\/a>\n                                    <\/div>\n            <\/div>\n                        <h4>\n                <a class='ngg-album-desc' title='Dzie\u0144_\u0141amig\u0142owek'\n                       href='https:\/\/zs3.rybnik.pl\/www\/20182019-2\/nggallery\/2018_2019\/Dzie\u0144_\u0141amig\u0142owek'style=\"max-width: 111px\">Dzie\u0144_\u0141amig\u0142owek<\/a>\n            <\/h4>\n            <p class=\"ngg-album-gallery-image-counter\">\n                                    <strong>49<\/strong>&nbsp;Zdj\u0119\u0107                            <\/p>\n        <\/div>\n            <div class=\"ngg-album-compact\">\n            <div class=\"ngg-album-compactbox\">\n                <div class=\"ngg-album-link\">\n                                        <a title='Ob\u00f3z_sportowy_ch\u0142opcy2003-2004'\n                       href='https:\/\/zs3.rybnik.pl\/www\/20182019-2\/nggallery\/2018_2019\/Ob\u00f3z_sportowy_ch\u0142opcy2003-2004'>\n                        <img class=\"Thumb\"\n                             alt=\"Ob\u00f3z_sportowy_ch\u0142opcy2003-2004\"\n                             src=\"https:\/\/zs3.rybnik.pl\/www\/wp-content\/gallery\/oboz_sportowy_chlopcy2003-2004\/cache\/1-1.jpg-nggid041772-ngg0dyn-91x68-00f0w010c011r110f110r010t010.jpg\"\/>\n                    <\/a>\n                                    <\/div>\n            <\/div>\n                        <h4>\n                <a class='ngg-album-desc' title='Ob\u00f3z_sportowy_ch\u0142opcy2003-2004'\n                       href='https:\/\/zs3.rybnik.pl\/www\/20182019-2\/nggallery\/2018_2019\/Ob\u00f3z_sportowy_ch\u0142opcy2003-2004'style=\"max-width: 111px\">Ob\u00f3z_sportowy_ch\u0142opcy2003-2004<\/a>\n            <\/h4>\n            <p class=\"ngg-album-gallery-image-counter\">\n                                    <strong>29<\/strong>&nbsp;Zdj\u0119\u0107                            <\/p>\n        <\/div>\n            <div class=\"ngg-album-compact\">\n            <div class=\"ngg-album-compactbox\">\n                <div class=\"ngg-album-link\">\n                                        <a title='Dzie\u0144 Promocji Zdrowia2019'\n                       href='https:\/\/zs3.rybnik.pl\/www\/20182019-2\/nggallery\/2018_2019\/Dzie\u0144-Promocji-Zdrowia2019'>\n                        <img class=\"Thumb\"\n                             alt=\"Dzie\u0144 Promocji Zdrowia2019\"\n                             src=\"https:\/\/zs3.rybnik.pl\/www\/wp-content\/gallery\/dzien-promocji-zdrowia2019\/cache\/imggcsi75F4B3AC75C16F60E9A6A8ADF038E3D5AE4F09A4mpid7maxwidth1366maxheight654.jpg-nggid041843-ngg0dyn-91x68-00f0w010c011r110f110r010t010.jpg\"\/>\n                    <\/a>\n                                    <\/div>\n            <\/div>\n                        <h4>\n                <a class='ngg-album-desc' title='Dzie\u0144 Promocji Zdrowia2019'\n                       href='https:\/\/zs3.rybnik.pl\/www\/20182019-2\/nggallery\/2018_2019\/Dzie\u0144-Promocji-Zdrowia2019'style=\"max-width: 111px\">Dzie\u0144 Promocji Zdrowia2019<\/a>\n            <\/h4>\n            <p class=\"ngg-album-gallery-image-counter\">\n                                    <strong>34<\/strong>&nbsp;Zdj\u0119\u0107                            <\/p>\n        <\/div>\n            <div class=\"ngg-album-compact\">\n            <div class=\"ngg-album-compactbox\">\n                <div class=\"ngg-album-link\">\n                                        <a title='Wizyta_go\u015bci_z_Hiszpanii_04_2019'\n                       href='https:\/\/zs3.rybnik.pl\/www\/20182019-2\/nggallery\/2018_2019\/Wizyta_go\u015bci_z_Hiszpanii_04_2019'>\n                        <img class=\"Thumb\"\n                             alt=\"Wizyta_go\u015bci_z_Hiszpanii_04_2019\"\n                             src=\"https:\/\/zs3.rybnik.pl\/www\/wp-content\/gallery\/wizyta_gosci_z_hiszpanii_04_2019\/cache\/1-1.jpg-nggid041899-ngg0dyn-91x68-00f0w010c011r110f110r010t010.jpg\"\/>\n                    <\/a>\n                                    <\/div>\n            <\/div>\n                        <h4>\n                <a class='ngg-album-desc' title='Wizyta_go\u015bci_z_Hiszpanii_04_2019'\n                       href='https:\/\/zs3.rybnik.pl\/www\/20182019-2\/nggallery\/2018_2019\/Wizyta_go\u015bci_z_Hiszpanii_04_2019'style=\"max-width: 111px\">Wizyta_go\u015bci_z_Hiszpanii_04_2019<\/a>\n            <\/h4>\n            <p class=\"ngg-album-gallery-image-counter\">\n                                    <strong>107<\/strong>&nbsp;Zdj\u0119\u0107                            <\/p>\n        <\/div>\n            <div class=\"ngg-album-compact\">\n            <div class=\"ngg-album-compactbox\">\n                <div class=\"ngg-album-link\">\n                                        <a title='Dzie\u0144 z pasj\u0105'\n                       href='https:\/\/zs3.rybnik.pl\/www\/20182019-2\/nggallery\/2018_2019\/_Dzie\u0144-z-pasj\u0105'>\n                        <img class=\"Thumb\"\n                             alt=\"Dzie\u0144 z pasj\u0105\"\n                             src=\"https:\/\/zs3.rybnik.pl\/www\/wp-content\/gallery\/dzien-z-pasja\/cache\/62070982_1551156085020476_241801294350647296_n.jpg-nggid042016-ngg0dyn-91x68-00f0w010c011r110f110r010t010.jpg\"\/>\n                    <\/a>\n                                    <\/div>\n            <\/div>\n                        <h4>\n                <a class='ngg-album-desc' title='Dzie\u0144 z pasj\u0105'\n                       href='https:\/\/zs3.rybnik.pl\/www\/20182019-2\/nggallery\/2018_2019\/_Dzie\u0144-z-pasj\u0105'style=\"max-width: 111px\">Dzie\u0144 z pasj\u0105<\/a>\n            <\/h4>\n            <p class=\"ngg-album-gallery-image-counter\">\n                                    <strong>15<\/strong>&nbsp;Zdj\u0119\u0107                            <\/p>\n        <\/div>\n            <div class=\"ngg-album-compact\">\n            <div class=\"ngg-album-compactbox\">\n                <div class=\"ngg-album-link\">\n                                        <a title='Wycieczka_5a_2019'\n                       href='https:\/\/zs3.rybnik.pl\/www\/20182019-2\/nggallery\/2018_2019\/_Wycieczka_5a_2019'>\n                        <img class=\"Thumb\"\n                             alt=\"Wycieczka_5a_2019\"\n                             src=\"https:\/\/zs3.rybnik.pl\/www\/wp-content\/gallery\/wycieczka_5a_2019\/cache\/1.jpg-nggid042036-ngg0dyn-91x68-00f0w010c011r110f110r010t010.jpg\"\/>\n                    <\/a>\n                                    <\/div>\n            <\/div>\n                        <h4>\n                <a class='ngg-album-desc' title='Wycieczka_5a_2019'\n                       href='https:\/\/zs3.rybnik.pl\/www\/20182019-2\/nggallery\/2018_2019\/_Wycieczka_5a_2019'style=\"max-width: 111px\">Wycieczka_5a_2019<\/a>\n            <\/h4>\n            <p class=\"ngg-album-gallery-image-counter\">\n                                    <strong>21<\/strong>&nbsp;Zdj\u0119\u0107                            <\/p>\n        <\/div>\n            <div class=\"ngg-album-compact\">\n            <div class=\"ngg-album-compactbox\">\n                <div class=\"ngg-album-link\">\n                                        <a title='Festyn2019'\n                       href='https:\/\/zs3.rybnik.pl\/www\/20182019-2\/nggallery\/2018_2019\/Festyn2019'>\n                        <img class=\"Thumb\"\n                             alt=\"Festyn2019\"\n                             src=\"https:\/\/zs3.rybnik.pl\/www\/wp-content\/gallery\/festyn2019\/cache\/1.jpg-nggid042105-ngg0dyn-91x68-00f0w010c011r110f110r010t010.jpg\"\/>\n                    <\/a>\n                                    <\/div>\n            <\/div>\n                        <h4>\n                <a class='ngg-album-desc' title='Festyn2019'\n                       href='https:\/\/zs3.rybnik.pl\/www\/20182019-2\/nggallery\/2018_2019\/Festyn2019'style=\"max-width: 111px\">Festyn2019<\/a>\n            <\/h4>\n            <p class=\"ngg-album-gallery-image-counter\">\n                                    <strong>47<\/strong>&nbsp;Zdj\u0119\u0107                            <\/p>\n        <\/div>\n        <br class=\"ngg-clear\"\/>\n    <div class='ngg-clear'><\/div><\/div>\n\n","protected":false},"excerpt":{"rendered":"","protected":false},"author":7,"featured_media":0,"parent":0,"menu_order":0,"comment_status":"closed","ping_status":"closed","template":"","meta":{"ngg_post_thumbnail":0},"_links":{"self":[{"href":"https:\/\/zs3.rybnik.pl\/www\/wp-json\/wp\/v2\/pages\/4791"}],"collection":[{"href":"https:\/\/zs3.rybnik.pl\/www\/wp-json\/wp\/v2\/pages"}],"about":[{"href":"https:\/\/zs3.rybnik.pl\/www\/wp-json\/wp\/v2\/types\/page"}],"author":[{"embeddable":true,"href":"https:\/\/zs3.rybnik.pl\/www\/wp-json\/wp\/v2\/users\/7"}],"replies":[{"embeddable":true,"href":"https:\/\/zs3.rybnik.pl\/www\/wp-json\/wp\/v2\/comments?post=4791"}],"version-history":[{"count":3,"href":"https:\/\/zs3.rybnik.pl\/www\/wp-json\/wp\/v2\/pages\/4791\/revisions"}],"predecessor-version":[{"id":4794,"href":"https:\/\/zs3.rybnik.pl\/www\/wp-json\/wp\/v2\/pages\/4791\/revisions\/4794"}],"wp:attachment":[{"href":"https:\/\/zs3.rybnik.pl\/www\/wp-json\/wp\/v2\/media?parent=4791"}],"curies":[{"name":"wp","href":"https:\/\/api.w.org\/{rel}","templated":true}]}}