{"id":6004,"date":"2019-01-06T21:03:22","date_gmt":"2019-01-06T20:03:22","guid":{"rendered":"http:\/\/zs3.rybnik.pl\/www\/?page_id=6004"},"modified":"2026-01-26T16:05:35","modified_gmt":"2026-01-26T15:05:35","slug":"egzamin-osmoklasisty","status":"publish","type":"page","link":"https:\/\/zs3.rybnik.pl\/www\/egzamin-osmoklasisty\/","title":{"rendered":"Egzamin \u00f3smoklasisty"},"content":{"rendered":"<p style=\"text-align: center;\"><strong>Wszelkie informacje na temat egzaminu \u00f3smoklasisty <br>znajduj\u0105 si\u0119 pod adresem: <br><a href=\"https:\/\/oke.jaworzno.pl\/www3\/eo\/\" target=\"_blank\" rel=\"noopener\">https:\/\/oke.jaworzno.pl\/www3\/eo\/<\/a><\/strong><\/p>\n\n\n<div class=\"wp-block-file\"><div class='afi-document'><div class='afi-document-icon'><a href='https:\/\/zs3.rybnik.pl\/www\/wp-content\/uploads\/2026\/01\/20250820-E8-EM-Komunikat-o-harmonogramie-2026-1.pdf'><img src='https:\/\/zs3.rybnik.pl\/www\/wp-content\/plugins\/attachment-file-icons\/mime\/pdf-icon.png'\/><\/a><\/div><div class='afi-document-link'><a href=\"https:\/\/zs3.rybnik.pl\/www\/wp-content\/uploads\/2026\/01\/20250820-E8-EM-Komunikat-o-harmonogramie-2026-1.pdf\" target=\"_blank\" rel=\"noreferrer noopener\">Harmonogram egzamin\u00f3w w roku szkolnym 2025\/2026<\/a><\/div><\/div><div class='afi-clear'><\/div><\/div>\n\n\n\n<div class=\"wp-block-file\"><div class='afi-document'><div class='afi-document-icon'><a href='https:\/\/zs3.rybnik.pl\/www\/wp-content\/uploads\/2022\/05\/20220425_E8_Jak_radzic_sobie_ze_stresem_egzaminacyjnym.pdf'><img src='https:\/\/zs3.rybnik.pl\/www\/wp-content\/plugins\/attachment-file-icons\/mime\/pdf-icon.png'\/><\/a><\/div><div class='afi-document-link'><a href=\"https:\/\/zs3.rybnik.pl\/www\/wp-content\/uploads\/2022\/05\/20220425_E8_Jak_radzic_sobie_ze_stresem_egzaminacyjnym.pdf\" target=\"_blank\" rel=\"noreferrer noopener\">Poradnik dla ucznia &#8211; Jak_radzi\u0107_sobie_ze_stresem_egzaminacyjnym<\/a><\/div><\/div><div class='afi-clear'><\/div><\/div>\n\n\n\n<p><\/p>\n","protected":false},"excerpt":{"rendered":"<p>Wszelkie informacje na temat egzaminu \u00f3smoklasisty znajduj\u0105 si\u0119 pod adresem: https:\/\/oke.jaworzno.pl\/www3\/eo\/<\/p>\n","protected":false},"author":7,"featured_media":0,"parent":0,"menu_order":0,"comment_status":"closed","ping_status":"closed","template":"","meta":{"ngg_post_thumbnail":0},"_links":{"self":[{"href":"https:\/\/zs3.rybnik.pl\/www\/wp-json\/wp\/v2\/pages\/6004"}],"collection":[{"href":"https:\/\/zs3.rybnik.pl\/www\/wp-json\/wp\/v2\/pages"}],"about":[{"href":"https:\/\/zs3.rybnik.pl\/www\/wp-json\/wp\/v2\/types\/page"}],"author":[{"embeddable":true,"href":"https:\/\/zs3.rybnik.pl\/www\/wp-json\/wp\/v2\/users\/7"}],"replies":[{"embeddable":true,"href":"https:\/\/zs3.rybnik.pl\/www\/wp-json\/wp\/v2\/comments?post=6004"}],"version-history":[{"count":23,"href":"https:\/\/zs3.rybnik.pl\/www\/wp-json\/wp\/v2\/pages\/6004\/revisions"}],"predecessor-version":[{"id":19749,"href":"https:\/\/zs3.rybnik.pl\/www\/wp-json\/wp\/v2\/pages\/6004\/revisions\/19749"}],"wp:attachment":[{"href":"https:\/\/zs3.rybnik.pl\/www\/wp-json\/wp\/v2\/media?parent=6004"}],"curies":[{"name":"wp","href":"https:\/\/api.w.org\/{rel}","templated":true}]}}