{"id":6018,"date":"2019-01-06T21:43:26","date_gmt":"2019-01-06T20:43:26","guid":{"rendered":"http:\/\/zs3.rybnik.pl\/www\/?page_id=6018"},"modified":"2019-01-06T21:48:30","modified_gmt":"2019-01-06T20:48:30","slug":"ppp","status":"publish","type":"page","link":"https:\/\/zs3.rybnik.pl\/www\/ppp\/","title":{"rendered":"Pomoc Psychologiczno Pedagogiczna"},"content":{"rendered":"<p><div class='afi-document'><div class='afi-document-icon'><a href='https:\/\/zs3.rybnik.pl\/www\/wp-content\/uploads\/2019\/01\/Procedura-udzielania-Pomocy-Psychologiczno-Pedagogicznej-w-ZS3.pdf'><img src='https:\/\/zs3.rybnik.pl\/www\/wp-content\/plugins\/attachment-file-icons\/mime\/pdf-icon.png'\/><\/a><\/div><div class='afi-document-link'><a href=\"https:\/\/zs3.rybnik.pl\/www\/wp-content\/uploads\/2019\/01\/Procedura-udzielania-Pomocy-Psychologiczno-Pedagogicznej-w-ZS3.pdf\" target=\"_blank\">Procedura udzielania Pomocy Psychologiczno Pedagogicznej w ZS3<\/a><\/div><\/div><div class='afi-clear'><\/div><\/p>\n<p><div class='afi-document'><div class='afi-document-icon'><a href='https:\/\/zs3.rybnik.pl\/www\/wp-content\/uploads\/2019\/01\/PROCEDURA-DOTYCZ\u0104CA-KIEROWANIA-UCZNIA-ZESPO\u0141U-SZK\u00d3\u0141-NR-3-W-RYBNIKU.pdf'><img src='https:\/\/zs3.rybnik.pl\/www\/wp-content\/plugins\/attachment-file-icons\/mime\/pdf-icon.png'\/><\/a><\/div><div class='afi-document-link'><a href=\"https:\/\/zs3.rybnik.pl\/www\/wp-content\/uploads\/2019\/01\/PROCEDURA-DOTYCZ\u0104CA-KIEROWANIA-UCZNIA-ZESPO\u0141U-SZK\u00d3\u0141-NR-3-W-RYBNIKU.pdf\" target=\"_blank\">Procedura dotycz\u0105ca kierowania ucznia ZS3 na badania do poradni PP<\/a><\/div><\/div><div class='afi-clear'><\/div><\/p>\n","protected":false},"excerpt":{"rendered":"<p>Procedura udzielania Pomocy Psychologiczno Pedagogicznej w ZS3 Procedura dotycz\u0105ca kierowania ucznia ZS3 na badania do poradni PP<\/p>\n","protected":false},"author":7,"featured_media":0,"parent":0,"menu_order":0,"comment_status":"closed","ping_status":"closed","template":"","meta":{"ngg_post_thumbnail":0},"_links":{"self":[{"href":"https:\/\/zs3.rybnik.pl\/www\/wp-json\/wp\/v2\/pages\/6018"}],"collection":[{"href":"https:\/\/zs3.rybnik.pl\/www\/wp-json\/wp\/v2\/pages"}],"about":[{"href":"https:\/\/zs3.rybnik.pl\/www\/wp-json\/wp\/v2\/types\/page"}],"author":[{"embeddable":true,"href":"https:\/\/zs3.rybnik.pl\/www\/wp-json\/wp\/v2\/users\/7"}],"replies":[{"embeddable":true,"href":"https:\/\/zs3.rybnik.pl\/www\/wp-json\/wp\/v2\/comments?post=6018"}],"version-history":[{"count":3,"href":"https:\/\/zs3.rybnik.pl\/www\/wp-json\/wp\/v2\/pages\/6018\/revisions"}],"predecessor-version":[{"id":6026,"href":"https:\/\/zs3.rybnik.pl\/www\/wp-json\/wp\/v2\/pages\/6018\/revisions\/6026"}],"wp:attachment":[{"href":"https:\/\/zs3.rybnik.pl\/www\/wp-json\/wp\/v2\/media?parent=6018"}],"curies":[{"name":"wp","href":"https:\/\/api.w.org\/{rel}","templated":true}]}}