{"id":61,"date":"2016-06-12T11:00:30","date_gmt":"2016-06-12T09:00:30","guid":{"rendered":"http:\/\/zs3.rybnik.pl\/www\/?page_id=61"},"modified":"2025-09-25T22:24:25","modified_gmt":"2025-09-25T20:24:25","slug":"rada-rodzicow","status":"publish","type":"page","link":"https:\/\/zs3.rybnik.pl\/www\/dla-rodzicow\/rada-rodzicow\/","title":{"rendered":"Rada rodzic\u00f3w"},"content":{"rendered":"\n\n\n<div class=\"wp-block-file\"><div class='afi-document'><div class='afi-document-icon'><a href='https:\/\/zs3.rybnik.pl\/www\/wp-content\/uploads\/2025\/09\/Deklaracja-dobrowolnych-wplat-na-fundusz-Rady-Rodzicow.pdf'><img src='https:\/\/zs3.rybnik.pl\/www\/wp-content\/plugins\/attachment-file-icons\/mime\/pdf-icon.png'\/><\/a><\/div><div class='afi-document-link'><a href=\"https:\/\/zs3.rybnik.pl\/www\/wp-content\/uploads\/2025\/09\/Deklaracja-dobrowolnych-wplat-na-fundusz-Rady-Rodzicow.pdf\" target=\"_blank\" rel=\"noreferrer noopener\">Deklaracja dobrowolnych wp\u0142at na fundusz Rady Rodzic\u00f3w przy Zespole Szk\u00f3\u0142 nr 3 w Rybniku<\/a><\/div><\/div><div class='afi-clear'><\/div><\/div>\n","protected":false},"excerpt":{"rendered":"","protected":false},"author":1,"featured_media":0,"parent":56,"menu_order":0,"comment_status":"closed","ping_status":"closed","template":"","meta":{"ngg_post_thumbnail":0},"_links":{"self":[{"href":"https:\/\/zs3.rybnik.pl\/www\/wp-json\/wp\/v2\/pages\/61"}],"collection":[{"href":"https:\/\/zs3.rybnik.pl\/www\/wp-json\/wp\/v2\/pages"}],"about":[{"href":"https:\/\/zs3.rybnik.pl\/www\/wp-json\/wp\/v2\/types\/page"}],"author":[{"embeddable":true,"href":"https:\/\/zs3.rybnik.pl\/www\/wp-json\/wp\/v2\/users\/1"}],"replies":[{"embeddable":true,"href":"https:\/\/zs3.rybnik.pl\/www\/wp-json\/wp\/v2\/comments?post=61"}],"version-history":[{"count":6,"href":"https:\/\/zs3.rybnik.pl\/www\/wp-json\/wp\/v2\/pages\/61\/revisions"}],"predecessor-version":[{"id":19337,"href":"https:\/\/zs3.rybnik.pl\/www\/wp-json\/wp\/v2\/pages\/61\/revisions\/19337"}],"up":[{"embeddable":true,"href":"https:\/\/zs3.rybnik.pl\/www\/wp-json\/wp\/v2\/pages\/56"}],"wp:attachment":[{"href":"https:\/\/zs3.rybnik.pl\/www\/wp-json\/wp\/v2\/media?parent=61"}],"curies":[{"name":"wp","href":"https:\/\/api.w.org\/{rel}","templated":true}]}}