{"id":6583,"date":"2019-03-01T14:12:13","date_gmt":"2019-03-01T13:12:13","guid":{"rendered":"http:\/\/zs3.rybnik.pl\/www\/?page_id=6583"},"modified":"2022-02-09T18:02:14","modified_gmt":"2022-02-09T17:02:14","slug":"liceum-ogolnoksztalcace-vlo","status":"publish","type":"page","link":"https:\/\/zs3.rybnik.pl\/www\/liceum-ogolnoksztalcace-vlo\/","title":{"rendered":"Liceum Og\u00f3lnokszta\u0142c\u0105ce  VLO"},"content":{"rendered":"\n<figure class=\"wp-block-image size-large is-resized\"><img loading=\"lazy\" src=\"https:\/\/zs3.rybnik.pl\/www\/wp-content\/uploads\/2022\/02\/Logo_LO_2022_02-1024x1024.jpg\" alt=\"\" class=\"wp-image-12644\" width=\"531\" height=\"531\" srcset=\"https:\/\/zs3.rybnik.pl\/www\/wp-content\/uploads\/2022\/02\/Logo_LO_2022_02-1024x1024.jpg 1024w, https:\/\/zs3.rybnik.pl\/www\/wp-content\/uploads\/2022\/02\/Logo_LO_2022_02-300x300.jpg 300w, https:\/\/zs3.rybnik.pl\/www\/wp-content\/uploads\/2022\/02\/Logo_LO_2022_02-150x150.jpg 150w, https:\/\/zs3.rybnik.pl\/www\/wp-content\/uploads\/2022\/02\/Logo_LO_2022_02-768x768.jpg 768w, https:\/\/zs3.rybnik.pl\/www\/wp-content\/uploads\/2022\/02\/Logo_LO_2022_02-159x159.jpg 159w, https:\/\/zs3.rybnik.pl\/www\/wp-content\/uploads\/2022\/02\/Logo_LO_2022_02.jpg 1182w\" sizes=\"(max-width: 531px) 100vw, 531px\" \/><\/figure>\n","protected":false},"excerpt":{"rendered":"","protected":false},"author":2,"featured_media":0,"parent":0,"menu_order":0,"comment_status":"closed","ping_status":"closed","template":"","meta":{"ngg_post_thumbnail":0},"_links":{"self":[{"href":"https:\/\/zs3.rybnik.pl\/www\/wp-json\/wp\/v2\/pages\/6583"}],"collection":[{"href":"https:\/\/zs3.rybnik.pl\/www\/wp-json\/wp\/v2\/pages"}],"about":[{"href":"https:\/\/zs3.rybnik.pl\/www\/wp-json\/wp\/v2\/types\/page"}],"author":[{"embeddable":true,"href":"https:\/\/zs3.rybnik.pl\/www\/wp-json\/wp\/v2\/users\/2"}],"replies":[{"embeddable":true,"href":"https:\/\/zs3.rybnik.pl\/www\/wp-json\/wp\/v2\/comments?post=6583"}],"version-history":[{"count":6,"href":"https:\/\/zs3.rybnik.pl\/www\/wp-json\/wp\/v2\/pages\/6583\/revisions"}],"predecessor-version":[{"id":12647,"href":"https:\/\/zs3.rybnik.pl\/www\/wp-json\/wp\/v2\/pages\/6583\/revisions\/12647"}],"wp:attachment":[{"href":"https:\/\/zs3.rybnik.pl\/www\/wp-json\/wp\/v2\/media?parent=6583"}],"curies":[{"name":"wp","href":"https:\/\/api.w.org\/{rel}","templated":true}]}}