{"id":69,"date":"2016-06-12T11:03:09","date_gmt":"2016-06-12T09:03:09","guid":{"rendered":"http:\/\/zs3.rybnik.pl\/www\/?page_id=69"},"modified":"2026-03-23T20:59:10","modified_gmt":"2026-03-23T19:59:10","slug":"dokumeny-do-pobrania","status":"publish","type":"page","link":"https:\/\/zs3.rybnik.pl\/www\/dla-rodzicow\/dokumeny-do-pobrania\/","title":{"rendered":"Dokumenty do pobrania"},"content":{"rendered":"\n<div class=\"wp-block-file\"><div class='afi-document'><div class='afi-document-icon'><a href='https:\/\/zs3.rybnik.pl\/www\/wp-content\/uploads\/2021\/07\/Upowaznienie-do-odbioru-dokumentow.pdf'><img src='https:\/\/zs3.rybnik.pl\/www\/wp-content\/plugins\/attachment-file-icons\/mime\/pdf-icon.png'\/><\/a><\/div><div class='afi-document-link'><a href=\"https:\/\/zs3.rybnik.pl\/www\/wp-content\/uploads\/2021\/07\/Upowaznienie-do-odbioru-dokumentow.pdf\" target=\"_blank\" rel=\"noreferrer noopener\">Upowa\u017cnienie do odbioru dokument\u00f3w<\/a><\/div><\/div><div class='afi-clear'><\/div><\/div>\n\n\n\n<div class=\"wp-block-file\"><div class='afi-document'><div class='afi-document-icon'><a href='https:\/\/zs3.rybnik.pl\/www\/wp-content\/uploads\/2025\/10\/wniosek-o-wydanie-opinii.pdf'><img src='https:\/\/zs3.rybnik.pl\/www\/wp-content\/plugins\/attachment-file-icons\/mime\/pdf-icon.png'\/><\/a><\/div><div class='afi-document-link'><a href=\"https:\/\/zs3.rybnik.pl\/www\/wp-content\/uploads\/2025\/10\/wniosek-o-wydanie-opinii.pdf\" target=\"_blank\" rel=\"noreferrer noopener\">Wniosek o wydanie opinii<\/a><\/div><\/div><div class='afi-clear'><\/div><\/div>\n\n\n\n<div class=\"wp-block-file\"><div class='afi-document'><div class='afi-document-icon'><a href='https:\/\/zs3.rybnik.pl\/www\/wp-content\/uploads\/2025\/08\/obiady_umowa-1.pdf'><img src='https:\/\/zs3.rybnik.pl\/www\/wp-content\/plugins\/attachment-file-icons\/mime\/pdf-icon.png'\/><\/a><\/div><div class='afi-document-link'><a href=\"https:\/\/zs3.rybnik.pl\/www\/wp-content\/uploads\/2025\/08\/obiady_umowa-1.pdf\" target=\"_blank\" rel=\"noreferrer noopener\">Obiady &#8211; Umowa<\/a><\/div><\/div><div class='afi-clear'><\/div><\/div>\n\n\n\n<div class=\"wp-block-file\"><div class='afi-document'><div class='afi-document-icon'><a href='https:\/\/zs3.rybnik.pl\/www\/wp-content\/uploads\/2025\/08\/obiady_deklaracja-1.pdf'><img src='https:\/\/zs3.rybnik.pl\/www\/wp-content\/plugins\/attachment-file-icons\/mime\/pdf-icon.png'\/><\/a><\/div><div class='afi-document-link'><a href=\"https:\/\/zs3.rybnik.pl\/www\/wp-content\/uploads\/2025\/08\/obiady_deklaracja-1.pdf\" target=\"_blank\" rel=\"noreferrer noopener\">Obiady &#8211; Deklaracja<\/a><\/div><\/div><div class='afi-clear'><\/div><\/div>\n\n\n\n<div class=\"wp-block-file\"><div class='afi-document'><div class='afi-document-icon'><a href='https:\/\/zs3.rybnik.pl\/www\/wp-content\/uploads\/2026\/03\/WSKAZOWKI-DLA-RODZICOW.pdf'><img src='https:\/\/zs3.rybnik.pl\/www\/wp-content\/plugins\/attachment-file-icons\/mime\/pdf-icon.png'\/><\/a><\/div><div class='afi-document-link'><a href=\"https:\/\/zs3.rybnik.pl\/www\/wp-content\/uploads\/2026\/03\/WSKAZOWKI-DLA-RODZICOW.pdf\" target=\"_blank\" rel=\"noreferrer noopener\">Wskaz\u00f3wki dla rodzic\u00f3w &#8211; dost\u0119p do informacji (sto\u0142\u00f3wka) <\/a><\/div><\/div><div class='afi-clear'><\/div><\/div>\n\n\n<p><div class='afi-document'><div class='afi-document-icon'><a href='https:\/\/zs3.rybnik.pl\/www\/wp-content\/uploads\/2021\/08\/Deklaracja-uczestnictwa-w-zajeciach-wspomagajacych_2.pdf'><img src='https:\/\/zs3.rybnik.pl\/www\/wp-content\/plugins\/attachment-file-icons\/mime\/pdf-icon.png'\/><\/a><\/div><div class='afi-document-link'><a href=\"https:\/\/zs3.rybnik.pl\/www\/wp-content\/uploads\/2021\/08\/Deklaracja-uczestnictwa-w-zajeciach-wspomagajacych_2.pdf\" target=\"_blank\" rel=\"noopener\">Deklaracja uczestnictwa w zaj\u0119ciach wspomagaj\u0105cych<\/a><\/div><\/div><div class='afi-clear'><\/div><\/p>\n<p><div class='afi-document'><div class='afi-document-icon'><a href='https:\/\/zs3.rybnik.pl\/www\/wp-content\/uploads\/2021\/09\/instrukcja-logowania.pdf'><img src='https:\/\/zs3.rybnik.pl\/www\/wp-content\/plugins\/attachment-file-icons\/mime\/pdf-icon.png'\/><\/a><\/div><div class='afi-document-link'><a href=\"https:\/\/zs3.rybnik.pl\/www\/wp-content\/uploads\/2021\/09\/instrukcja-logowania.pdf\" target=\"_blank\" rel=\"noopener\">Instrukcja logowania do e-dziennika (dla rodzic\u00f3w)<\/a><\/div><\/div><div class='afi-clear'><\/div><\/p>\n<p><div class='afi-document'><div class='afi-document-icon'><a href='https:\/\/zs3.rybnik.pl\/www\/wp-content\/uploads\/2025\/09\/wniosek_ucznia-2025.pdf'><img src='https:\/\/zs3.rybnik.pl\/www\/wp-content\/plugins\/attachment-file-icons\/mime\/pdf-icon.png'\/><\/a><\/div><div class='afi-document-link'><a href=\"https:\/\/zs3.rybnik.pl\/www\/wp-content\/uploads\/2025\/09\/wniosek_ucznia-2025.pdf\">Wniosek ucznia o przyznanie stypendium szkolnego 2025\/2026<\/a><\/div><\/div><div class='afi-clear'><\/div>&nbsp;<\/p>\n<p><div class='afi-document'><div class='afi-document-icon'><a href='https:\/\/zs3.rybnik.pl\/www\/wp-content\/uploads\/2024\/09\/wniosek-stypendium-szkolne-Ukraina-2024-2025.pdf'><img src='https:\/\/zs3.rybnik.pl\/www\/wp-content\/plugins\/attachment-file-icons\/mime\/pdf-icon.png'\/><\/a><\/div><div class='afi-document-link'><a href=\"https:\/\/zs3.rybnik.pl\/www\/wp-content\/uploads\/2024\/09\/wniosek-stypendium-szkolne-Ukraina-2024-2025.pdf\">Wniosek ucznia o przyznanie stypendium szkolnego 2024\/2025 &#8211; uczniowie z Ukrainy<\/a><\/div><\/div><div class='afi-clear'><\/div><\/p>\n<p><div class='afi-document'><div class='afi-document-icon'><a href='https:\/\/zs3.rybnik.pl\/www\/wp-content\/uploads\/2025\/09\/wyciag_z_ustawy-2025.pdf'><img src='https:\/\/zs3.rybnik.pl\/www\/wp-content\/plugins\/attachment-file-icons\/mime\/pdf-icon.png'\/><\/a><\/div><div class='afi-document-link'><a href=\"https:\/\/zs3.rybnik.pl\/www\/wp-content\/uploads\/2025\/09\/wyciag_z_ustawy-2025.pdf\">Spos\u00f3b obliczania dochodu gospodarstwa rodzinnego<\/a><\/div><\/div><div class='afi-clear'><\/div><\/p>\n<p><div class='afi-document'><div class='afi-document-icon'><a href='https:\/\/zs3.rybnik.pl\/www\/wp-content\/uploads\/2025\/09\/katalog_wydatkow-od-01.09.2025.pdf'><img src='https:\/\/zs3.rybnik.pl\/www\/wp-content\/plugins\/attachment-file-icons\/mime\/pdf-icon.png'\/><\/a><\/div><div class='afi-document-link'><a href=\"https:\/\/zs3.rybnik.pl\/www\/wp-content\/uploads\/2025\/09\/katalog_wydatkow-od-01.09.2025.pdf\">Katalog wydatk\u00f3w podlegaj\u0105cych refundacji w ramach stypendium szkolnego<\/a><\/div><\/div><div class='afi-clear'><\/div><\/p>\n<p><div class='afi-document'><div class='afi-document-icon'><a href='https:\/\/zs3.rybnik.pl\/www\/wp-content\/uploads\/2025\/09\/umowa-kupna-sprzedazy-podrecznikow.pdf'><img src='https:\/\/zs3.rybnik.pl\/www\/wp-content\/plugins\/attachment-file-icons\/mime\/pdf-icon.png'\/><\/a><\/div><div class='afi-document-link'><a href=\"https:\/\/zs3.rybnik.pl\/www\/wp-content\/uploads\/2025\/09\/umowa-kupna-sprzedazy-podrecznikow.pdf\">Umowa kupna &#8211; sprzeda\u017cy u\u017cywanych podr\u0119cznik\u00f3w szkolnych<\/a><\/div><\/div><div class='afi-clear'><\/div><\/p>\n<p><div class='afi-document'><div class='afi-document-icon'><a href='https:\/\/zs3.rybnik.pl\/www\/wp-content\/uploads\/2025\/09\/wzor_oswiadczenia_dzialalnosc-zasady-ogolne-2025.pdf'><img src='https:\/\/zs3.rybnik.pl\/www\/wp-content\/plugins\/attachment-file-icons\/mime\/pdf-icon.png'\/><\/a><\/div><div class='afi-document-link'><a href=\"https:\/\/zs3.rybnik.pl\/www\/wp-content\/uploads\/2025\/09\/wzor_oswiadczenia_dzialalnosc-zasady-ogolne-2025.pdf\">O\u015bwiadczenie o uzyskanym dochodzie z tytu\u0142u prowadzonej dzia\u0142alno\u015bci gospodarczej na zasadach og\u00f3lnych\u2013 wz\u00f3r<\/a><\/div><\/div><div class='afi-clear'><\/div><\/p>\n<p><div class='afi-document'><div class='afi-document-icon'><a href='https:\/\/zs3.rybnik.pl\/www\/wp-content\/uploads\/2025\/09\/wzor_oswiadczenia_o-dochodach-2025.pdf'><img src='https:\/\/zs3.rybnik.pl\/www\/wp-content\/plugins\/attachment-file-icons\/mime\/doc-icon.png'\/><\/a><\/div><div class='afi-document-link'><a href=\"https:\/\/zs3.rybnik.pl\/www\/wp-content\/uploads\/2025\/09\/wzor_oswiadczenia_o-dochodach-2025.pdf\">O\u015bwiadczenie o uzyskanym dochodzie &#8211; wz\u00f3r<\/a><\/div><\/div><div class='afi-clear'><\/div><\/p>\n<p><div class='afi-document'><div class='afi-document-icon'><a href='https:\/\/zs3.rybnik.pl\/www\/wp-content\/uploads\/2025\/09\/wzor_oswiadczenia_o_braku_pracy-2025.pdf'><img src='https:\/\/zs3.rybnik.pl\/www\/wp-content\/plugins\/attachment-file-icons\/mime\/pdf-icon.png'\/><\/a><\/div><div class='afi-document-link'><a href=\"https:\/\/zs3.rybnik.pl\/www\/wp-content\/uploads\/2025\/09\/wzor_oswiadczenia_o_braku_pracy-2025.pdf\">O\u015bwiadczenie o braku pracy &#8211; wz\u00f3r<\/a><\/div><\/div><div class='afi-clear'><\/div><\/p>\n<p><div class='afi-document'><div class='afi-document-icon'><a href='https:\/\/zs3.rybnik.pl\/www\/wp-content\/uploads\/2025\/09\/wzor_oswiadczenia_dzialalnosc-ryczalt-2025.pdf'><img src='https:\/\/zs3.rybnik.pl\/www\/wp-content\/plugins\/attachment-file-icons\/mime\/pdf-icon.png'\/><\/a><\/div><div class='afi-document-link'><a href=\"https:\/\/zs3.rybnik.pl\/www\/wp-content\/uploads\/2025\/09\/wzor_oswiadczenia_dzialalnosc-ryczalt-2025.pdf\">O\u015bwiadczenie o uzyskanym dochodzie z tytu\u0142u prowadzonej dzia\u0142alno\u015bci gospodarczej (RYCZA\u0141T)<\/a><\/div><\/div><div class='afi-clear'><\/div><\/p>\n<p><div class='afi-document'><div class='afi-document-icon'><a href='https:\/\/zs3.rybnik.pl\/www\/wp-content\/uploads\/2024\/09\/Oswiadczenie-o-uzyskanych-dochodach-uczniowie-z-Ukrainy.pdf'><img src='https:\/\/zs3.rybnik.pl\/www\/wp-content\/plugins\/attachment-file-icons\/mime\/doc-icon.png'\/><\/a><\/div><div class='afi-document-link'><a href=\"https:\/\/zs3.rybnik.pl\/www\/wp-content\/uploads\/2024\/09\/Oswiadczenie-o-uzyskanych-dochodach-uczniowie-z-Ukrainy.pdf\">O\u015bwiadczenie o uzyskanych dochodach &#8211; uczniowie z Ukrainy<\/a><\/div><\/div><div class='afi-clear'><\/div><\/p>\n<p><div class='afi-document'><div class='afi-document-icon'><a href='https:\/\/zs3.rybnik.pl\/www\/wp-content\/uploads\/2022\/09\/oswiadczenie-opiekuna-tymczasowego-po-polsku.pdf'><img src='https:\/\/zs3.rybnik.pl\/www\/wp-content\/plugins\/attachment-file-icons\/mime\/pdf-icon.png'\/><\/a><\/div><div class='afi-document-link'><a href=\"https:\/\/zs3.rybnik.pl\/www\/wp-content\/uploads\/2022\/09\/oswiadczenie-opiekuna-tymczasowego-po-polsku.pdf\">O\u015bwiadczenie opiekuna tymczasowego po polsku<\/a><\/div><\/div><div class='afi-clear'><\/div><\/p>\n<p><div class='afi-document'><div class='afi-document-icon'><a href='https:\/\/zs3.rybnik.pl\/www\/wp-content\/uploads\/2016\/06\/Wniosek-o-zawarcie-umowy-dotycz\u0105cej-zwrotu-koszt\u00f3w-przewozu-dziecka-do-plac\u00f3wki-o\u015bwiatowej.pdf'><img src='https:\/\/zs3.rybnik.pl\/www\/wp-content\/plugins\/attachment-file-icons\/mime\/pdf-icon.png'\/><\/a><\/div><div class='afi-document-link'><a href=\"https:\/\/zs3.rybnik.pl\/www\/wp-content\/uploads\/2016\/06\/Wniosek-o-zawarcie-umowy-dotycz\u0105cej-zwrotu-koszt\u00f3w-przewozu-dziecka-do-plac\u00f3wki-o\u015bwiatowej.pdf\" target=\"_blank\" rel=\"noopener\">Wniosek o zawarcie umowy dotycz\u0105cej zwrotu koszt\u00f3w przewozu dziecka do plac\u00f3wki o\u015bwiatowej<\/a><\/div><\/div><div class='afi-clear'><\/div><\/p>\n<p><div class='afi-document'><div class='afi-document-icon'><a href='https:\/\/zs3.rybnik.pl\/www\/wp-content\/uploads\/2016\/06\/Bezpieczna-szko\u0142a-procedury-bezpiecze\u0144stwa.pdf'><img src='https:\/\/zs3.rybnik.pl\/www\/wp-content\/plugins\/attachment-file-icons\/mime\/pdf-icon.png'\/><\/a><\/div><div class='afi-document-link'><a href=\"https:\/\/zs3.rybnik.pl\/www\/wp-content\/uploads\/2016\/06\/Bezpieczna-szko\u0142a-procedury-bezpiecze\u0144stwa.pdf\" target=\"_blank\" rel=\"noopener\">Bezpieczna szko\u0142a-procedury bezpiecze\u0144stwa<\/a><\/div><\/div><div class='afi-clear'><\/div><\/p>\n<p><div class='afi-document'><div class='afi-document-icon'><a href='https:\/\/zs3.rybnik.pl\/www\/wp-content\/uploads\/2016\/06\/Porozumienie-na-wykonywanie-\u015bwiadcze\u0144-zdrowotnych-z-zakresu-leczenia-stomatologicznego-dla-dzieci-i-m\u0142odzie\u017cy.pdf'><img src='https:\/\/zs3.rybnik.pl\/www\/wp-content\/plugins\/attachment-file-icons\/mime\/pdf-icon.png'\/><\/a><\/div><div class='afi-document-link'><a href=\"https:\/\/zs3.rybnik.pl\/www\/wp-content\/uploads\/2016\/06\/Porozumienie-na-wykonywanie-\u015bwiadcze\u0144-zdrowotnych-z-zakresu-leczenia-stomatologicznego-dla-dzieci-i-m\u0142odzie\u017cy.pdf\">Porozumienie na wykonywanie \u015bwiadcze\u0144 zdrowotnych z zakresu leczenia stomatologicznego dla dzieci i m\u0142odzie\u017cy<\/a><\/div><\/div><div class='afi-clear'><\/div><\/p>\n<p><div class='afi-document'><div class='afi-document-icon'><a href='https:\/\/zs3.rybnik.pl\/www\/wp-content\/uploads\/2016\/06\/Wykaz-szk\u00f3\u0142-dot.-Porozumienia-na-wykonywanie-\u015bwiadcze\u0144-zdrowotnych-z-zakresu-leczenia-stomatologicznego-dla-dzieci-i-m\u0142odzie\u017cy.pdf'><img src='https:\/\/zs3.rybnik.pl\/www\/wp-content\/plugins\/attachment-file-icons\/mime\/pdf-icon.png'\/><\/a><\/div><div class='afi-document-link'><a href=\"https:\/\/zs3.rybnik.pl\/www\/wp-content\/uploads\/2016\/06\/Wykaz-szk\u00f3\u0142-dot.-Porozumienia-na-wykonywanie-\u015bwiadcze\u0144-zdrowotnych-z-zakresu-leczenia-stomatologicznego-dla-dzieci-i-m\u0142odzie\u017cy.pdf\">Wykaz szk\u00f3\u0142 &#8211; dot. Porozumienia na wykonywanie \u015bwiadcze\u0144 zdrowotnych z zakresu leczenia stomatologicznego dla dzieci i m\u0142odzie\u017cy<\/a><\/div><\/div><div class='afi-clear'><\/div><\/p>\n\n\n<div class=\"wp-block-file\"><div class='afi-document'><div class='afi-document-icon'><a href='https:\/\/zs3.rybnik.pl\/www\/wp-content\/uploads\/2021\/09\/Deklaracja-na-szczepienia_uczen.pdf'><img src='https:\/\/zs3.rybnik.pl\/www\/wp-content\/plugins\/attachment-file-icons\/mime\/pdf-icon.png'\/><\/a><\/div><div class='afi-document-link'><a href=\"https:\/\/zs3.rybnik.pl\/www\/wp-content\/uploads\/2021\/09\/Deklaracja-na-szczepienia_uczen.pdf\" target=\"_blank\" rel=\"noreferrer noopener\">Deklaracja na szczepienia<\/a><\/div><\/div><div class='afi-clear'><\/div><\/div>\n\n\n\n<div class=\"wp-block-file\"><div class='afi-document'><div class='afi-document-icon'><a href='https:\/\/zs3.rybnik.pl\/www\/wp-content\/uploads\/2025\/08\/WYPRAWKA-WNIOSEK_2025_2026.pdf'><img src='https:\/\/zs3.rybnik.pl\/www\/wp-content\/plugins\/attachment-file-icons\/mime\/pdf-icon.png'\/><\/a><\/div><div class='afi-document-link'><a href=\"https:\/\/zs3.rybnik.pl\/www\/wp-content\/uploads\/2025\/08\/WYPRAWKA-WNIOSEK_2025_2026.pdf\" target=\"_blank\" rel=\"noreferrer noopener\">Wniosek o dofinansowanie zakupu podr\u0119cznik\u00f3w w roku szkolnym 2025\/2026<\/a><\/div><\/div><div class='afi-clear'><\/div><\/div>\n","protected":false},"excerpt":{"rendered":"<p>Deklaracja uczestnictwa w zaj\u0119ciach wspomagaj\u0105cych Instrukcja logowania do e-dziennika (dla rodzic\u00f3w) Wniosek ucznia o przyznanie stypendium szkolnego 2025\/2026 &nbsp; Wniosek ucznia o przyznanie stypendium szkolnego 2024\/2025 &#8211; uczniowie z Ukrainy Spos\u00f3b obliczania dochodu gospodarstwa rodzinnego Katalog wydatk\u00f3w podlegaj\u0105cych refundacji w [&hellip;]<\/p>\n","protected":false},"author":1,"featured_media":0,"parent":56,"menu_order":0,"comment_status":"closed","ping_status":"closed","template":"","meta":{"ngg_post_thumbnail":0},"_links":{"self":[{"href":"https:\/\/zs3.rybnik.pl\/www\/wp-json\/wp\/v2\/pages\/69"}],"collection":[{"href":"https:\/\/zs3.rybnik.pl\/www\/wp-json\/wp\/v2\/pages"}],"about":[{"href":"https:\/\/zs3.rybnik.pl\/www\/wp-json\/wp\/v2\/types\/page"}],"author":[{"embeddable":true,"href":"https:\/\/zs3.rybnik.pl\/www\/wp-json\/wp\/v2\/users\/1"}],"replies":[{"embeddable":true,"href":"https:\/\/zs3.rybnik.pl\/www\/wp-json\/wp\/v2\/comments?post=69"}],"version-history":[{"count":69,"href":"https:\/\/zs3.rybnik.pl\/www\/wp-json\/wp\/v2\/pages\/69\/revisions"}],"predecessor-version":[{"id":19953,"href":"https:\/\/zs3.rybnik.pl\/www\/wp-json\/wp\/v2\/pages\/69\/revisions\/19953"}],"up":[{"embeddable":true,"href":"https:\/\/zs3.rybnik.pl\/www\/wp-json\/wp\/v2\/pages\/56"}],"wp:attachment":[{"href":"https:\/\/zs3.rybnik.pl\/www\/wp-json\/wp\/v2\/media?parent=69"}],"curies":[{"name":"wp","href":"https:\/\/api.w.org\/{rel}","templated":true}]}}