{"id":7811,"date":"2019-05-30T01:13:22","date_gmt":"2019-05-29T23:13:22","guid":{"rendered":"http:\/\/zs3.rybnik.pl\/www\/?page_id=7811"},"modified":"2019-05-30T01:16:06","modified_gmt":"2019-05-29T23:16:06","slug":"procedury-bezpieczenstwa","status":"publish","type":"page","link":"https:\/\/zs3.rybnik.pl\/www\/procedury-bezpieczenstwa\/","title":{"rendered":"Procedury bezpiecze\u0144stwa"},"content":{"rendered":"<p><div class='afi-document'><div class='afi-document-icon'><a href='https:\/\/zs3.rybnik.pl\/www\/wp-content\/uploads\/2019\/05\/PROCEDURY-BEZPIECZE\u0143STWA-ZAGRO\u017bENIA-WEWN\u0118TRZNE.pdf'><img src='https:\/\/zs3.rybnik.pl\/www\/wp-content\/plugins\/attachment-file-icons\/mime\/pdf-icon.png'\/><\/a><\/div><div class='afi-document-link'><a href=\"https:\/\/zs3.rybnik.pl\/www\/wp-content\/uploads\/2019\/05\/PROCEDURY-BEZPIECZE\u0143STWA-ZAGRO\u017bENIA-WEWN\u0118TRZNE.pdf\" target=\"_blank\">PROCEDURY BEZPIECZE\u0143STWA &#8211; ZAGRO\u017bENIA WEWN\u0118TRZNE<\/a><\/div><\/div><div class='afi-clear'><\/div><\/p>\n<p><div class='afi-document'><div class='afi-document-icon'><a href='https:\/\/zs3.rybnik.pl\/www\/wp-content\/uploads\/2019\/05\/PROCEDURY-BEZPIECZE\u0143STWA-ZAGRO\u017bENIA-ZEWN\u0118TRZNE.pdf'><img src='https:\/\/zs3.rybnik.pl\/www\/wp-content\/plugins\/attachment-file-icons\/mime\/pdf-icon.png'\/><\/a><\/div><div class='afi-document-link'><a href=\"https:\/\/zs3.rybnik.pl\/www\/wp-content\/uploads\/2019\/05\/PROCEDURY-BEZPIECZE\u0143STWA-ZAGRO\u017bENIA-ZEWN\u0118TRZNE.pdf\" target=\"_blank\">PROCEDURY BEZPIECZE\u0143STWA &#8211; ZAGRO\u017bENIA ZEWN\u0118TRZNE<\/a><\/div><\/div><div class='afi-clear'><\/div><\/p>\n","protected":false},"excerpt":{"rendered":"<p>PROCEDURY BEZPIECZE\u0143STWA &#8211; ZAGRO\u017bENIA WEWN\u0118TRZNE PROCEDURY BEZPIECZE\u0143STWA &#8211; ZAGRO\u017bENIA ZEWN\u0118TRZNE<\/p>\n","protected":false},"author":7,"featured_media":0,"parent":0,"menu_order":0,"comment_status":"closed","ping_status":"closed","template":"","meta":{"ngg_post_thumbnail":0},"_links":{"self":[{"href":"https:\/\/zs3.rybnik.pl\/www\/wp-json\/wp\/v2\/pages\/7811"}],"collection":[{"href":"https:\/\/zs3.rybnik.pl\/www\/wp-json\/wp\/v2\/pages"}],"about":[{"href":"https:\/\/zs3.rybnik.pl\/www\/wp-json\/wp\/v2\/types\/page"}],"author":[{"embeddable":true,"href":"https:\/\/zs3.rybnik.pl\/www\/wp-json\/wp\/v2\/users\/7"}],"replies":[{"embeddable":true,"href":"https:\/\/zs3.rybnik.pl\/www\/wp-json\/wp\/v2\/comments?post=7811"}],"version-history":[{"count":3,"href":"https:\/\/zs3.rybnik.pl\/www\/wp-json\/wp\/v2\/pages\/7811\/revisions"}],"predecessor-version":[{"id":7817,"href":"https:\/\/zs3.rybnik.pl\/www\/wp-json\/wp\/v2\/pages\/7811\/revisions\/7817"}],"wp:attachment":[{"href":"https:\/\/zs3.rybnik.pl\/www\/wp-json\/wp\/v2\/media?parent=7811"}],"curies":[{"name":"wp","href":"https:\/\/api.w.org\/{rel}","templated":true}]}}