{"id":7838,"date":"2019-06-02T22:35:41","date_gmt":"2019-06-02T20:35:41","guid":{"rendered":"http:\/\/zs3.rybnik.pl\/www\/?page_id=7838"},"modified":"2023-09-14T21:21:59","modified_gmt":"2023-09-14T19:21:59","slug":"regulamin-wypozyczania-podrecznikow","status":"publish","type":"page","link":"https:\/\/zs3.rybnik.pl\/www\/regulamin-wypozyczania-podrecznikow\/","title":{"rendered":"Regulamin wypo\u017cyczania podr\u0119cznik\u00f3w"},"content":{"rendered":"\n<p><\/p>\n\n\n\n<div class=\"wp-block-file\"><div class='afi-document'><div class='afi-document-icon'><a href='https:\/\/zs3.rybnik.pl\/www\/wp-content\/uploads\/2023\/09\/REGULAMIN-WYPOZYCZANIA-PODRECZNIKOW-2023-24.pdf'><img src='https:\/\/zs3.rybnik.pl\/www\/wp-content\/plugins\/attachment-file-icons\/mime\/pdf-icon.png'\/><\/a><\/div><div class='afi-document-link'><a href=\"https:\/\/zs3.rybnik.pl\/www\/wp-content\/uploads\/2023\/09\/REGULAMIN-WYPOZYCZANIA-PODRECZNIKOW-2023-24.pdf\" target=\"_blank\" rel=\"noreferrer noopener\">REGULAMIN WYPO\u017bYCZANIA PODR\u0118CZNIK\u00d3W<br>w Szkole Podstawowej nr 31 w Rybniku<\/a><\/div><\/div><div class='afi-clear'><\/div><\/div>\n\n\n\n<div class=\"wp-block-file\"><div class='afi-document'><div class='afi-document-icon'><a href='https:\/\/zs3.rybnik.pl\/www\/wp-content\/uploads\/2023\/09\/REGULAMIN-WYPOZYCZANIA-PODRECZNIKOW-2023-24_VLO.pdf'><img src='https:\/\/zs3.rybnik.pl\/www\/wp-content\/plugins\/attachment-file-icons\/mime\/pdf-icon.png'\/><\/a><\/div><div class='afi-document-link'><a href=\"https:\/\/zs3.rybnik.pl\/www\/wp-content\/uploads\/2023\/09\/REGULAMIN-WYPOZYCZANIA-PODRECZNIKOW-2023-24_VLO.pdf\" target=\"_blank\" rel=\"noreferrer noopener\">REGULAMIN WYPO\u017bYCZANIA PODR\u0118CZNIK\u00d3W<br>uczniom pochodz\u0105cym z Ukrainy<br>V Liceum Og\u00f3lnokszta\u0142c\u0105ce w Rybniku<\/a><\/div><\/div><div class='afi-clear'><\/div><\/div>\n","protected":false},"excerpt":{"rendered":"","protected":false},"author":7,"featured_media":0,"parent":0,"menu_order":0,"comment_status":"closed","ping_status":"closed","template":"","meta":{"ngg_post_thumbnail":0},"_links":{"self":[{"href":"https:\/\/zs3.rybnik.pl\/www\/wp-json\/wp\/v2\/pages\/7838"}],"collection":[{"href":"https:\/\/zs3.rybnik.pl\/www\/wp-json\/wp\/v2\/pages"}],"about":[{"href":"https:\/\/zs3.rybnik.pl\/www\/wp-json\/wp\/v2\/types\/page"}],"author":[{"embeddable":true,"href":"https:\/\/zs3.rybnik.pl\/www\/wp-json\/wp\/v2\/users\/7"}],"replies":[{"embeddable":true,"href":"https:\/\/zs3.rybnik.pl\/www\/wp-json\/wp\/v2\/comments?post=7838"}],"version-history":[{"count":4,"href":"https:\/\/zs3.rybnik.pl\/www\/wp-json\/wp\/v2\/pages\/7838\/revisions"}],"predecessor-version":[{"id":15415,"href":"https:\/\/zs3.rybnik.pl\/www\/wp-json\/wp\/v2\/pages\/7838\/revisions\/15415"}],"wp:attachment":[{"href":"https:\/\/zs3.rybnik.pl\/www\/wp-json\/wp\/v2\/media?parent=7838"}],"curies":[{"name":"wp","href":"https:\/\/api.w.org\/{rel}","templated":true}]}}