{"id":83,"date":"2016-06-12T11:08:20","date_gmt":"2016-06-12T09:08:20","guid":{"rendered":"http:\/\/zs3.rybnik.pl\/www\/?page_id=83"},"modified":"2018-11-04T22:03:28","modified_gmt":"2018-11-04T21:03:28","slug":"dyrekcja","status":"publish","type":"page","link":"https:\/\/zs3.rybnik.pl\/www\/szkola\/dyrekcja\/","title":{"rendered":"Dyrekcja"},"content":{"rendered":"<p>Pawe\u0142 Kaszyca<\/p>\n<p>Dyrektor Zespo\u0142u Szk\u00f3\u0142 nr 3<\/p>\n<p>Adres e-mail: <a href=\"mailto:pawel.kaszyca@zs3.rybnik.pl\">pawel.kaszyca@zs3.rybnik.pl<\/a><\/p>\n<p>Telefon: 32 42270 81 wewn. 25<\/p>\n<p>&nbsp;<\/p>\n<p>Dariusz Widawski<\/p>\n<p>Wicedyrektor szko\u0142y&nbsp; &#8211; V Liceum Og\u00f3lnokszta\u0142c\u0105ce z Oddzia\u0142ami Integracyjnymi im. J. Kukuczki<\/p>\n<p>Adres e-mail: <a href=\"mailto:dariusz.widawski@zs3.rybnik.pl\">dariusz.widawski@zs3.rybnik.pl<\/a><\/p>\n<p>Telefon: 32&nbsp;422 70 81 wewn. 26<\/p>\n<p>&nbsp;<\/p>\n<p>Agnieszka Miera<\/p>\n<p>Wicedyrektor szko\u0142y&nbsp; &#8211; Szko\u0142a Podstawowa nr 31 Mistrzostwa Sportowego<\/p>\n<p>Adres e-mail: <a href=\"mailto:agnieszka.miera@zs3.rybnik.pl\">agnieszka.miera@zs3.rybnik.pl<\/a><\/p>\n<p>Telefon: 32&nbsp;422 70 81 wewn. 33<\/p>\n","protected":false},"excerpt":{"rendered":"<p>Pawe\u0142 Kaszyca Dyrektor Zespo\u0142u Szk\u00f3\u0142 nr 3 Adres e-mail: pawel.kaszyca@zs3.rybnik.pl Telefon: 32 42270 81 wewn. 25 &nbsp; Dariusz Widawski Wicedyrektor szko\u0142y&nbsp; &#8211; V Liceum Og\u00f3lnokszta\u0142c\u0105ce z Oddzia\u0142ami Integracyjnymi im. J. Kukuczki Adres e-mail: dariusz.widawski@zs3.rybnik.pl Telefon: 32&nbsp;422 70 81 wewn. 26 [&hellip;]<\/p>\n","protected":false},"author":1,"featured_media":0,"parent":79,"menu_order":0,"comment_status":"closed","ping_status":"closed","template":"","meta":{"ngg_post_thumbnail":0},"_links":{"self":[{"href":"https:\/\/zs3.rybnik.pl\/www\/wp-json\/wp\/v2\/pages\/83"}],"collection":[{"href":"https:\/\/zs3.rybnik.pl\/www\/wp-json\/wp\/v2\/pages"}],"about":[{"href":"https:\/\/zs3.rybnik.pl\/www\/wp-json\/wp\/v2\/types\/page"}],"author":[{"embeddable":true,"href":"https:\/\/zs3.rybnik.pl\/www\/wp-json\/wp\/v2\/users\/1"}],"replies":[{"embeddable":true,"href":"https:\/\/zs3.rybnik.pl\/www\/wp-json\/wp\/v2\/comments?post=83"}],"version-history":[{"count":2,"href":"https:\/\/zs3.rybnik.pl\/www\/wp-json\/wp\/v2\/pages\/83\/revisions"}],"predecessor-version":[{"id":5279,"href":"https:\/\/zs3.rybnik.pl\/www\/wp-json\/wp\/v2\/pages\/83\/revisions\/5279"}],"up":[{"embeddable":true,"href":"https:\/\/zs3.rybnik.pl\/www\/wp-json\/wp\/v2\/pages\/79"}],"wp:attachment":[{"href":"https:\/\/zs3.rybnik.pl\/www\/wp-json\/wp\/v2\/media?parent=83"}],"curies":[{"name":"wp","href":"https:\/\/api.w.org\/{rel}","templated":true}]}}