{"id":8433,"date":"2019-09-15T22:25:58","date_gmt":"2019-09-15T20:25:58","guid":{"rendered":"http:\/\/zs3.rybnik.pl\/www\/?page_id=8433"},"modified":"2019-09-15T22:25:58","modified_gmt":"2019-09-15T20:25:58","slug":"dziennik-elektroniczny","status":"publish","type":"page","link":"https:\/\/zs3.rybnik.pl\/www\/dziennik-elektroniczny\/","title":{"rendered":"Dziennik elektroniczny"},"content":{"rendered":"<p><a href=\"https:\/\/uonetplus.vulcan.net.pl\/rybnik\" target=\"_blank\">DZIENNIK ELEKTRONICZNY<\/a><\/p>\n<p><div class='afi-document'><div class='afi-document-icon'><a href='https:\/\/zs3.rybnik.pl\/www\/wp-content\/uploads\/2019\/09\/pierwszelogowaniedosystemu.pdf'><img src='https:\/\/zs3.rybnik.pl\/www\/wp-content\/plugins\/attachment-file-icons\/mime\/pdf-icon.png'\/><\/a><\/div><div class='afi-document-link'><a href=\"https:\/\/zs3.rybnik.pl\/www\/wp-content\/uploads\/2019\/09\/pierwszelogowaniedosystemu.pdf\" target=\"_blank\">Jak po raz pierwszy zalogowa\u0107 si\u0119 do witryny systemu UONET+ INSTRUKCJA<\/a><\/div><\/div><div class='afi-clear'><\/div><\/p>\n<p><div class='afi-document'><div class='afi-document-icon'><a href='https:\/\/zs3.rybnik.pl\/www\/wp-content\/uploads\/2019\/09\/uonetplus_Usprawiedliwienia.pdf'><img src='https:\/\/zs3.rybnik.pl\/www\/wp-content\/plugins\/attachment-file-icons\/mime\/pdf-icon.png'\/><\/a><\/div><div class='afi-document-link'><a href=\"https:\/\/zs3.rybnik.pl\/www\/wp-content\/uploads\/2019\/09\/uonetplus_Usprawiedliwienia.pdf\" target=\"_blank\">Usprawiedliwianie nieobecno\u015bci uczni\u00f3w przez rodzic\u00f3w\/opiekun\u00f3w prawnych &#8211; INSTRUKCJA<\/a><\/div><\/div><div class='afi-clear'><\/div><\/p>\n","protected":false},"excerpt":{"rendered":"<p>DZIENNIK ELEKTRONICZNY Jak po raz pierwszy zalogowa\u0107 si\u0119 do witryny systemu UONET+ INSTRUKCJA Usprawiedliwianie nieobecno\u015bci uczni\u00f3w przez rodzic\u00f3w\/opiekun\u00f3w prawnych &#8211; INSTRUKCJA<\/p>\n","protected":false},"author":7,"featured_media":0,"parent":0,"menu_order":0,"comment_status":"closed","ping_status":"closed","template":"","meta":{"ngg_post_thumbnail":0},"_links":{"self":[{"href":"https:\/\/zs3.rybnik.pl\/www\/wp-json\/wp\/v2\/pages\/8433"}],"collection":[{"href":"https:\/\/zs3.rybnik.pl\/www\/wp-json\/wp\/v2\/pages"}],"about":[{"href":"https:\/\/zs3.rybnik.pl\/www\/wp-json\/wp\/v2\/types\/page"}],"author":[{"embeddable":true,"href":"https:\/\/zs3.rybnik.pl\/www\/wp-json\/wp\/v2\/users\/7"}],"replies":[{"embeddable":true,"href":"https:\/\/zs3.rybnik.pl\/www\/wp-json\/wp\/v2\/comments?post=8433"}],"version-history":[{"count":5,"href":"https:\/\/zs3.rybnik.pl\/www\/wp-json\/wp\/v2\/pages\/8433\/revisions"}],"predecessor-version":[{"id":8440,"href":"https:\/\/zs3.rybnik.pl\/www\/wp-json\/wp\/v2\/pages\/8433\/revisions\/8440"}],"wp:attachment":[{"href":"https:\/\/zs3.rybnik.pl\/www\/wp-json\/wp\/v2\/media?parent=8433"}],"curies":[{"name":"wp","href":"https:\/\/api.w.org\/{rel}","templated":true}]}}