{"id":85,"date":"2016-06-12T11:08:51","date_gmt":"2016-06-12T09:08:51","guid":{"rendered":"http:\/\/zs3.rybnik.pl\/www\/?page_id=85"},"modified":"2025-11-13T19:13:42","modified_gmt":"2025-11-13T18:13:42","slug":"wazne-dokumenty","status":"publish","type":"page","link":"https:\/\/zs3.rybnik.pl\/www\/szkola\/wazne-dokumenty\/","title":{"rendered":"Wa\u017cne dokumenty"},"content":{"rendered":"<p><div class='afi-document'><div class='afi-document-icon'><a href='https:\/\/zs3.rybnik.pl\/www\/wp-content\/uploads\/2025\/09\/Statut_ZS3_09_2025.pdf'><img src='https:\/\/zs3.rybnik.pl\/www\/wp-content\/plugins\/attachment-file-icons\/mime\/pdf-icon.png'\/><\/a><\/div><div class='afi-document-link'><a href=\"https:\/\/zs3.rybnik.pl\/www\/wp-content\/uploads\/2025\/09\/Statut_ZS3_09_2025.pdf\">Statut Zespo\u0142u Szk\u00f3\u0142 nr 3<\/a><\/div><\/div><div class='afi-clear'><\/div><\/p>\n<p><div class='afi-document'><div class='afi-document-icon'><a href='https:\/\/zs3.rybnik.pl\/www\/wp-content\/uploads\/2025\/11\/PROGRAM-WYCHOWAWCZO-PROFILAKTYCZNY-2025_2026_11.11.2025.pdf'><img src='https:\/\/zs3.rybnik.pl\/www\/wp-content\/plugins\/attachment-file-icons\/mime\/pdf-icon.png'\/><\/a><\/div><div class='afi-document-link'><a href=\"https:\/\/zs3.rybnik.pl\/www\/wp-content\/uploads\/2025\/11\/PROGRAM-WYCHOWAWCZO-PROFILAKTYCZNY-2025_2026_11.11.2025.pdf\">Program Wychowawczo &#8211; Profilaktyczny 2025\/2026<\/a><\/div><\/div><div class='afi-clear'><\/div><\/p>\n<p><div class='afi-document'><div class='afi-document-icon'><a href='https:\/\/zs3.rybnik.pl\/www\/wp-content\/uploads\/2021\/08\/Zarzadzenie-nr-16_-z-dnia-30.08.pdf'><img src='https:\/\/zs3.rybnik.pl\/www\/wp-content\/plugins\/attachment-file-icons\/mime\/pdf-icon.png'\/><\/a><\/div><div class='afi-document-link'><a href=\"https:\/\/zs3.rybnik.pl\/www\/wp-content\/uploads\/2021\/08\/Zarzadzenie-nr-16_-z-dnia-30.08.pdf\" target=\"_blank\" rel=\"noopener\">Zarz\u0105dzenie nr 16 Dyrektora ZS3 Rybnik<\/a><\/div><\/div><div class='afi-clear'><\/div><\/p>\n<p><div class='afi-document'><div class='afi-document-icon'><a href='https:\/\/zs3.rybnik.pl\/www\/wp-content\/uploads\/2021\/08\/OBOWIAZKI-UCZNIA_aktualizacja27_08.pdf'><img src='https:\/\/zs3.rybnik.pl\/www\/wp-content\/plugins\/attachment-file-icons\/mime\/pdf-icon.png'\/><\/a><\/div><div class='afi-document-link'><a href=\"https:\/\/zs3.rybnik.pl\/www\/wp-content\/uploads\/2021\/08\/OBOWIAZKI-UCZNIA_aktualizacja27_08.pdf\" target=\"_blank\" rel=\"noopener\">Obowi\u0105zki ucznia<\/a><\/div><\/div><div class='afi-clear'><\/div><\/p>\n<p><div class='afi-document'><div class='afi-document-icon'><a href='https:\/\/zs3.rybnik.pl\/www\/wp-content\/uploads\/2021\/08\/OBOWIAZKI-RODZICA_aktualizacja27_08.pdf'><img src='https:\/\/zs3.rybnik.pl\/www\/wp-content\/plugins\/attachment-file-icons\/mime\/pdf-icon.png'\/><\/a><\/div><div class='afi-document-link'><a href=\"https:\/\/zs3.rybnik.pl\/www\/wp-content\/uploads\/2021\/08\/OBOWIAZKI-RODZICA_aktualizacja27_08.pdf\" target=\"_blank\" rel=\"noopener\">Obowi\u0105zki rodzica<\/a><\/div><\/div><div class='afi-clear'><\/div><\/p>\n<p><div class='afi-document'><div class='afi-document-icon'><a href='https:\/\/zs3.rybnik.pl\/www\/wp-content\/uploads\/2016\/06\/ZASADY-ZDALNEGO-NAUCZANIA.pdf'><img src='https:\/\/zs3.rybnik.pl\/www\/wp-content\/plugins\/attachment-file-icons\/mime\/pdf-icon.png'\/><\/a><\/div><div class='afi-document-link'><a href=\"https:\/\/zs3.rybnik.pl\/www\/wp-content\/uploads\/2016\/06\/ZASADY-ZDALNEGO-NAUCZANIA.pdf\" target=\"_blank\" rel=\"noopener\">ZASADY ZDALNEGO NAUCZANIA<\/a><\/div><\/div><div class='afi-clear'><\/div><\/p>\n<p><div class='afi-document'><div class='afi-document-icon'><a href='https:\/\/zs3.rybnik.pl\/www\/wp-content\/uploads\/2016\/06\/ZASADY-ZDALNEGO-NAUCZANIA-AKTUALIZACJA-z-dn.-16.11.2020r..pdf'><img src='https:\/\/zs3.rybnik.pl\/www\/wp-content\/plugins\/attachment-file-icons\/mime\/pdf-icon.png'\/><\/a><\/div><div class='afi-document-link'><a href=\"https:\/\/zs3.rybnik.pl\/www\/wp-content\/uploads\/2016\/06\/ZASADY-ZDALNEGO-NAUCZANIA-AKTUALIZACJA-z-dn.-16.11.2020r..pdf\" target=\"_blank\" rel=\"noopener\">ZASADY ZDALNEGO NAUCZANIA &#8211; AKTUALIZACJA z dn. 16.11.2020r.<\/a><\/div><\/div><div class='afi-clear'><\/div><\/p>\n<p><div class='afi-document'><div class='afi-document-icon'><a href='https:\/\/zs3.rybnik.pl\/www\/wp-content\/uploads\/2016\/06\/zasady_eduk.wczesnoszkolna.pdf'><img src='https:\/\/zs3.rybnik.pl\/www\/wp-content\/plugins\/attachment-file-icons\/mime\/pdf-icon.png'\/><\/a><\/div><div class='afi-document-link'><a href=\"https:\/\/zs3.rybnik.pl\/www\/wp-content\/uploads\/2016\/06\/zasady_eduk.wczesnoszkolna.pdf\" target=\"_blank\" rel=\"noopener\">ZASADY ZDALNEGO NAUCZANIA &#8211; EDUKACJA WCZESNOSZKOLNA<\/a><\/div><\/div><div class='afi-clear'><\/div><\/p>\n\n\n<div class=\"wp-block-file\"><div class='afi-document'><div class='afi-document-icon'><a href='https:\/\/zs3.rybnik.pl\/www\/wp-content\/uploads\/2024\/04\/regulaminy-wycieczki.pdf'><img src='https:\/\/zs3.rybnik.pl\/www\/wp-content\/plugins\/attachment-file-icons\/mime\/pdf-icon.png'\/><\/a><\/div><div class='afi-document-link'><a href=\"https:\/\/zs3.rybnik.pl\/www\/wp-content\/uploads\/2024\/04\/regulaminy-wycieczki.pdf\" target=\"_blank\" rel=\"noreferrer noopener\">Regulaminy wycieczek<\/a><\/div><\/div><div class='afi-clear'><\/div><\/div>\n\n\n\n<div class=\"wp-block-file\"><div class='afi-document'><div class='afi-document-icon'><a href='https:\/\/zs3.rybnik.pl\/www\/wp-content\/uploads\/2024\/06\/Standardy-Ochrony-Maloletnich.pdf'><img src='https:\/\/zs3.rybnik.pl\/www\/wp-content\/plugins\/attachment-file-icons\/mime\/pdf-icon.png'\/><\/a><\/div><div class='afi-document-link'><a href=\"https:\/\/zs3.rybnik.pl\/www\/wp-content\/uploads\/2024\/06\/Standardy-Ochrony-Maloletnich.pdf\" target=\"_blank\" rel=\"noreferrer noopener\">Standardy Ochrony Maloletnich<\/a><\/div><\/div><div class='afi-clear'><\/div><\/div>\n\n\n\n<div class=\"wp-block-file\"><div class='afi-document'><div class='afi-document-icon'><a href='https:\/\/zs3.rybnik.pl\/www\/wp-content\/uploads\/2025\/09\/Regulamin-NI-09_2025.pdf'><img src='https:\/\/zs3.rybnik.pl\/www\/wp-content\/plugins\/attachment-file-icons\/mime\/pdf-icon.png'\/><\/a><\/div><div class='afi-document-link'><a href=\"https:\/\/zs3.rybnik.pl\/www\/wp-content\/uploads\/2025\/09\/Regulamin-NI-09_2025.pdf\" target=\"_blank\" rel=\"noreferrer noopener\">Regulamin Nauczania Indywidualnego w Zespole Szk\u00f3\u0142 nr 3 w Rybniku<\/a><\/div><\/div><div class='afi-clear'><\/div><\/div>\n","protected":false},"excerpt":{"rendered":"<p>Statut Zespo\u0142u Szk\u00f3\u0142 nr 3 Program Wychowawczo &#8211; Profilaktyczny 2025\/2026 Zarz\u0105dzenie nr 16 Dyrektora ZS3 Rybnik Obowi\u0105zki ucznia Obowi\u0105zki rodzica ZASADY ZDALNEGO NAUCZANIA ZASADY ZDALNEGO NAUCZANIA &#8211; AKTUALIZACJA z dn. 16.11.2020r. ZASADY ZDALNEGO NAUCZANIA &#8211; EDUKACJA WCZESNOSZKOLNA<\/p>\n","protected":false},"author":1,"featured_media":0,"parent":79,"menu_order":0,"comment_status":"closed","ping_status":"closed","template":"","meta":{"ngg_post_thumbnail":0},"_links":{"self":[{"href":"https:\/\/zs3.rybnik.pl\/www\/wp-json\/wp\/v2\/pages\/85"}],"collection":[{"href":"https:\/\/zs3.rybnik.pl\/www\/wp-json\/wp\/v2\/pages"}],"about":[{"href":"https:\/\/zs3.rybnik.pl\/www\/wp-json\/wp\/v2\/types\/page"}],"author":[{"embeddable":true,"href":"https:\/\/zs3.rybnik.pl\/www\/wp-json\/wp\/v2\/users\/1"}],"replies":[{"embeddable":true,"href":"https:\/\/zs3.rybnik.pl\/www\/wp-json\/wp\/v2\/comments?post=85"}],"version-history":[{"count":69,"href":"https:\/\/zs3.rybnik.pl\/www\/wp-json\/wp\/v2\/pages\/85\/revisions"}],"predecessor-version":[{"id":19533,"href":"https:\/\/zs3.rybnik.pl\/www\/wp-json\/wp\/v2\/pages\/85\/revisions\/19533"}],"up":[{"embeddable":true,"href":"https:\/\/zs3.rybnik.pl\/www\/wp-json\/wp\/v2\/pages\/79"}],"wp:attachment":[{"href":"https:\/\/zs3.rybnik.pl\/www\/wp-json\/wp\/v2\/media?parent=85"}],"curies":[{"name":"wp","href":"https:\/\/api.w.org\/{rel}","templated":true}]}}