{"id":8553,"date":"2019-10-15T09:35:59","date_gmt":"2019-10-15T07:35:59","guid":{"rendered":"http:\/\/zs3.rybnik.pl\/www\/?page_id=8553"},"modified":"2019-10-15T11:03:43","modified_gmt":"2019-10-15T09:03:43","slug":"20192020-2","status":"publish","type":"page","link":"https:\/\/zs3.rybnik.pl\/www\/20192020-2\/","title":{"rendered":"2019\/2020"},"content":{"rendered":"<div class=\"ngg-albumoverview\">\n            <div class=\"ngg-album-compact\">\n            <div class=\"ngg-album-compactbox\">\n                <div class=\"ngg-album-link\">\n                                        <a title='Dzie\u0144 j\u0119zyk\u00f3w obcych 2019'\n                       href='https:\/\/zs3.rybnik.pl\/www\/20192020-2\/nggallery\/7-20192020\/Dzie\u0144-j\u0119zyk\u00f3w-obcych-2019'>\n                        <img class=\"Thumb\"\n                             alt=\"Dzie\u0144 j\u0119zyk\u00f3w obcych 2019\"\n                             src=\"https:\/\/zs3.rybnik.pl\/www\/wp-content\/gallery\/dzien-jezykow-obcych-2019\/cache\/DSC_4769.JPG-nggid042172-ngg0dyn-91x68-00f0w010c011r110f110r010t010.JPG\"\/>\n                    <\/a>\n                                    <\/div>\n            <\/div>\n                        <h4>\n                <a class='ngg-album-desc' title='Dzie\u0144 j\u0119zyk\u00f3w obcych 2019'\n                       href='https:\/\/zs3.rybnik.pl\/www\/20192020-2\/nggallery\/7-20192020\/Dzie\u0144-j\u0119zyk\u00f3w-obcych-2019'style=\"max-width: 111px\">Dzie\u0144 j\u0119zyk\u00f3w obcych 2019<\/a>\n            <\/h4>\n            <p class=\"ngg-album-gallery-image-counter\">\n                                    <strong>17<\/strong>&nbsp;Zdj\u0119\u0107                            <\/p>\n        <\/div>\n            <div class=\"ngg-album-compact\">\n            <div class=\"ngg-album-compactbox\">\n                <div class=\"ngg-album-link\">\n                                        <a title='Jesienny_plener_fot2019'\n                       href='https:\/\/zs3.rybnik.pl\/www\/20192020-2\/nggallery\/7-20192020\/Jesienny_plener_fot2019'>\n                        <img class=\"Thumb\"\n                             alt=\"Jesienny_plener_fot2019\"\n                             src=\"https:\/\/zs3.rybnik.pl\/www\/wp-content\/gallery\/jesienny_plener_fot2019\/cache\/1.jpg-nggid042193-ngg0dyn-91x68-00f0w010c011r110f110r010t010.jpg\"\/>\n                    <\/a>\n                                    <\/div>\n            <\/div>\n                        <h4>\n                <a class='ngg-album-desc' title='Jesienny_plener_fot2019'\n                       href='https:\/\/zs3.rybnik.pl\/www\/20192020-2\/nggallery\/7-20192020\/Jesienny_plener_fot2019'style=\"max-width: 111px\">Jesienny_plener_fot2019<\/a>\n            <\/h4>\n            <p class=\"ngg-album-gallery-image-counter\">\n                                    <strong>20<\/strong>&nbsp;Zdj\u0119\u0107                            <\/p>\n        <\/div>\n            <div class=\"ngg-album-compact\">\n            <div class=\"ngg-album-compactbox\">\n                <div class=\"ngg-album-link\">\n                                        <a title='DzJO_2019'\n                       href='https:\/\/zs3.rybnik.pl\/www\/20192020-2\/nggallery\/7-20192020\/DzJO_2019'>\n                        <img class=\"Thumb\"\n                             alt=\"DzJO_2019\"\n                             src=\"https:\/\/zs3.rybnik.pl\/www\/wp-content\/gallery\/dzjo_2019\/cache\/Dz_JO_07.jpg-nggid042220-ngg0dyn-91x68-00f0w010c011r110f110r010t010.jpg\"\/>\n                    <\/a>\n                                    <\/div>\n            <\/div>\n                        <h4>\n                <a class='ngg-album-desc' title='DzJO_2019'\n                       href='https:\/\/zs3.rybnik.pl\/www\/20192020-2\/nggallery\/7-20192020\/DzJO_2019'style=\"max-width: 111px\">DzJO_2019<\/a>\n            <\/h4>\n            <p class=\"ngg-album-gallery-image-counter\">\n                                    <strong>7<\/strong>&nbsp;Zdj\u0119\u0107                            <\/p>\n        <\/div>\n            <div class=\"ngg-album-compact\">\n            <div class=\"ngg-album-compactbox\">\n                <div class=\"ngg-album-link\">\n                                        <a title='Wycieczka_klasLO_Zabrze'\n                       href='https:\/\/zs3.rybnik.pl\/www\/20192020-2\/nggallery\/7-20192020\/Wycieczka_klasLO_Zabrze'>\n                        <img class=\"Thumb\"\n                             alt=\"Wycieczka_klasLO_Zabrze\"\n                             src=\"https:\/\/zs3.rybnik.pl\/www\/wp-content\/gallery\/wycieczka_klaslo_zabrze\/cache\/DSC_4767-1.JPG-nggid042285-ngg0dyn-91x68-00f0w010c011r110f110r010t010.JPG\"\/>\n                    <\/a>\n                                    <\/div>\n            <\/div>\n                        <h4>\n                <a class='ngg-album-desc' title='Wycieczka_klasLO_Zabrze'\n                       href='https:\/\/zs3.rybnik.pl\/www\/20192020-2\/nggallery\/7-20192020\/Wycieczka_klasLO_Zabrze'style=\"max-width: 111px\">Wycieczka_klasLO_Zabrze<\/a>\n            <\/h4>\n            <p class=\"ngg-album-gallery-image-counter\">\n                                    <strong>13<\/strong>&nbsp;Zdj\u0119\u0107                            <\/p>\n        <\/div>\n            <div class=\"ngg-album-compact\">\n            <div class=\"ngg-album-compactbox\">\n                <div class=\"ngg-album-link\">\n                                        <a title='Szkolny \u015aledzik 2020'\n                       href='https:\/\/zs3.rybnik.pl\/www\/20192020-2\/nggallery\/7-20192020\/Szkolny-\u015aledzik-2020'>\n                        <img class=\"Thumb\"\n                             alt=\"Szkolny \u015aledzik 2020\"\n                             src=\"https:\/\/zs3.rybnik.pl\/www\/wp-content\/gallery\/szkolny-sledzik-2020\/cache\/1.jpg-nggid042398-ngg0dyn-91x68-00f0w010c011r110f110r010t010.jpg\"\/>\n                    <\/a>\n                                    <\/div>\n            <\/div>\n                        <h4>\n                <a class='ngg-album-desc' title='Szkolny \u015aledzik 2020'\n                       href='https:\/\/zs3.rybnik.pl\/www\/20192020-2\/nggallery\/7-20192020\/Szkolny-\u015aledzik-2020'style=\"max-width: 111px\">Szkolny \u015aledzik 2020<\/a>\n            <\/h4>\n            <p class=\"ngg-album-gallery-image-counter\">\n                                    <strong>72<\/strong>&nbsp;Zdj\u0119\u0107                            <\/p>\n        <\/div>\n        <br class=\"ngg-clear\"\/>\n    <div class='ngg-clear'><\/div><\/div>\n\n","protected":false},"excerpt":{"rendered":"","protected":false},"author":7,"featured_media":0,"parent":0,"menu_order":0,"comment_status":"closed","ping_status":"closed","template":"","meta":{"ngg_post_thumbnail":0},"_links":{"self":[{"href":"https:\/\/zs3.rybnik.pl\/www\/wp-json\/wp\/v2\/pages\/8553"}],"collection":[{"href":"https:\/\/zs3.rybnik.pl\/www\/wp-json\/wp\/v2\/pages"}],"about":[{"href":"https:\/\/zs3.rybnik.pl\/www\/wp-json\/wp\/v2\/types\/page"}],"author":[{"embeddable":true,"href":"https:\/\/zs3.rybnik.pl\/www\/wp-json\/wp\/v2\/users\/7"}],"replies":[{"embeddable":true,"href":"https:\/\/zs3.rybnik.pl\/www\/wp-json\/wp\/v2\/comments?post=8553"}],"version-history":[{"count":2,"href":"https:\/\/zs3.rybnik.pl\/www\/wp-json\/wp\/v2\/pages\/8553\/revisions"}],"predecessor-version":[{"id":8605,"href":"https:\/\/zs3.rybnik.pl\/www\/wp-json\/wp\/v2\/pages\/8553\/revisions\/8605"}],"wp:attachment":[{"href":"https:\/\/zs3.rybnik.pl\/www\/wp-json\/wp\/v2\/media?parent=8553"}],"curies":[{"name":"wp","href":"https:\/\/api.w.org\/{rel}","templated":true}]}}