{"id":963,"date":"2017-03-13T08:39:25","date_gmt":"2017-03-13T07:39:25","guid":{"rendered":"http:\/\/zs3.rybnik.pl\/www\/?page_id=963"},"modified":"2017-03-13T08:45:34","modified_gmt":"2017-03-13T07:45:34","slug":"przydatne-linki","status":"publish","type":"page","link":"https:\/\/zs3.rybnik.pl\/www\/przydatne-linki\/","title":{"rendered":"Przydatne linki"},"content":{"rendered":"<p><strong>DYSLEKSJA:<\/strong><br \/>\n<br \/>\n<a href=\"http:\/\/www.ptd.edu.pl\">Polskie Towarzystwo Dyslekcji<\/a><br \/>\n<br \/>\n<a href=\"http:\/\/www.psdlux.org\/o-dysleksji\/cechy-dyslektykow.html\">Przewodnik dla rodzic\u00f3w dzieci z dysleksj\u0105<\/a><br \/>\n<br \/>\n<a href=\"http:\/\/www.psdlux.org\/o-dysleksji\/cechy-dyslektykow.html\">Cechy dyslektyk\u00f3w<\/a><br \/>\n<br \/>\n<strong>UZALE\u017bNIENIA<\/strong>:<br \/>\n<br \/>\n<a href=\"http:\/\/www.psdlux.org\/o-dysleksji\/cechy-dyslektykow.html\">Wsp\u00f3\u0142czesne uzale\u017cnienia m\u0142odzie\u017cy<\/a><br \/>\n<br \/>\n<strong>POMOC<\/strong>:<br \/>\n<br \/>\n<div class='afi-document'><div class='afi-document-icon'><a href='http:\/\/www.slaskie.pl\/zalaczniki\/2016\/12\/14\/1384348437\/1481700048.pdf'><img src='https:\/\/zs3.rybnik.pl\/www\/wp-content\/plugins\/attachment-file-icons\/mime\/pdf-icon.png'\/><\/a><\/div><div class='afi-document-link'><a href=\"http:\/\/www.slaskie.pl\/zalaczniki\/2016\/12\/14\/1384348437\/1481700048.pdf\"><em>\u201eDost\u0119pne Formy Opieki Zdrowotnej, Pomocy Spo\u0142ecznej i Aktywizacji Zawodowej dla Os\u00f3b z Zaburzeniami Psychicznymi w Wojew\u00f3dztwie \u015al\u0105skim\u201d<\/em> opracowane przez Urz\u0105d Marsza\u0142kowski Wojew\u00f3dztwa \u015al\u0105skiego<\/a><\/div><\/div><div class='afi-clear'><\/div><br \/>\n<br \/>\n<strong>DORADZTWO ZAWODOWE:<\/strong><br \/>\n<br \/>\n<a href=\"http:\/\/www.e-zamek.pl\/\">http:\/\/www.e-zamek.pl\/<\/a>&nbsp;<br \/>\n<br \/>\n<a href=\"https:\/\/www.kariera.pl\/banners\/infographic\/\">https:\/\/www.kariera.pl\/banners\/infographic\/<\/a><\/p>\n","protected":false},"excerpt":{"rendered":"<p>DYSLEKSJA: Polskie Towarzystwo Dyslekcji Przewodnik dla rodzic\u00f3w dzieci z dysleksj\u0105 Cechy dyslektyk\u00f3w UZALE\u017bNIENIA: Wsp\u00f3\u0142czesne uzale\u017cnienia m\u0142odzie\u017cy POMOC: \u201eDost\u0119pne Formy Opieki Zdrowotnej, Pomocy Spo\u0142ecznej i Aktywizacji Zawodowej dla Os\u00f3b z Zaburzeniami Psychicznymi w Wojew\u00f3dztwie \u015al\u0105skim\u201d opracowane przez Urz\u0105d Marsza\u0142kowski Wojew\u00f3dztwa \u015al\u0105skiego [&hellip;]<\/p>\n","protected":false},"author":1,"featured_media":0,"parent":0,"menu_order":0,"comment_status":"closed","ping_status":"closed","template":"","meta":{"ngg_post_thumbnail":0},"_links":{"self":[{"href":"https:\/\/zs3.rybnik.pl\/www\/wp-json\/wp\/v2\/pages\/963"}],"collection":[{"href":"https:\/\/zs3.rybnik.pl\/www\/wp-json\/wp\/v2\/pages"}],"about":[{"href":"https:\/\/zs3.rybnik.pl\/www\/wp-json\/wp\/v2\/types\/page"}],"author":[{"embeddable":true,"href":"https:\/\/zs3.rybnik.pl\/www\/wp-json\/wp\/v2\/users\/1"}],"replies":[{"embeddable":true,"href":"https:\/\/zs3.rybnik.pl\/www\/wp-json\/wp\/v2\/comments?post=963"}],"version-history":[{"count":11,"href":"https:\/\/zs3.rybnik.pl\/www\/wp-json\/wp\/v2\/pages\/963\/revisions"}],"predecessor-version":[{"id":977,"href":"https:\/\/zs3.rybnik.pl\/www\/wp-json\/wp\/v2\/pages\/963\/revisions\/977"}],"wp:attachment":[{"href":"https:\/\/zs3.rybnik.pl\/www\/wp-json\/wp\/v2\/media?parent=963"}],"curies":[{"name":"wp","href":"https:\/\/api.w.org\/{rel}","templated":true}]}}